{"id":7267,"date":"2026-04-15T14:10:12","date_gmt":"2026-04-15T12:10:12","guid":{"rendered":"https:\/\/gardeon.hu\/shop\/?post_type=product&#038;p=7267"},"modified":"2026-04-15T14:10:14","modified_gmt":"2026-04-15T12:10:14","slug":"szerszamtarto-rendszer-5-tarto","status":"publish","type":"product","link":"https:\/\/gardeon.hu\/shop\/produkt\/szerszamtarto-rendszer-5-tarto\/","title":{"rendered":"Szersz\u00e1mtart\u00f3 rendszer | 5 tart\u00f3"},"content":{"rendered":"<p><strong>A csomag tartalma:<\/strong> 0,75 m hossz\u00fa tart\u00f3profil (csavarokkal \u00e9s d\u00fcbelekkel egy\u00fctt), univerz\u00e1lis szersz\u00e1mtart\u00f3 \u2013 5 db<br \/>\n<b>Az univerz\u00e1lis szersz\u00e1mtart\u00f3 teherb\u00edr\u00e1sa:<\/b> 10 kg<br \/>\n<b>Maxim\u00e1lis terhel\u00e9s:<\/b> 40 kg\/1 m tart\u00f3profil<\/p>\n<hr \/>\n<p class=\"p1\">Univerz\u00e1lis szersz\u00e1mtart\u00f3 rendszer\u00fcnk praktikus, helytakar\u00e9kos \u00e9s egyben megfizethet\u0151 megold\u00e1st k\u00edn\u00e1l, amely egyszer\u0171en felszerelhet\u0151. Ott j\u00f6n j\u00f3l, ahol \u00fcgyesen ki kell haszn\u00e1lni a helyet, \u00e9s a k\u00fcl\u00f6nf\u00e9le t\u00e1rgyakat \u00e1ttekinthet\u0151en \u00e9s rendszerezve kell t\u00e1rolni. A felf\u00fcggesztett rendszer seg\u00edts\u00e9g\u00e9vel egyszer\u0171en \u00e9s gyorsan rendezheti be a k\u00fcl\u00f6nb\u00f6z\u0151 tereket \u2013 gar\u00e1zst, kerti h\u00e1zik\u00f3t, pinc\u00e9t, m\u0171helyt stb.<\/p>\n<p class=\"p1\">A tart\u00f3l\u00e9cek, univerz\u00e1lis tart\u00f3k \u00e9s kamp\u00f3k k\u00fcl\u00f6n-k\u00fcl\u00f6n vagy praktikus, kedvez\u0151 \u00e1r\u00fa k\u00e9szletekben is megv\u00e1s\u00e1rolhat\u00f3k. \u00cdgy pontosan az egy\u00e9ni ig\u00e9nyeinek megfelel\u0151 t\u00e1rol\u00f3helyet alak\u00edthat ki.<\/p>\n<p>\u00a0<\/p>\n","protected":false},"excerpt":{"rendered":"<p class=\"p1\"><b>Szersz\u00e1mfelf\u00fcggeszt\u0151 rendszer \u2013 0,75 m hossz\u00fa tart\u00f3l\u00e9ccel \u00e9s \u00f6t univerz\u00e1lis tart\u00f3val.<br \/>\n<\/b><b><\/b>A felf\u00fcggeszt\u0151 rendszer szinte mindenf\u00e9le fa-, ac\u00e9l- \u00e9s m\u0171anyag t\u00e1rgyat, valamint 0\u201350 mm \u00e1tm\u00e9r\u0151j\u0171, szab\u00e1lytalan alak\u00fa t\u00e1rgyakat is biztons\u00e1gosan r\u00f6gz\u00edt.<\/p>\n<p class=\"p1\">\u00cdgy minden sz\u00fcks\u00e9ges eszk\u00f6z \u2013 a gerebly\u00e9kt\u0151l \u00e9s \u00e1s\u00f3kt\u00f3l kezdve a f\u0171r\u00e9szekig \u00e9s balt\u00e1kig \u2013 rendezett \u00e9s \u00e1ttekinthet\u0151 m\u00f3don, k\u00e9zn\u00e9l lesz.<\/p>\n","protected":false},"featured_media":5480,"template":"","meta":{"_acf_changed":false,"inline_featured_image":false},"product_brand":[],"product_cat":[2464,2467],"product_tag":[],"class_list":{"0":"post-7267","1":"product","2":"type-product","3":"status-publish","4":"has-post-thumbnail","6":"product_cat-kiegeszitok-es-tartozekok","7":"product_cat-zavesne-systemy","8":"product_shipping_class-kurier-do-3-kg","10":"first","11":"instock","12":"sale","13":"taxable","14":"shipping-taxable","15":"purchasable","16":"product-type-simple"},"acf":[],"yoast_head":"<!-- This site is optimized with the Yoast SEO plugin v27.4 - https:\/\/yoast.com\/product\/yoast-seo-wordpress\/ -->\n<title>Szersz\u00e1mtart\u00f3 rendszer | 5 tart\u00f3 | Gardeon e-shop<\/title>\n<meta name=\"robots\" content=\"index, follow, max-snippet:-1, max-image-preview:large, max-video-preview:-1\" \/>\n<link rel=\"canonical\" href=\"https:\/\/gardeon.hu\/shop\/produkt\/szerszamtarto-rendszer-5-tarto\/\" \/>\n<meta property=\"og:locale\" content=\"hu_HU\" \/>\n<meta property=\"og:type\" content=\"article\" \/>\n<meta property=\"og:title\" content=\"Szersz\u00e1mtart\u00f3 rendszer | 5 tart\u00f3 | Gardeon e-shop\" \/>\n<meta property=\"og:description\" content=\"Szersz\u00e1mfelf\u00fcggeszt\u0151 rendszer \u2013 0,75 m hossz\u00fa tart\u00f3l\u00e9ccel \u00e9s \u00f6t univerz\u00e1lis tart\u00f3val. A felf\u00fcggeszt\u0151 rendszer szinte mindenf\u00e9le fa-, ac\u00e9l- \u00e9s m\u0171anyag t\u00e1rgyat, valamint 0\u201350 mm \u00e1tm\u00e9r\u0151j\u0171, szab\u00e1lytalan alak\u00fa t\u00e1rgyakat is biztons\u00e1gosan r\u00f6gz\u00edt. \u00cdgy minden sz\u00fcks\u00e9ges eszk\u00f6z \u2013 a gerebly\u00e9kt\u0151l \u00e9s \u00e1s\u00f3kt\u00f3l kezdve a f\u0171r\u00e9szekig \u00e9s balt\u00e1kig \u2013 rendezett \u00e9s \u00e1ttekinthet\u0151 m\u00f3don, k\u00e9zn\u00e9l lesz.\" \/>\n<meta property=\"og:url\" content=\"https:\/\/gardeon.hu\/shop\/produkt\/szerszamtarto-rendszer-5-tarto\/\" \/>\n<meta property=\"og:site_name\" content=\"Gardeon e-shop\" \/>\n<meta property=\"article:modified_time\" content=\"2026-04-15T12:10:14+00:00\" \/>\n<meta property=\"og:image\" content=\"https:\/\/gardeon.hu\/shop\/wp-content\/uploads\/2020\/11\/gardeon-zavesny-system-5-drziakov-1-scaled.webp\" \/>\n\t<meta property=\"og:image:width\" content=\"2560\" \/>\n\t<meta property=\"og:image:height\" content=\"1439\" \/>\n\t<meta property=\"og:image:type\" content=\"image\/webp\" \/>\n<meta name=\"twitter:card\" content=\"summary_large_image\" \/>\n<meta name=\"twitter:label1\" content=\"Becs\u00fclt olvas\u00e1si id\u0151\" \/>\n\t<meta name=\"twitter:data1\" content=\"1 perc\" \/>\n<script type=\"application\/ld+json\" class=\"yoast-schema-graph\">{\"@context\":\"https:\\\/\\\/schema.org\",\"@graph\":[{\"@type\":\"WebPage\",\"@id\":\"https:\\\/\\\/gardeon.hu\\\/shop\\\/produkt\\\/szerszamtarto-rendszer-5-tarto\\\/\",\"url\":\"https:\\\/\\\/gardeon.hu\\\/shop\\\/produkt\\\/szerszamtarto-rendszer-5-tarto\\\/\",\"name\":\"Szersz\u00e1mtart\u00f3 rendszer | 5 tart\u00f3 | Gardeon e-shop\",\"isPartOf\":{\"@id\":\"https:\\\/\\\/gardeon.hu\\\/shop\\\/#website\"},\"primaryImageOfPage\":{\"@id\":\"https:\\\/\\\/gardeon.hu\\\/shop\\\/produkt\\\/szerszamtarto-rendszer-5-tarto\\\/#primaryimage\"},\"image\":{\"@id\":\"https:\\\/\\\/gardeon.hu\\\/shop\\\/produkt\\\/szerszamtarto-rendszer-5-tarto\\\/#primaryimage\"},\"thumbnailUrl\":\"https:\\\/\\\/gardeon.hu\\\/shop\\\/wp-content\\\/uploads\\\/2020\\\/11\\\/gardeon-zavesny-system-5-drziakov-1-scaled.webp\",\"datePublished\":\"2026-04-15T12:10:12+00:00\",\"dateModified\":\"2026-04-15T12:10:14+00:00\",\"breadcrumb\":{\"@id\":\"https:\\\/\\\/gardeon.hu\\\/shop\\\/produkt\\\/szerszamtarto-rendszer-5-tarto\\\/#breadcrumb\"},\"inLanguage\":\"hu\",\"potentialAction\":[{\"@type\":\"ReadAction\",\"target\":[\"https:\\\/\\\/gardeon.hu\\\/shop\\\/produkt\\\/szerszamtarto-rendszer-5-tarto\\\/\"]}]},{\"@type\":\"ImageObject\",\"inLanguage\":\"hu\",\"@id\":\"https:\\\/\\\/gardeon.hu\\\/shop\\\/produkt\\\/szerszamtarto-rendszer-5-tarto\\\/#primaryimage\",\"url\":\"https:\\\/\\\/gardeon.hu\\\/shop\\\/wp-content\\\/uploads\\\/2020\\\/11\\\/gardeon-zavesny-system-5-drziakov-1-scaled.webp\",\"contentUrl\":\"https:\\\/\\\/gardeon.hu\\\/shop\\\/wp-content\\\/uploads\\\/2020\\\/11\\\/gardeon-zavesny-system-5-drziakov-1-scaled.webp\",\"width\":2560,\"height\":1439,\"caption\":\"Z\u00e1vesn\u00fd syst\u00e9m na n\u00e1radie | 5 dr\u017eiakov\"},{\"@type\":\"BreadcrumbList\",\"@id\":\"https:\\\/\\\/gardeon.hu\\\/shop\\\/produkt\\\/szerszamtarto-rendszer-5-tarto\\\/#breadcrumb\",\"itemListElement\":[{\"@type\":\"ListItem\",\"position\":1,\"name\":\"Online Shop GARDEON\",\"item\":\"https:\\\/\\\/gardeon.at\\\/shop\\\/\"},{\"@type\":\"ListItem\",\"position\":2,\"name\":\"Kieg\u00e9sz\u00edt\u0151k \u00e9s tartoz\u00e9kok\",\"item\":\"https:\\\/\\\/gardeon.hu\\\/shop\\\/product-category\\\/kiegeszitok-es-tartozekok\\\/\"},{\"@type\":\"ListItem\",\"position\":3,\"name\":\"Z\u00e1v\u011bsn\u00e9 syst\u00e9my\",\"item\":\"https:\\\/\\\/gardeon.hu\\\/shop\\\/product-category\\\/kiegeszitok-es-tartozekok\\\/zavesne-systemy\\\/\"},{\"@type\":\"ListItem\",\"position\":4,\"name\":\"Szersz\u00e1mtart\u00f3 rendszer | 5 tart\u00f3\"}]},{\"@type\":\"WebSite\",\"@id\":\"https:\\\/\\\/gardeon.hu\\\/shop\\\/#website\",\"url\":\"https:\\\/\\\/gardeon.hu\\\/shop\\\/\",\"name\":\"Gardeon e-shop\",\"description\":\"\",\"potentialAction\":[{\"@type\":\"SearchAction\",\"target\":{\"@type\":\"EntryPoint\",\"urlTemplate\":\"https:\\\/\\\/gardeon.hu\\\/shop\\\/?s={search_term_string}\"},\"query-input\":{\"@type\":\"PropertyValueSpecification\",\"valueRequired\":true,\"valueName\":\"search_term_string\"}}],\"inLanguage\":\"hu\"}]}<\/script>\n<!-- \/ Yoast SEO plugin. -->","yoast_head_json":{"title":"Szersz\u00e1mtart\u00f3 rendszer | 5 tart\u00f3 | Gardeon e-shop","robots":{"index":"index","follow":"follow","max-snippet":"max-snippet:-1","max-image-preview":"max-image-preview:large","max-video-preview":"max-video-preview:-1"},"canonical":"https:\/\/gardeon.hu\/shop\/produkt\/szerszamtarto-rendszer-5-tarto\/","og_locale":"hu_HU","og_type":"article","og_title":"Szersz\u00e1mtart\u00f3 rendszer | 5 tart\u00f3 | Gardeon e-shop","og_description":"Szersz\u00e1mfelf\u00fcggeszt\u0151 rendszer \u2013 0,75 m hossz\u00fa tart\u00f3l\u00e9ccel \u00e9s \u00f6t univerz\u00e1lis tart\u00f3val. A felf\u00fcggeszt\u0151 rendszer szinte mindenf\u00e9le fa-, ac\u00e9l- \u00e9s m\u0171anyag t\u00e1rgyat, valamint 0\u201350 mm \u00e1tm\u00e9r\u0151j\u0171, szab\u00e1lytalan alak\u00fa t\u00e1rgyakat is biztons\u00e1gosan r\u00f6gz\u00edt. \u00cdgy minden sz\u00fcks\u00e9ges eszk\u00f6z \u2013 a gerebly\u00e9kt\u0151l \u00e9s \u00e1s\u00f3kt\u00f3l kezdve a f\u0171r\u00e9szekig \u00e9s balt\u00e1kig \u2013 rendezett \u00e9s \u00e1ttekinthet\u0151 m\u00f3don, k\u00e9zn\u00e9l lesz.","og_url":"https:\/\/gardeon.hu\/shop\/produkt\/szerszamtarto-rendszer-5-tarto\/","og_site_name":"Gardeon e-shop","article_modified_time":"2026-04-15T12:10:14+00:00","og_image":[{"width":2560,"height":1439,"url":"https:\/\/gardeon.hu\/shop\/wp-content\/uploads\/2020\/11\/gardeon-zavesny-system-5-drziakov-1-scaled.webp","type":"image\/webp"}],"twitter_card":"summary_large_image","twitter_misc":{"Becs\u00fclt olvas\u00e1si id\u0151":"1 perc"},"schema":{"@context":"https:\/\/schema.org","@graph":[{"@type":"WebPage","@id":"https:\/\/gardeon.hu\/shop\/produkt\/szerszamtarto-rendszer-5-tarto\/","url":"https:\/\/gardeon.hu\/shop\/produkt\/szerszamtarto-rendszer-5-tarto\/","name":"Szersz\u00e1mtart\u00f3 rendszer | 5 tart\u00f3 | Gardeon e-shop","isPartOf":{"@id":"https:\/\/gardeon.hu\/shop\/#website"},"primaryImageOfPage":{"@id":"https:\/\/gardeon.hu\/shop\/produkt\/szerszamtarto-rendszer-5-tarto\/#primaryimage"},"image":{"@id":"https:\/\/gardeon.hu\/shop\/produkt\/szerszamtarto-rendszer-5-tarto\/#primaryimage"},"thumbnailUrl":"https:\/\/gardeon.hu\/shop\/wp-content\/uploads\/2020\/11\/gardeon-zavesny-system-5-drziakov-1-scaled.webp","datePublished":"2026-04-15T12:10:12+00:00","dateModified":"2026-04-15T12:10:14+00:00","breadcrumb":{"@id":"https:\/\/gardeon.hu\/shop\/produkt\/szerszamtarto-rendszer-5-tarto\/#breadcrumb"},"inLanguage":"hu","potentialAction":[{"@type":"ReadAction","target":["https:\/\/gardeon.hu\/shop\/produkt\/szerszamtarto-rendszer-5-tarto\/"]}]},{"@type":"ImageObject","inLanguage":"hu","@id":"https:\/\/gardeon.hu\/shop\/produkt\/szerszamtarto-rendszer-5-tarto\/#primaryimage","url":"https:\/\/gardeon.hu\/shop\/wp-content\/uploads\/2020\/11\/gardeon-zavesny-system-5-drziakov-1-scaled.webp","contentUrl":"https:\/\/gardeon.hu\/shop\/wp-content\/uploads\/2020\/11\/gardeon-zavesny-system-5-drziakov-1-scaled.webp","width":2560,"height":1439,"caption":"Z\u00e1vesn\u00fd syst\u00e9m na n\u00e1radie | 5 dr\u017eiakov"},{"@type":"BreadcrumbList","@id":"https:\/\/gardeon.hu\/shop\/produkt\/szerszamtarto-rendszer-5-tarto\/#breadcrumb","itemListElement":[{"@type":"ListItem","position":1,"name":"Online Shop GARDEON","item":"https:\/\/gardeon.at\/shop\/"},{"@type":"ListItem","position":2,"name":"Kieg\u00e9sz\u00edt\u0151k \u00e9s tartoz\u00e9kok","item":"https:\/\/gardeon.hu\/shop\/product-category\/kiegeszitok-es-tartozekok\/"},{"@type":"ListItem","position":3,"name":"Z\u00e1v\u011bsn\u00e9 syst\u00e9my","item":"https:\/\/gardeon.hu\/shop\/product-category\/kiegeszitok-es-tartozekok\/zavesne-systemy\/"},{"@type":"ListItem","position":4,"name":"Szersz\u00e1mtart\u00f3 rendszer | 5 tart\u00f3"}]},{"@type":"WebSite","@id":"https:\/\/gardeon.hu\/shop\/#website","url":"https:\/\/gardeon.hu\/shop\/","name":"Gardeon e-shop","description":"","potentialAction":[{"@type":"SearchAction","target":{"@type":"EntryPoint","urlTemplate":"https:\/\/gardeon.hu\/shop\/?s={search_term_string}"},"query-input":{"@type":"PropertyValueSpecification","valueRequired":true,"valueName":"search_term_string"}}],"inLanguage":"hu"}]}},"pll_sync_post":[],"lang":"hu","translations":{"hu":7267,"sk":3172,"cs":4193,"de-de":4194,"de-at":4797},"_links":{"self":[{"href":"https:\/\/gardeon.hu\/shop\/wp-json\/wp\/v2\/product\/7267","targetHints":{"allow":["GET"]}}],"collection":[{"href":"https:\/\/gardeon.hu\/shop\/wp-json\/wp\/v2\/product"}],"about":[{"href":"https:\/\/gardeon.hu\/shop\/wp-json\/wp\/v2\/types\/product"}],"wp:featuredmedia":[{"embeddable":true,"href":"https:\/\/gardeon.hu\/shop\/wp-json\/wp\/v2\/media\/5480"}],"wp:attachment":[{"href":"https:\/\/gardeon.hu\/shop\/wp-json\/wp\/v2\/media?parent=7267"}],"wp:term":[{"taxonomy":"product_brand","embeddable":true,"href":"https:\/\/gardeon.hu\/shop\/wp-json\/wp\/v2\/product_brand?post=7267"},{"taxonomy":"product_cat","embeddable":true,"href":"https:\/\/gardeon.hu\/shop\/wp-json\/wp\/v2\/product_cat?post=7267"},{"taxonomy":"product_tag","embeddable":true,"href":"https:\/\/gardeon.hu\/shop\/wp-json\/wp\/v2\/product_tag?post=7267"}],"curies":[{"name":"wp","href":"https:\/\/api.w.org\/{rel}","templated":true}]}}