{"id":7251,"date":"2026-04-15T14:10:10","date_gmt":"2026-04-15T12:10:10","guid":{"rendered":"https:\/\/gardeon.hu\/shop\/?post_type=product&#038;p=7251"},"modified":"2026-04-15T14:10:13","modified_gmt":"2026-04-15T12:10:13","slug":"kulonallo-akasztok-2-db","status":"publish","type":"product","link":"https:\/\/gardeon.hu\/shop\/produkt\/kulonallo-akasztok-2-db\/","title":{"rendered":"K\u00fcl\u00f6n\u00e1ll\u00f3 akaszt\u00f3k | 2 db"},"content":{"rendered":"<p><strong>A csomag tartalma: <\/strong>univerz\u00e1lis szersz\u00e1mtart\u00f3 \u2013 2 db<br \/>\n<b>Az univerz\u00e1lis szersz\u00e1mtart\u00f3 teherb\u00edr\u00e1sa:<\/b> 10 kg<br \/>\n<strong>S\u00faly: <\/strong>216 g<br \/>\n<b>Anyag:<\/b> <span class=\"s1\">ac\u00e9l,<\/span> m\u0171anyag<br \/>\n<b>Sz\u00edn: <\/b>sz\u00fcrke, fekete<br \/>\n<em>N\u00e9metorsz\u00e1gban gy\u00e1rtva.<\/em><\/p>\n<hr \/>\n<p class=\"p1\">Univerz\u00e1lis szersz\u00e1mtart\u00f3 rendszer\u00fcnk praktikus, helytakar\u00e9kos \u00e9s egyben megfizethet\u0151 megold\u00e1s, amely egyszer\u0171en felszerelhet\u0151. Ott j\u00f6n j\u00f3l, ahol \u00fcgyesen ki kell haszn\u00e1lni a helyet, \u00e9s a k\u00fcl\u00f6nf\u00e9le t\u00e1rgyakat \u00e1ttekinthet\u0151en \u00e9s rendszerezve kell t\u00e1rolni. A felf\u00fcggesztett rendszer seg\u00edts\u00e9g\u00e9vel egyszer\u0171en \u00e9s gyorsan rendezheti be a k\u00fcl\u00f6nb\u00f6z\u0151 tereket \u2013 gar\u00e1zst, kerti h\u00e1zik\u00f3t, pinc\u00e9t, m\u0171helyt stb.<\/p>\n<p class=\"p1\">A tart\u00f3l\u00e9cek, univerz\u00e1lis tart\u00f3k \u00e9s kamp\u00f3k k\u00fcl\u00f6n-k\u00fcl\u00f6n vagy praktikus, kedvez\u0151 \u00e1r\u00fa k\u00e9szletekben is megv\u00e1s\u00e1rolhat\u00f3k. \u00cdgy pontosan az egy\u00e9ni ig\u00e9nyeinek megfelel\u0151 t\u00e1rol\u00f3helyet alak\u00edthat ki.<\/p>\n<p>\u00a0<\/p>\n","protected":false},"excerpt":{"rendered":"<p class=\"p1\"><b>Univerz\u00e1lis tart\u00f3k a szersz\u00e1mtart\u00f3 rendszerhez.<br \/>\n<\/b>A tart\u00f3profil nem tartozik a csomaghoz, azt k\u00fcl\u00f6n lehet megv\u00e1s\u00e1rolni.<\/p>\n","protected":false},"featured_media":5488,"template":"","meta":{"_acf_changed":false,"inline_featured_image":false},"product_brand":[],"product_cat":[2464,2467],"product_tag":[],"class_list":{"0":"post-7251","1":"product","2":"type-product","3":"status-publish","4":"has-post-thumbnail","6":"product_cat-kiegeszitok-es-tartozekok","7":"product_cat-zavesne-systemy","8":"product_shipping_class-kurier-do-3-kg","10":"first","11":"instock","12":"sale","13":"taxable","14":"shipping-taxable","15":"purchasable","16":"product-type-simple"},"acf":[],"yoast_head":"<!-- This site is optimized with the Yoast SEO plugin v27.4 - https:\/\/yoast.com\/product\/yoast-seo-wordpress\/ -->\n<title>K\u00fcl\u00f6n\u00e1ll\u00f3 akaszt\u00f3k | 2 db | Gardeon e-shop<\/title>\n<meta name=\"robots\" content=\"index, follow, max-snippet:-1, max-image-preview:large, max-video-preview:-1\" \/>\n<link rel=\"canonical\" href=\"https:\/\/gardeon.hu\/shop\/produkt\/kulonallo-akasztok-2-db\/\" \/>\n<meta property=\"og:locale\" content=\"hu_HU\" \/>\n<meta property=\"og:type\" content=\"article\" \/>\n<meta property=\"og:title\" content=\"K\u00fcl\u00f6n\u00e1ll\u00f3 akaszt\u00f3k | 2 db | Gardeon e-shop\" \/>\n<meta property=\"og:description\" content=\"Univerz\u00e1lis tart\u00f3k a szersz\u00e1mtart\u00f3 rendszerhez. A tart\u00f3profil nem tartozik a csomaghoz, azt k\u00fcl\u00f6n lehet megv\u00e1s\u00e1rolni.\" \/>\n<meta property=\"og:url\" content=\"https:\/\/gardeon.hu\/shop\/produkt\/kulonallo-akasztok-2-db\/\" \/>\n<meta property=\"og:site_name\" content=\"Gardeon e-shop\" \/>\n<meta property=\"article:modified_time\" content=\"2026-04-15T12:10:13+00:00\" \/>\n<meta property=\"og:image\" content=\"https:\/\/gardeon.hu\/shop\/wp-content\/uploads\/2023\/09\/gardeon-samostatne-zavesne-drziaky-1-scaled.webp\" \/>\n\t<meta property=\"og:image:width\" content=\"2560\" \/>\n\t<meta property=\"og:image:height\" content=\"1439\" \/>\n\t<meta property=\"og:image:type\" content=\"image\/webp\" \/>\n<meta name=\"twitter:card\" content=\"summary_large_image\" \/>\n<meta name=\"twitter:label1\" content=\"Becs\u00fclt olvas\u00e1si id\u0151\" \/>\n\t<meta name=\"twitter:data1\" content=\"1 perc\" \/>\n<script type=\"application\/ld+json\" class=\"yoast-schema-graph\">{\"@context\":\"https:\\\/\\\/schema.org\",\"@graph\":[{\"@type\":\"WebPage\",\"@id\":\"https:\\\/\\\/gardeon.hu\\\/shop\\\/produkt\\\/kulonallo-akasztok-2-db\\\/\",\"url\":\"https:\\\/\\\/gardeon.hu\\\/shop\\\/produkt\\\/kulonallo-akasztok-2-db\\\/\",\"name\":\"K\u00fcl\u00f6n\u00e1ll\u00f3 akaszt\u00f3k | 2 db | Gardeon e-shop\",\"isPartOf\":{\"@id\":\"https:\\\/\\\/gardeon.hu\\\/shop\\\/#website\"},\"primaryImageOfPage\":{\"@id\":\"https:\\\/\\\/gardeon.hu\\\/shop\\\/produkt\\\/kulonallo-akasztok-2-db\\\/#primaryimage\"},\"image\":{\"@id\":\"https:\\\/\\\/gardeon.hu\\\/shop\\\/produkt\\\/kulonallo-akasztok-2-db\\\/#primaryimage\"},\"thumbnailUrl\":\"https:\\\/\\\/gardeon.hu\\\/shop\\\/wp-content\\\/uploads\\\/2023\\\/09\\\/gardeon-samostatne-zavesne-drziaky-1-scaled.webp\",\"datePublished\":\"2026-04-15T12:10:10+00:00\",\"dateModified\":\"2026-04-15T12:10:13+00:00\",\"breadcrumb\":{\"@id\":\"https:\\\/\\\/gardeon.hu\\\/shop\\\/produkt\\\/kulonallo-akasztok-2-db\\\/#breadcrumb\"},\"inLanguage\":\"hu\",\"potentialAction\":[{\"@type\":\"ReadAction\",\"target\":[\"https:\\\/\\\/gardeon.hu\\\/shop\\\/produkt\\\/kulonallo-akasztok-2-db\\\/\"]}]},{\"@type\":\"ImageObject\",\"inLanguage\":\"hu\",\"@id\":\"https:\\\/\\\/gardeon.hu\\\/shop\\\/produkt\\\/kulonallo-akasztok-2-db\\\/#primaryimage\",\"url\":\"https:\\\/\\\/gardeon.hu\\\/shop\\\/wp-content\\\/uploads\\\/2023\\\/09\\\/gardeon-samostatne-zavesne-drziaky-1-scaled.webp\",\"contentUrl\":\"https:\\\/\\\/gardeon.hu\\\/shop\\\/wp-content\\\/uploads\\\/2023\\\/09\\\/gardeon-samostatne-zavesne-drziaky-1-scaled.webp\",\"width\":2560,\"height\":1439,\"caption\":\"Samostatn\u00e1 z\u00e1vesn\u00e9 dr\u017eiaky | 2ks\"},{\"@type\":\"BreadcrumbList\",\"@id\":\"https:\\\/\\\/gardeon.hu\\\/shop\\\/produkt\\\/kulonallo-akasztok-2-db\\\/#breadcrumb\",\"itemListElement\":[{\"@type\":\"ListItem\",\"position\":1,\"name\":\"Online Shop GARDEON\",\"item\":\"https:\\\/\\\/gardeon.at\\\/shop\\\/\"},{\"@type\":\"ListItem\",\"position\":2,\"name\":\"Kieg\u00e9sz\u00edt\u0151k \u00e9s tartoz\u00e9kok\",\"item\":\"https:\\\/\\\/gardeon.hu\\\/shop\\\/product-category\\\/kiegeszitok-es-tartozekok\\\/\"},{\"@type\":\"ListItem\",\"position\":3,\"name\":\"Z\u00e1v\u011bsn\u00e9 syst\u00e9my\",\"item\":\"https:\\\/\\\/gardeon.hu\\\/shop\\\/product-category\\\/kiegeszitok-es-tartozekok\\\/zavesne-systemy\\\/\"},{\"@type\":\"ListItem\",\"position\":4,\"name\":\"K\u00fcl\u00f6n\u00e1ll\u00f3 akaszt\u00f3k | 2 db\"}]},{\"@type\":\"WebSite\",\"@id\":\"https:\\\/\\\/gardeon.hu\\\/shop\\\/#website\",\"url\":\"https:\\\/\\\/gardeon.hu\\\/shop\\\/\",\"name\":\"Gardeon e-shop\",\"description\":\"\",\"potentialAction\":[{\"@type\":\"SearchAction\",\"target\":{\"@type\":\"EntryPoint\",\"urlTemplate\":\"https:\\\/\\\/gardeon.hu\\\/shop\\\/?s={search_term_string}\"},\"query-input\":{\"@type\":\"PropertyValueSpecification\",\"valueRequired\":true,\"valueName\":\"search_term_string\"}}],\"inLanguage\":\"hu\"}]}<\/script>\n<!-- \/ Yoast SEO plugin. -->","yoast_head_json":{"title":"K\u00fcl\u00f6n\u00e1ll\u00f3 akaszt\u00f3k | 2 db | Gardeon e-shop","robots":{"index":"index","follow":"follow","max-snippet":"max-snippet:-1","max-image-preview":"max-image-preview:large","max-video-preview":"max-video-preview:-1"},"canonical":"https:\/\/gardeon.hu\/shop\/produkt\/kulonallo-akasztok-2-db\/","og_locale":"hu_HU","og_type":"article","og_title":"K\u00fcl\u00f6n\u00e1ll\u00f3 akaszt\u00f3k | 2 db | Gardeon e-shop","og_description":"Univerz\u00e1lis tart\u00f3k a szersz\u00e1mtart\u00f3 rendszerhez. A tart\u00f3profil nem tartozik a csomaghoz, azt k\u00fcl\u00f6n lehet megv\u00e1s\u00e1rolni.","og_url":"https:\/\/gardeon.hu\/shop\/produkt\/kulonallo-akasztok-2-db\/","og_site_name":"Gardeon e-shop","article_modified_time":"2026-04-15T12:10:13+00:00","og_image":[{"width":2560,"height":1439,"url":"https:\/\/gardeon.hu\/shop\/wp-content\/uploads\/2023\/09\/gardeon-samostatne-zavesne-drziaky-1-scaled.webp","type":"image\/webp"}],"twitter_card":"summary_large_image","twitter_misc":{"Becs\u00fclt olvas\u00e1si id\u0151":"1 perc"},"schema":{"@context":"https:\/\/schema.org","@graph":[{"@type":"WebPage","@id":"https:\/\/gardeon.hu\/shop\/produkt\/kulonallo-akasztok-2-db\/","url":"https:\/\/gardeon.hu\/shop\/produkt\/kulonallo-akasztok-2-db\/","name":"K\u00fcl\u00f6n\u00e1ll\u00f3 akaszt\u00f3k | 2 db | Gardeon e-shop","isPartOf":{"@id":"https:\/\/gardeon.hu\/shop\/#website"},"primaryImageOfPage":{"@id":"https:\/\/gardeon.hu\/shop\/produkt\/kulonallo-akasztok-2-db\/#primaryimage"},"image":{"@id":"https:\/\/gardeon.hu\/shop\/produkt\/kulonallo-akasztok-2-db\/#primaryimage"},"thumbnailUrl":"https:\/\/gardeon.hu\/shop\/wp-content\/uploads\/2023\/09\/gardeon-samostatne-zavesne-drziaky-1-scaled.webp","datePublished":"2026-04-15T12:10:10+00:00","dateModified":"2026-04-15T12:10:13+00:00","breadcrumb":{"@id":"https:\/\/gardeon.hu\/shop\/produkt\/kulonallo-akasztok-2-db\/#breadcrumb"},"inLanguage":"hu","potentialAction":[{"@type":"ReadAction","target":["https:\/\/gardeon.hu\/shop\/produkt\/kulonallo-akasztok-2-db\/"]}]},{"@type":"ImageObject","inLanguage":"hu","@id":"https:\/\/gardeon.hu\/shop\/produkt\/kulonallo-akasztok-2-db\/#primaryimage","url":"https:\/\/gardeon.hu\/shop\/wp-content\/uploads\/2023\/09\/gardeon-samostatne-zavesne-drziaky-1-scaled.webp","contentUrl":"https:\/\/gardeon.hu\/shop\/wp-content\/uploads\/2023\/09\/gardeon-samostatne-zavesne-drziaky-1-scaled.webp","width":2560,"height":1439,"caption":"Samostatn\u00e1 z\u00e1vesn\u00e9 dr\u017eiaky | 2ks"},{"@type":"BreadcrumbList","@id":"https:\/\/gardeon.hu\/shop\/produkt\/kulonallo-akasztok-2-db\/#breadcrumb","itemListElement":[{"@type":"ListItem","position":1,"name":"Online Shop GARDEON","item":"https:\/\/gardeon.at\/shop\/"},{"@type":"ListItem","position":2,"name":"Kieg\u00e9sz\u00edt\u0151k \u00e9s tartoz\u00e9kok","item":"https:\/\/gardeon.hu\/shop\/product-category\/kiegeszitok-es-tartozekok\/"},{"@type":"ListItem","position":3,"name":"Z\u00e1v\u011bsn\u00e9 syst\u00e9my","item":"https:\/\/gardeon.hu\/shop\/product-category\/kiegeszitok-es-tartozekok\/zavesne-systemy\/"},{"@type":"ListItem","position":4,"name":"K\u00fcl\u00f6n\u00e1ll\u00f3 akaszt\u00f3k | 2 db"}]},{"@type":"WebSite","@id":"https:\/\/gardeon.hu\/shop\/#website","url":"https:\/\/gardeon.hu\/shop\/","name":"Gardeon e-shop","description":"","potentialAction":[{"@type":"SearchAction","target":{"@type":"EntryPoint","urlTemplate":"https:\/\/gardeon.hu\/shop\/?s={search_term_string}"},"query-input":{"@type":"PropertyValueSpecification","valueRequired":true,"valueName":"search_term_string"}}],"inLanguage":"hu"}]}},"pll_sync_post":[],"lang":"hu","translations":{"hu":7251,"sk":3176,"cs":4185,"de-de":4186,"de-at":4793},"_links":{"self":[{"href":"https:\/\/gardeon.hu\/shop\/wp-json\/wp\/v2\/product\/7251","targetHints":{"allow":["GET"]}}],"collection":[{"href":"https:\/\/gardeon.hu\/shop\/wp-json\/wp\/v2\/product"}],"about":[{"href":"https:\/\/gardeon.hu\/shop\/wp-json\/wp\/v2\/types\/product"}],"wp:featuredmedia":[{"embeddable":true,"href":"https:\/\/gardeon.hu\/shop\/wp-json\/wp\/v2\/media\/5488"}],"wp:attachment":[{"href":"https:\/\/gardeon.hu\/shop\/wp-json\/wp\/v2\/media?parent=7251"}],"wp:term":[{"taxonomy":"product_brand","embeddable":true,"href":"https:\/\/gardeon.hu\/shop\/wp-json\/wp\/v2\/product_brand?post=7251"},{"taxonomy":"product_cat","embeddable":true,"href":"https:\/\/gardeon.hu\/shop\/wp-json\/wp\/v2\/product_cat?post=7251"},{"taxonomy":"product_tag","embeddable":true,"href":"https:\/\/gardeon.hu\/shop\/wp-json\/wp\/v2\/product_tag?post=7251"}],"curies":[{"name":"wp","href":"https:\/\/api.w.org\/{rel}","templated":true}]}}