{"id":7232,"date":"2026-04-15T14:09:48","date_gmt":"2026-04-15T12:09:48","guid":{"rendered":"https:\/\/gardeon.hu\/shop\/?post_type=product&#038;p=7232"},"modified":"2026-04-15T14:09:49","modified_gmt":"2026-04-15T12:09:49","slug":"acd-prestige-piccolo-4-uveghaz","status":"publish","type":"product","link":"https:\/\/gardeon.hu\/shop\/produkt\/acd-prestige-piccolo-4-uveghaz\/","title":{"rendered":"ACD Prestige Piccolo 4 \u00fcvegh\u00e1z"},"content":{"rendered":"<div class=\"page\" title=\"Page 1\">\n<div class=\"section\">\n<div class=\"layoutArea\">\n<div class=\"column\">\n<p><strong>A kerti \u00fcvegh\u00e1z jellemz\u0151i<\/strong><\/p>\n<\/div>\n<div class=\"page\" title=\"Page 1\">\n<div class=\"section\">\n<div class=\"layoutArea\">\n<div class=\"column\">\n<p>&gt; A piac legjobb term\u00e9ke<\/p>\n<p>&gt; Kiv\u00e1l\u00f3 min\u0151s\u00e9g\u0171, diz\u00e1jnos kivitelez\u00e9s<\/p>\n<p>&gt; A t\u00f6ltel\u00e9k 7-szer vastagabb, mint a hagyom\u00e1nyos \u00fcvegh\u00e1z\u00fcvegek\u00e9<\/p>\n<p>&gt; 4 mm vastag biztons\u00e1gi \u00fcveg<\/p>\n<p>&gt; Robusztus alum\u00ednium szerkezet<\/p>\n<p>&gt; 12 \u00e9v garancia minden gy\u00e1rt\u00e1si \u00e9s anyaghib\u00e1ra<\/p>\n<p><strong>Sz\u00edn:<\/strong> antracit<\/p>\n<p><strong>Kieg\u00e9sz\u00edt\u0151k:<\/strong> rovarh\u00e1l\u00f3 ajt\u00f3, felny\u00edl\u00f3 ablak, alum\u00ednium lefoly\u00f3cs\u00f6vek, univerz\u00e1lis munkaasztal (71,50 x 52,00 cm)<\/p>\n<p><strong>M\u00e9retek:<\/strong><\/p>\n<p>Sz\u00e9less\u00e9g: 1,59 m                    Hossz\u00fas\u00e1g: 2,98 m                    Bels\u0151 magass\u00e1g: 2,19 m<\/p>\n<p>Gy\u00e1rt\u00e1si hely: Belgium.<\/p>\n<p>\u00a0<\/p>\n<\/div>\n<\/div>\n<\/div>\n<\/div>\n<\/div>\n<\/div>\n<\/div>\n","protected":false},"excerpt":{"rendered":"<p>Az ACD Belgium Piccolo \u00fcvegh\u00e1z egy diz\u00e1jnos \u00fcvegh\u00e1z, a legmagasabb el\u00e9rhet\u0151 min\u0151s\u00e9gben. A massz\u00edv alum\u00edniumprofilokb\u00f3l k\u00e9sz\u00fclt szerkezetet 4 mm vastags\u00e1g\u00fa biztons\u00e1gi \u00fcvegekkel szerelt\u00e9k fel. A biztons\u00e1gi \u00fcveg megfelel az EU EN 12150 szabv\u00e1nynak. Az \u00fcveg 7-szer vastagabb, mint a hagyom\u00e1nyos \u00fcvegh\u00e1zi \u00fcvegek. T\u00f6r\u00e9s eset\u00e9n az aut\u00f3\u00fcvegekhez hasonl\u00f3an \u00e1rtalmatlan darabokra hullik sz\u00e9t. Az \u00fcvegh\u00e1z gy\u00e1rt\u00e1sa sor\u00e1n minden r\u00e9szletre nagy hangs\u00falyt fektetnek, ez\u00e9rt az ACD gy\u00e1rt\u00f3 12 \u00e9v garanci\u00e1t v\u00e1llal minden gy\u00e1rt\u00e1si \u00e9s anyaghib\u00e1ra. Az \u00fcvegez\u0151 l\u00e9cekben tal\u00e1lhat\u00f3 t\u00f6m\u00edt\u00e9sek kiv\u00e1l\u00f3 v\u00edz- \u00e9s l\u00e9gz\u00e1r\u00e1st biztos\u00edtanak.<\/p>\n","protected":false},"featured_media":3251,"template":"","meta":{"_acf_changed":false,"inline_featured_image":false},"product_brand":[],"product_cat":[2464,2678],"product_tag":[],"class_list":{"0":"post-7232","1":"product","2":"type-product","3":"status-publish","4":"has-post-thumbnail","6":"product_cat-kiegeszitok-es-tartozekok","7":"product_cat-uveghazak","8":"product_shipping_class-kurier-do-30-kg","10":"first","11":"instock","12":"taxable","13":"shipping-taxable","14":"purchasable","15":"product-type-simple"},"acf":[],"yoast_head":"<!-- This site is optimized with the Yoast SEO plugin v27.4 - https:\/\/yoast.com\/product\/yoast-seo-wordpress\/ -->\n<title>ACD Prestige Piccolo 4 \u00fcvegh\u00e1z - Gardeon e-shop<\/title>\n<meta name=\"robots\" content=\"index, follow, max-snippet:-1, max-image-preview:large, max-video-preview:-1\" \/>\n<link rel=\"canonical\" href=\"https:\/\/gardeon.hu\/shop\/produkt\/acd-prestige-piccolo-4-uveghaz\/\" \/>\n<meta property=\"og:locale\" content=\"hu_HU\" \/>\n<meta property=\"og:type\" content=\"article\" \/>\n<meta property=\"og:title\" content=\"ACD Prestige Piccolo 4 \u00fcvegh\u00e1z - Gardeon e-shop\" \/>\n<meta property=\"og:description\" content=\"Az ACD Belgium Piccolo \u00fcvegh\u00e1z egy diz\u00e1jnos \u00fcvegh\u00e1z, a legmagasabb el\u00e9rhet\u0151 min\u0151s\u00e9gben. A massz\u00edv alum\u00edniumprofilokb\u00f3l k\u00e9sz\u00fclt szerkezetet 4 mm vastags\u00e1g\u00fa biztons\u00e1gi \u00fcvegekkel szerelt\u00e9k fel. A biztons\u00e1gi \u00fcveg megfelel az EU EN 12150 szabv\u00e1nynak. Az \u00fcveg 7-szer vastagabb, mint a hagyom\u00e1nyos \u00fcvegh\u00e1zi \u00fcvegek. T\u00f6r\u00e9s eset\u00e9n az aut\u00f3\u00fcvegekhez hasonl\u00f3an \u00e1rtalmatlan darabokra hullik sz\u00e9t. Az \u00fcvegh\u00e1z gy\u00e1rt\u00e1sa sor\u00e1n minden r\u00e9szletre nagy hangs\u00falyt fektetnek, ez\u00e9rt az ACD gy\u00e1rt\u00f3 12 \u00e9v garanci\u00e1t v\u00e1llal minden gy\u00e1rt\u00e1si \u00e9s anyaghib\u00e1ra. Az \u00fcvegez\u0151 l\u00e9cekben tal\u00e1lhat\u00f3 t\u00f6m\u00edt\u00e9sek kiv\u00e1l\u00f3 v\u00edz- \u00e9s l\u00e9gz\u00e1r\u00e1st biztos\u00edtanak.\" \/>\n<meta property=\"og:url\" content=\"https:\/\/gardeon.hu\/shop\/produkt\/acd-prestige-piccolo-4-uveghaz\/\" \/>\n<meta property=\"og:site_name\" content=\"Gardeon e-shop\" \/>\n<meta property=\"article:modified_time\" content=\"2026-04-15T12:09:49+00:00\" \/>\n<meta property=\"og:image\" content=\"https:\/\/gardeon.hu\/shop\/wp-content\/uploads\/2020\/11\/Sni\u0301mka-obrazovky-2020-11-27-o-14.13.32.png\" \/>\n\t<meta property=\"og:image:width\" content=\"840\" \/>\n\t<meta property=\"og:image:height\" content=\"786\" \/>\n\t<meta property=\"og:image:type\" content=\"image\/png\" \/>\n<meta name=\"twitter:card\" content=\"summary_large_image\" \/>\n<meta name=\"twitter:label1\" content=\"Becs\u00fclt olvas\u00e1si id\u0151\" \/>\n\t<meta name=\"twitter:data1\" content=\"1 perc\" \/>\n<script type=\"application\/ld+json\" class=\"yoast-schema-graph\">{\"@context\":\"https:\\\/\\\/schema.org\",\"@graph\":[{\"@type\":\"WebPage\",\"@id\":\"https:\\\/\\\/gardeon.hu\\\/shop\\\/produkt\\\/acd-prestige-piccolo-4-uveghaz\\\/\",\"url\":\"https:\\\/\\\/gardeon.hu\\\/shop\\\/produkt\\\/acd-prestige-piccolo-4-uveghaz\\\/\",\"name\":\"ACD Prestige Piccolo 4 \u00fcvegh\u00e1z - Gardeon e-shop\",\"isPartOf\":{\"@id\":\"https:\\\/\\\/gardeon.hu\\\/shop\\\/#website\"},\"primaryImageOfPage\":{\"@id\":\"https:\\\/\\\/gardeon.hu\\\/shop\\\/produkt\\\/acd-prestige-piccolo-4-uveghaz\\\/#primaryimage\"},\"image\":{\"@id\":\"https:\\\/\\\/gardeon.hu\\\/shop\\\/produkt\\\/acd-prestige-piccolo-4-uveghaz\\\/#primaryimage\"},\"thumbnailUrl\":\"https:\\\/\\\/gardeon.hu\\\/shop\\\/wp-content\\\/uploads\\\/2020\\\/11\\\/Sni\u0301mka-obrazovky-2020-11-27-o-14.13.32.png\",\"datePublished\":\"2026-04-15T12:09:48+00:00\",\"dateModified\":\"2026-04-15T12:09:49+00:00\",\"breadcrumb\":{\"@id\":\"https:\\\/\\\/gardeon.hu\\\/shop\\\/produkt\\\/acd-prestige-piccolo-4-uveghaz\\\/#breadcrumb\"},\"inLanguage\":\"hu\",\"potentialAction\":[{\"@type\":\"ReadAction\",\"target\":[\"https:\\\/\\\/gardeon.hu\\\/shop\\\/produkt\\\/acd-prestige-piccolo-4-uveghaz\\\/\"]}]},{\"@type\":\"ImageObject\",\"inLanguage\":\"hu\",\"@id\":\"https:\\\/\\\/gardeon.hu\\\/shop\\\/produkt\\\/acd-prestige-piccolo-4-uveghaz\\\/#primaryimage\",\"url\":\"https:\\\/\\\/gardeon.hu\\\/shop\\\/wp-content\\\/uploads\\\/2020\\\/11\\\/Sni\u0301mka-obrazovky-2020-11-27-o-14.13.32.png\",\"contentUrl\":\"https:\\\/\\\/gardeon.hu\\\/shop\\\/wp-content\\\/uploads\\\/2020\\\/11\\\/Sni\u0301mka-obrazovky-2020-11-27-o-14.13.32.png\",\"width\":840,\"height\":786},{\"@type\":\"BreadcrumbList\",\"@id\":\"https:\\\/\\\/gardeon.hu\\\/shop\\\/produkt\\\/acd-prestige-piccolo-4-uveghaz\\\/#breadcrumb\",\"itemListElement\":[{\"@type\":\"ListItem\",\"position\":1,\"name\":\"Online Shop GARDEON\",\"item\":\"https:\\\/\\\/gardeon.at\\\/shop\\\/\"},{\"@type\":\"ListItem\",\"position\":2,\"name\":\"Kieg\u00e9sz\u00edt\u0151k \u00e9s tartoz\u00e9kok\",\"item\":\"https:\\\/\\\/gardeon.hu\\\/shop\\\/product-category\\\/kiegeszitok-es-tartozekok\\\/\"},{\"@type\":\"ListItem\",\"position\":3,\"name\":\"\u00dcvegh\u00e1zak\",\"item\":\"https:\\\/\\\/gardeon.hu\\\/shop\\\/product-category\\\/kiegeszitok-es-tartozekok\\\/uveghazak\\\/\"},{\"@type\":\"ListItem\",\"position\":4,\"name\":\"ACD Prestige Piccolo 4 \u00fcvegh\u00e1z\"}]},{\"@type\":\"WebSite\",\"@id\":\"https:\\\/\\\/gardeon.hu\\\/shop\\\/#website\",\"url\":\"https:\\\/\\\/gardeon.hu\\\/shop\\\/\",\"name\":\"Gardeon e-shop\",\"description\":\"\",\"potentialAction\":[{\"@type\":\"SearchAction\",\"target\":{\"@type\":\"EntryPoint\",\"urlTemplate\":\"https:\\\/\\\/gardeon.hu\\\/shop\\\/?s={search_term_string}\"},\"query-input\":{\"@type\":\"PropertyValueSpecification\",\"valueRequired\":true,\"valueName\":\"search_term_string\"}}],\"inLanguage\":\"hu\"}]}<\/script>\n<!-- \/ Yoast SEO plugin. -->","yoast_head_json":{"title":"ACD Prestige Piccolo 4 \u00fcvegh\u00e1z - Gardeon e-shop","robots":{"index":"index","follow":"follow","max-snippet":"max-snippet:-1","max-image-preview":"max-image-preview:large","max-video-preview":"max-video-preview:-1"},"canonical":"https:\/\/gardeon.hu\/shop\/produkt\/acd-prestige-piccolo-4-uveghaz\/","og_locale":"hu_HU","og_type":"article","og_title":"ACD Prestige Piccolo 4 \u00fcvegh\u00e1z - Gardeon e-shop","og_description":"Az ACD Belgium Piccolo \u00fcvegh\u00e1z egy diz\u00e1jnos \u00fcvegh\u00e1z, a legmagasabb el\u00e9rhet\u0151 min\u0151s\u00e9gben. A massz\u00edv alum\u00edniumprofilokb\u00f3l k\u00e9sz\u00fclt szerkezetet 4 mm vastags\u00e1g\u00fa biztons\u00e1gi \u00fcvegekkel szerelt\u00e9k fel. A biztons\u00e1gi \u00fcveg megfelel az EU EN 12150 szabv\u00e1nynak. Az \u00fcveg 7-szer vastagabb, mint a hagyom\u00e1nyos \u00fcvegh\u00e1zi \u00fcvegek. T\u00f6r\u00e9s eset\u00e9n az aut\u00f3\u00fcvegekhez hasonl\u00f3an \u00e1rtalmatlan darabokra hullik sz\u00e9t. Az \u00fcvegh\u00e1z gy\u00e1rt\u00e1sa sor\u00e1n minden r\u00e9szletre nagy hangs\u00falyt fektetnek, ez\u00e9rt az ACD gy\u00e1rt\u00f3 12 \u00e9v garanci\u00e1t v\u00e1llal minden gy\u00e1rt\u00e1si \u00e9s anyaghib\u00e1ra. Az \u00fcvegez\u0151 l\u00e9cekben tal\u00e1lhat\u00f3 t\u00f6m\u00edt\u00e9sek kiv\u00e1l\u00f3 v\u00edz- \u00e9s l\u00e9gz\u00e1r\u00e1st biztos\u00edtanak.","og_url":"https:\/\/gardeon.hu\/shop\/produkt\/acd-prestige-piccolo-4-uveghaz\/","og_site_name":"Gardeon e-shop","article_modified_time":"2026-04-15T12:09:49+00:00","og_image":[{"width":840,"height":786,"url":"https:\/\/gardeon.hu\/shop\/wp-content\/uploads\/2020\/11\/Sni\u0301mka-obrazovky-2020-11-27-o-14.13.32.png","type":"image\/png"}],"twitter_card":"summary_large_image","twitter_misc":{"Becs\u00fclt olvas\u00e1si id\u0151":"1 perc"},"schema":{"@context":"https:\/\/schema.org","@graph":[{"@type":"WebPage","@id":"https:\/\/gardeon.hu\/shop\/produkt\/acd-prestige-piccolo-4-uveghaz\/","url":"https:\/\/gardeon.hu\/shop\/produkt\/acd-prestige-piccolo-4-uveghaz\/","name":"ACD Prestige Piccolo 4 \u00fcvegh\u00e1z - Gardeon e-shop","isPartOf":{"@id":"https:\/\/gardeon.hu\/shop\/#website"},"primaryImageOfPage":{"@id":"https:\/\/gardeon.hu\/shop\/produkt\/acd-prestige-piccolo-4-uveghaz\/#primaryimage"},"image":{"@id":"https:\/\/gardeon.hu\/shop\/produkt\/acd-prestige-piccolo-4-uveghaz\/#primaryimage"},"thumbnailUrl":"https:\/\/gardeon.hu\/shop\/wp-content\/uploads\/2020\/11\/Sni\u0301mka-obrazovky-2020-11-27-o-14.13.32.png","datePublished":"2026-04-15T12:09:48+00:00","dateModified":"2026-04-15T12:09:49+00:00","breadcrumb":{"@id":"https:\/\/gardeon.hu\/shop\/produkt\/acd-prestige-piccolo-4-uveghaz\/#breadcrumb"},"inLanguage":"hu","potentialAction":[{"@type":"ReadAction","target":["https:\/\/gardeon.hu\/shop\/produkt\/acd-prestige-piccolo-4-uveghaz\/"]}]},{"@type":"ImageObject","inLanguage":"hu","@id":"https:\/\/gardeon.hu\/shop\/produkt\/acd-prestige-piccolo-4-uveghaz\/#primaryimage","url":"https:\/\/gardeon.hu\/shop\/wp-content\/uploads\/2020\/11\/Sni\u0301mka-obrazovky-2020-11-27-o-14.13.32.png","contentUrl":"https:\/\/gardeon.hu\/shop\/wp-content\/uploads\/2020\/11\/Sni\u0301mka-obrazovky-2020-11-27-o-14.13.32.png","width":840,"height":786},{"@type":"BreadcrumbList","@id":"https:\/\/gardeon.hu\/shop\/produkt\/acd-prestige-piccolo-4-uveghaz\/#breadcrumb","itemListElement":[{"@type":"ListItem","position":1,"name":"Online Shop GARDEON","item":"https:\/\/gardeon.at\/shop\/"},{"@type":"ListItem","position":2,"name":"Kieg\u00e9sz\u00edt\u0151k \u00e9s tartoz\u00e9kok","item":"https:\/\/gardeon.hu\/shop\/product-category\/kiegeszitok-es-tartozekok\/"},{"@type":"ListItem","position":3,"name":"\u00dcvegh\u00e1zak","item":"https:\/\/gardeon.hu\/shop\/product-category\/kiegeszitok-es-tartozekok\/uveghazak\/"},{"@type":"ListItem","position":4,"name":"ACD Prestige Piccolo 4 \u00fcvegh\u00e1z"}]},{"@type":"WebSite","@id":"https:\/\/gardeon.hu\/shop\/#website","url":"https:\/\/gardeon.hu\/shop\/","name":"Gardeon e-shop","description":"","potentialAction":[{"@type":"SearchAction","target":{"@type":"EntryPoint","urlTemplate":"https:\/\/gardeon.hu\/shop\/?s={search_term_string}"},"query-input":{"@type":"PropertyValueSpecification","valueRequired":true,"valueName":"search_term_string"}}],"inLanguage":"hu"}]}},"pll_sync_post":[],"lang":"hu","translations":{"hu":7232,"sk":3196,"cs":4173,"de-de":4174},"_links":{"self":[{"href":"https:\/\/gardeon.hu\/shop\/wp-json\/wp\/v2\/product\/7232","targetHints":{"allow":["GET"]}}],"collection":[{"href":"https:\/\/gardeon.hu\/shop\/wp-json\/wp\/v2\/product"}],"about":[{"href":"https:\/\/gardeon.hu\/shop\/wp-json\/wp\/v2\/types\/product"}],"wp:featuredmedia":[{"embeddable":true,"href":"https:\/\/gardeon.hu\/shop\/wp-json\/wp\/v2\/media\/3251"}],"wp:attachment":[{"href":"https:\/\/gardeon.hu\/shop\/wp-json\/wp\/v2\/media?parent=7232"}],"wp:term":[{"taxonomy":"product_brand","embeddable":true,"href":"https:\/\/gardeon.hu\/shop\/wp-json\/wp\/v2\/product_brand?post=7232"},{"taxonomy":"product_cat","embeddable":true,"href":"https:\/\/gardeon.hu\/shop\/wp-json\/wp\/v2\/product_cat?post=7232"},{"taxonomy":"product_tag","embeddable":true,"href":"https:\/\/gardeon.hu\/shop\/wp-json\/wp\/v2\/product_tag?post=7232"}],"curies":[{"name":"wp","href":"https:\/\/api.w.org\/{rel}","templated":true}]}}