{"id":7225,"date":"2026-04-15T14:09:47","date_gmt":"2026-04-15T12:09:47","guid":{"rendered":"https:\/\/gardeon.hu\/shop\/?post_type=product&#038;p=7225"},"modified":"2026-04-15T14:09:54","modified_gmt":"2026-04-15T12:09:54","slug":"hormann-lpu42-premium-hoszigetelt-acelajto-1000-x-2000-mm","status":"publish","type":"product","link":"https:\/\/gardeon.hu\/shop\/produkt\/hormann-lpu42-premium-hoszigetelt-acelajto-1000-x-2000-mm\/","title":{"rendered":"H\u00f6rmann LPU42 pr\u00e9mium h\u0151szigetelt ac\u00e9lajt\u00f3 | 1000 \u00d7 2000 mm"},"content":{"rendered":"<p>\u2013  ig\u00e9nyes v\u00e1s\u00e1rl\u00f3knak k\u00e9sz\u00fcltek. A k\u00f6vetkez\u0151 sz\u00ednv\u00e1ltozatokban kaphat\u00f3k: <i>feh\u00e9r, feh\u00e9r alum\u00ednium, antracit, arany\/s\u00f6t\u00e9t t\u00f6lgy, barna.<\/i><\/p>\n<h3>Szabv\u00e1nyos m\u00e9retek:<\/h3>\n<ul>\n<li><i>875 \u00d7 2000 mm<\/i><\/li>\n<li><i>1000 \u00d7 2000 mm<\/i><\/li>\n<\/ul>\n<h3>Nyit\u00e1s:<\/h3>\n<ul>\n<li><i>jobb<\/i> <i>\u2013 <\/i>a zsan\u00e9rok a jobb oldalon vannak<\/li>\n<li><i>balra \u2013 <\/i>a zsan\u00e9rok a bal oldalon vannak (fel\u00e1r ellen\u00e9ben)<\/li>\n<\/ul>\n<p>Minden ajt\u00f3 kifel\u00e9 ny\u00edlik!<\/p>\n<h3>Ajt\u00f3profilok:<\/h3>\n<ul>\n<li><i>M profil \u2013 <\/i>8 lamella (az \u00e1rban benne van)<\/li>\n<li><i>L profil \u2013 <\/i>4 lamella (fel\u00e1r ellen\u00e9ben)<\/li>\n<\/ul>\n","protected":false},"excerpt":{"rendered":"<p>\u2013 ig\u00e9nyes v\u00e1s\u00e1rl\u00f3knak k\u00e9sz\u00fcltek. A k\u00f6vetkez\u0151 sz\u00ednv\u00e1ltozatokban kaphat\u00f3k: feh\u00e9r, feh\u00e9r alum\u00ednium, antracit, arany\/s\u00f6t\u00e9t t\u00f6lgy, barna. Szabv\u00e1nyos m\u00e9retek: 875 \u00d7 2000<\/p>\n","protected":false},"featured_media":3364,"template":"","meta":{"_acf_changed":false,"inline_featured_image":false},"product_brand":[],"product_cat":[2613],"product_tag":[],"class_list":{"0":"post-7225","1":"product","2":"type-product","3":"status-publish","4":"has-post-thumbnail","6":"product_cat-ajto","7":"product_shipping_class-kurier-do-30-kg","9":"first","10":"instock","11":"taxable","12":"shipping-taxable","13":"purchasable","14":"product-type-variable"},"acf":[],"yoast_head":"<!-- This site is optimized with the Yoast SEO plugin v27.4 - https:\/\/yoast.com\/product\/yoast-seo-wordpress\/ -->\n<title>H\u00f6rmann LPU42 pr\u00e9mium h\u0151szigetelt ac\u00e9lajt\u00f3 | 1000 \u00d7 2000 mm | Gardeon e-shop<\/title>\n<meta name=\"robots\" content=\"index, follow, max-snippet:-1, max-image-preview:large, max-video-preview:-1\" \/>\n<link rel=\"canonical\" href=\"https:\/\/gardeon.hu\/shop\/produkt\/hormann-lpu42-premium-hoszigetelt-acelajto-1000-x-2000-mm\/\" \/>\n<meta property=\"og:locale\" content=\"hu_HU\" \/>\n<meta property=\"og:type\" content=\"article\" \/>\n<meta property=\"og:title\" content=\"H\u00f6rmann LPU42 pr\u00e9mium h\u0151szigetelt ac\u00e9lajt\u00f3 | 1000 \u00d7 2000 mm | Gardeon e-shop\" \/>\n<meta property=\"og:description\" content=\"\u2013 ig\u00e9nyes v\u00e1s\u00e1rl\u00f3knak k\u00e9sz\u00fcltek. A k\u00f6vetkez\u0151 sz\u00ednv\u00e1ltozatokban kaphat\u00f3k: feh\u00e9r, feh\u00e9r alum\u00ednium, antracit, arany\/s\u00f6t\u00e9t t\u00f6lgy, barna. Szabv\u00e1nyos m\u00e9retek: 875 \u00d7 2000\" \/>\n<meta property=\"og:url\" content=\"https:\/\/gardeon.hu\/shop\/produkt\/hormann-lpu42-premium-hoszigetelt-acelajto-1000-x-2000-mm\/\" \/>\n<meta property=\"og:site_name\" content=\"Gardeon e-shop\" \/>\n<meta property=\"article:modified_time\" content=\"2026-04-15T12:09:54+00:00\" \/>\n<meta property=\"og:image\" content=\"https:\/\/gardeon.hu\/shop\/wp-content\/uploads\/2021\/07\/GARDEON-dvere-zelene-1.png\" \/>\n\t<meta property=\"og:image:width\" content=\"1748\" \/>\n\t<meta property=\"og:image:height\" content=\"2480\" \/>\n\t<meta property=\"og:image:type\" content=\"image\/png\" \/>\n<meta name=\"twitter:card\" content=\"summary_large_image\" \/>\n<meta name=\"twitter:label1\" content=\"Becs\u00fclt olvas\u00e1si id\u0151\" \/>\n\t<meta name=\"twitter:data1\" content=\"1 perc\" \/>\n<script type=\"application\/ld+json\" class=\"yoast-schema-graph\">{\"@context\":\"https:\\\/\\\/schema.org\",\"@graph\":[{\"@type\":\"WebPage\",\"@id\":\"https:\\\/\\\/gardeon.hu\\\/shop\\\/produkt\\\/hormann-lpu42-premium-hoszigetelt-acelajto-1000-x-2000-mm\\\/\",\"url\":\"https:\\\/\\\/gardeon.hu\\\/shop\\\/produkt\\\/hormann-lpu42-premium-hoszigetelt-acelajto-1000-x-2000-mm\\\/\",\"name\":\"H\u00f6rmann LPU42 pr\u00e9mium h\u0151szigetelt ac\u00e9lajt\u00f3 | 1000 \u00d7 2000 mm | Gardeon e-shop\",\"isPartOf\":{\"@id\":\"https:\\\/\\\/gardeon.hu\\\/shop\\\/#website\"},\"primaryImageOfPage\":{\"@id\":\"https:\\\/\\\/gardeon.hu\\\/shop\\\/produkt\\\/hormann-lpu42-premium-hoszigetelt-acelajto-1000-x-2000-mm\\\/#primaryimage\"},\"image\":{\"@id\":\"https:\\\/\\\/gardeon.hu\\\/shop\\\/produkt\\\/hormann-lpu42-premium-hoszigetelt-acelajto-1000-x-2000-mm\\\/#primaryimage\"},\"thumbnailUrl\":\"https:\\\/\\\/gardeon.hu\\\/shop\\\/wp-content\\\/uploads\\\/2021\\\/07\\\/GARDEON-dvere-zelene-1.png\",\"datePublished\":\"2026-04-15T12:09:47+00:00\",\"dateModified\":\"2026-04-15T12:09:54+00:00\",\"breadcrumb\":{\"@id\":\"https:\\\/\\\/gardeon.hu\\\/shop\\\/produkt\\\/hormann-lpu42-premium-hoszigetelt-acelajto-1000-x-2000-mm\\\/#breadcrumb\"},\"inLanguage\":\"hu\",\"potentialAction\":[{\"@type\":\"ReadAction\",\"target\":[\"https:\\\/\\\/gardeon.hu\\\/shop\\\/produkt\\\/hormann-lpu42-premium-hoszigetelt-acelajto-1000-x-2000-mm\\\/\"]}]},{\"@type\":\"ImageObject\",\"inLanguage\":\"hu\",\"@id\":\"https:\\\/\\\/gardeon.hu\\\/shop\\\/produkt\\\/hormann-lpu42-premium-hoszigetelt-acelajto-1000-x-2000-mm\\\/#primaryimage\",\"url\":\"https:\\\/\\\/gardeon.hu\\\/shop\\\/wp-content\\\/uploads\\\/2021\\\/07\\\/GARDEON-dvere-zelene-1.png\",\"contentUrl\":\"https:\\\/\\\/gardeon.hu\\\/shop\\\/wp-content\\\/uploads\\\/2021\\\/07\\\/GARDEON-dvere-zelene-1.png\",\"width\":1748,\"height\":2480},{\"@type\":\"BreadcrumbList\",\"@id\":\"https:\\\/\\\/gardeon.hu\\\/shop\\\/produkt\\\/hormann-lpu42-premium-hoszigetelt-acelajto-1000-x-2000-mm\\\/#breadcrumb\",\"itemListElement\":[{\"@type\":\"ListItem\",\"position\":1,\"name\":\"Online Shop GARDEON\",\"item\":\"https:\\\/\\\/gardeon.at\\\/shop\\\/\"},{\"@type\":\"ListItem\",\"position\":2,\"name\":\"Kieg\u00e9sz\u00edt\u0151k \u00e9s tartoz\u00e9kok\",\"item\":\"https:\\\/\\\/gardeon.hu\\\/shop\\\/product-category\\\/kiegeszitok-es-tartozekok\\\/\"},{\"@type\":\"ListItem\",\"position\":3,\"name\":\"Ajt\u00f3\",\"item\":\"https:\\\/\\\/gardeon.hu\\\/shop\\\/product-category\\\/kiegeszitok-es-tartozekok\\\/ajto\\\/\"},{\"@type\":\"ListItem\",\"position\":4,\"name\":\"H\u00f6rmann LPU42 pr\u00e9mium h\u0151szigetelt ac\u00e9lajt\u00f3 | 1000 \u00d7 2000 mm\"}]},{\"@type\":\"WebSite\",\"@id\":\"https:\\\/\\\/gardeon.hu\\\/shop\\\/#website\",\"url\":\"https:\\\/\\\/gardeon.hu\\\/shop\\\/\",\"name\":\"Gardeon e-shop\",\"description\":\"\",\"potentialAction\":[{\"@type\":\"SearchAction\",\"target\":{\"@type\":\"EntryPoint\",\"urlTemplate\":\"https:\\\/\\\/gardeon.hu\\\/shop\\\/?s={search_term_string}\"},\"query-input\":{\"@type\":\"PropertyValueSpecification\",\"valueRequired\":true,\"valueName\":\"search_term_string\"}}],\"inLanguage\":\"hu\"}]}<\/script>\n<!-- \/ Yoast SEO plugin. -->","yoast_head_json":{"title":"H\u00f6rmann LPU42 pr\u00e9mium h\u0151szigetelt ac\u00e9lajt\u00f3 | 1000 \u00d7 2000 mm | Gardeon e-shop","robots":{"index":"index","follow":"follow","max-snippet":"max-snippet:-1","max-image-preview":"max-image-preview:large","max-video-preview":"max-video-preview:-1"},"canonical":"https:\/\/gardeon.hu\/shop\/produkt\/hormann-lpu42-premium-hoszigetelt-acelajto-1000-x-2000-mm\/","og_locale":"hu_HU","og_type":"article","og_title":"H\u00f6rmann LPU42 pr\u00e9mium h\u0151szigetelt ac\u00e9lajt\u00f3 | 1000 \u00d7 2000 mm | Gardeon e-shop","og_description":"\u2013 ig\u00e9nyes v\u00e1s\u00e1rl\u00f3knak k\u00e9sz\u00fcltek. A k\u00f6vetkez\u0151 sz\u00ednv\u00e1ltozatokban kaphat\u00f3k: feh\u00e9r, feh\u00e9r alum\u00ednium, antracit, arany\/s\u00f6t\u00e9t t\u00f6lgy, barna. Szabv\u00e1nyos m\u00e9retek: 875 \u00d7 2000","og_url":"https:\/\/gardeon.hu\/shop\/produkt\/hormann-lpu42-premium-hoszigetelt-acelajto-1000-x-2000-mm\/","og_site_name":"Gardeon e-shop","article_modified_time":"2026-04-15T12:09:54+00:00","og_image":[{"width":1748,"height":2480,"url":"https:\/\/gardeon.hu\/shop\/wp-content\/uploads\/2021\/07\/GARDEON-dvere-zelene-1.png","type":"image\/png"}],"twitter_card":"summary_large_image","twitter_misc":{"Becs\u00fclt olvas\u00e1si id\u0151":"1 perc"},"schema":{"@context":"https:\/\/schema.org","@graph":[{"@type":"WebPage","@id":"https:\/\/gardeon.hu\/shop\/produkt\/hormann-lpu42-premium-hoszigetelt-acelajto-1000-x-2000-mm\/","url":"https:\/\/gardeon.hu\/shop\/produkt\/hormann-lpu42-premium-hoszigetelt-acelajto-1000-x-2000-mm\/","name":"H\u00f6rmann LPU42 pr\u00e9mium h\u0151szigetelt ac\u00e9lajt\u00f3 | 1000 \u00d7 2000 mm | Gardeon e-shop","isPartOf":{"@id":"https:\/\/gardeon.hu\/shop\/#website"},"primaryImageOfPage":{"@id":"https:\/\/gardeon.hu\/shop\/produkt\/hormann-lpu42-premium-hoszigetelt-acelajto-1000-x-2000-mm\/#primaryimage"},"image":{"@id":"https:\/\/gardeon.hu\/shop\/produkt\/hormann-lpu42-premium-hoszigetelt-acelajto-1000-x-2000-mm\/#primaryimage"},"thumbnailUrl":"https:\/\/gardeon.hu\/shop\/wp-content\/uploads\/2021\/07\/GARDEON-dvere-zelene-1.png","datePublished":"2026-04-15T12:09:47+00:00","dateModified":"2026-04-15T12:09:54+00:00","breadcrumb":{"@id":"https:\/\/gardeon.hu\/shop\/produkt\/hormann-lpu42-premium-hoszigetelt-acelajto-1000-x-2000-mm\/#breadcrumb"},"inLanguage":"hu","potentialAction":[{"@type":"ReadAction","target":["https:\/\/gardeon.hu\/shop\/produkt\/hormann-lpu42-premium-hoszigetelt-acelajto-1000-x-2000-mm\/"]}]},{"@type":"ImageObject","inLanguage":"hu","@id":"https:\/\/gardeon.hu\/shop\/produkt\/hormann-lpu42-premium-hoszigetelt-acelajto-1000-x-2000-mm\/#primaryimage","url":"https:\/\/gardeon.hu\/shop\/wp-content\/uploads\/2021\/07\/GARDEON-dvere-zelene-1.png","contentUrl":"https:\/\/gardeon.hu\/shop\/wp-content\/uploads\/2021\/07\/GARDEON-dvere-zelene-1.png","width":1748,"height":2480},{"@type":"BreadcrumbList","@id":"https:\/\/gardeon.hu\/shop\/produkt\/hormann-lpu42-premium-hoszigetelt-acelajto-1000-x-2000-mm\/#breadcrumb","itemListElement":[{"@type":"ListItem","position":1,"name":"Online Shop GARDEON","item":"https:\/\/gardeon.at\/shop\/"},{"@type":"ListItem","position":2,"name":"Kieg\u00e9sz\u00edt\u0151k \u00e9s tartoz\u00e9kok","item":"https:\/\/gardeon.hu\/shop\/product-category\/kiegeszitok-es-tartozekok\/"},{"@type":"ListItem","position":3,"name":"Ajt\u00f3","item":"https:\/\/gardeon.hu\/shop\/product-category\/kiegeszitok-es-tartozekok\/ajto\/"},{"@type":"ListItem","position":4,"name":"H\u00f6rmann LPU42 pr\u00e9mium h\u0151szigetelt ac\u00e9lajt\u00f3 | 1000 \u00d7 2000 mm"}]},{"@type":"WebSite","@id":"https:\/\/gardeon.hu\/shop\/#website","url":"https:\/\/gardeon.hu\/shop\/","name":"Gardeon e-shop","description":"","potentialAction":[{"@type":"SearchAction","target":{"@type":"EntryPoint","urlTemplate":"https:\/\/gardeon.hu\/shop\/?s={search_term_string}"},"query-input":{"@type":"PropertyValueSpecification","valueRequired":true,"valueName":"search_term_string"}}],"inLanguage":"hu"}]}},"pll_sync_post":[],"lang":"hu","translations":{"hu":7225,"sk":3390,"cs":4125,"de-de":4149},"_links":{"self":[{"href":"https:\/\/gardeon.hu\/shop\/wp-json\/wp\/v2\/product\/7225","targetHints":{"allow":["GET"]}}],"collection":[{"href":"https:\/\/gardeon.hu\/shop\/wp-json\/wp\/v2\/product"}],"about":[{"href":"https:\/\/gardeon.hu\/shop\/wp-json\/wp\/v2\/types\/product"}],"wp:featuredmedia":[{"embeddable":true,"href":"https:\/\/gardeon.hu\/shop\/wp-json\/wp\/v2\/media\/3364"}],"wp:attachment":[{"href":"https:\/\/gardeon.hu\/shop\/wp-json\/wp\/v2\/media?parent=7225"}],"wp:term":[{"taxonomy":"product_brand","embeddable":true,"href":"https:\/\/gardeon.hu\/shop\/wp-json\/wp\/v2\/product_brand?post=7225"},{"taxonomy":"product_cat","embeddable":true,"href":"https:\/\/gardeon.hu\/shop\/wp-json\/wp\/v2\/product_cat?post=7225"},{"taxonomy":"product_tag","embeddable":true,"href":"https:\/\/gardeon.hu\/shop\/wp-json\/wp\/v2\/product_tag?post=7225"}],"curies":[{"name":"wp","href":"https:\/\/api.w.org\/{rel}","templated":true}]}}