{"id":7208,"date":"2026-04-15T14:08:50","date_gmt":"2026-04-15T12:08:50","guid":{"rendered":"https:\/\/gardeon.hu\/shop\/?post_type=product&#038;p=7208"},"modified":"2026-04-15T14:08:57","modified_gmt":"2026-04-15T12:08:57","slug":"gardeon-ketallasos-garazs-5000-x-6860-mm","status":"publish","type":"product","link":"https:\/\/gardeon.hu\/shop\/produkt\/gardeon-ketallasos-garazs-5000-x-6860-mm\/","title":{"rendered":"GARDEON k\u00e9t\u00e1ll\u00e1sos gar\u00e1zs, 5000 x 6860 mm"},"content":{"rendered":"<p class=\"p1\"><b>Kieg\u00e9sz\u00edt\u0151k:<\/b><\/p>\n<p class=\"p1\">&#8211; LPU42 gar\u00e1zskapu, feh\u00e9r alum\u00ednium, 4000 x 2125 mm + <span class=\"s1\"><b>1390<\/b><\/span> <span class=\"s1\"><b>\u20ac<\/b><\/span><\/p>\n<p>A modern, el\u0151re gy\u00e1rtott ac\u00e9lgar\u00e1zsok els\u0151 r\u00e1n\u00e9z\u00e9sre nem k\u00fcl\u00f6nb\u00f6ztethet\u0151k meg a t\u00e9gla\u00e9p\u00fcletekt\u0151l, azonban a klasszikus t\u00e9gla\u00e9p\u00fcletekkel szemben sz\u00e1mos el\u0151nnyel rendelkeznek.<\/p>\n<p><em>Nagy v\u00e1ltozatoss\u00e1got k\u00edn\u00e1lnak t\u00edpusok \u00e9s m\u00e9retek tekintet\u00e9ben. A kedvez\u0151 \u00e1r \u00e9s a p\u00e9nz\u00fcgyi megtakar\u00edt\u00e1s szint\u00e9n \u00e9rdekes el\u0151nye az el\u0151re gy\u00e1rtott gar\u00e1zsoknak. Alapvet\u0151 szerkezeti elemeik ugyanis a h\u0151galvaniz\u00e1lt fel\u00fclet\u0171, profilozott ac\u00e9llemezb\u0151l k\u00e9sz\u00fclt falak, \u00e9s az ac\u00e9l \u00e1ra l\u00e9nyegesen alacsonyabb, mint m\u00e1s anyagok\u00e9, p\u00e9ld\u00e1ul a beton\u00e9. A helymegtakar\u00edt\u00e1s<\/em> szint\u00e9n az el\u0151re gy\u00e1rtott szerkezetek el\u0151nye. Mivel a meger\u0151s\u00edtett f\u00e9mfalak vastags\u00e1ga mind\u00f6ssze 50 mm, a hagyom\u00e1nyos falazathoz k\u00e9pest a gar\u00e1zs minden oldal\u00e1n legal\u00e1bb 50 cm-t sp\u00f3rolhat. <em>Vonz\u00f3 megjelen\u00e9s\u00fck van<\/em>, amely sz\u00ednben \u00e9s st\u00edlusban egyar\u00e1nt az \u00d6n elk\u00e9pzel\u00e9seihez igazodik. K\u00fcl\u00f6nb\u00f6z\u0151 sz\u00ednek k\u00f6z\u00fcl v\u00e1laszthat a vakolat, a tet\u0151fed\u00e9s \u00e9s a kieg\u00e9sz\u00edt\u0151k tekintet\u00e9ben, valamint v\u00e1laszthat <a href=\"https:\/\/gardeon.sk\/garaze\/pultova-strecha\/\">egyenes<\/a> vagy <a href=\"https:\/\/gardeon.sk\/garaze\/sedlova-strecha\/\">nyeregtet\u0151<\/a> k\u00f6z\u00f6tt is. <em>Az id\u0151megtakar\u00edt\u00e1s<\/em> a szerelt \u00e9p\u00edtm\u00e9nyek tov\u00e1bbi el\u0151nye. Egy egyszer\u0171 gar\u00e1zst ak\u00e1r 6 \u00f3ra alatt fel tudunk \u00e1ll\u00edtani az \u00d6n telk\u00e9n. Az egyetlen, amit meg kell tennie, hogy el\u0151re el\u0151k\u00e9sz\u00edtse a megfelel\u0151 alapot.<\/p>\n<p><em>A fot\u00f3k illusztr\u00e1ci\u00f3s jelleg\u0171ek.<\/em><\/p>\n","protected":false},"excerpt":{"rendered":"<p>Kieg\u00e9sz\u00edt\u0151k: &#8211; LPU42 gar\u00e1zskapu, feh\u00e9r alum\u00ednium, 4000 x 2125 mm + 1390 \u20ac A modern, el\u0151re gy\u00e1rtott ac\u00e9lgar\u00e1zsok els\u0151 r\u00e1n\u00e9z\u00e9sre<\/p>\n","protected":false},"featured_media":3838,"template":"","meta":{"_acf_changed":false,"inline_featured_image":false},"product_brand":[],"product_cat":[2644,2577],"product_tag":[],"class_list":{"0":"post-7208","1":"product","2":"type-product","3":"status-publish","4":"has-post-thumbnail","6":"product_cat-ketallasos-garazsok-2","7":"product_cat-pulttetos-garazsok-2","9":"first","10":"onbackorder","11":"taxable","12":"shipping-taxable","13":"purchasable","14":"product-type-simple"},"acf":[],"yoast_head":"<!-- This site is optimized with the Yoast SEO plugin v27.4 - https:\/\/yoast.com\/product\/yoast-seo-wordpress\/ -->\n<title>5x7 m-es egyaut\u00f3s gar\u00e1zs | GARDEON<\/title>\n<meta name=\"robots\" content=\"index, follow, max-snippet:-1, max-image-preview:large, max-video-preview:-1\" \/>\n<link rel=\"canonical\" href=\"https:\/\/gardeon.hu\/shop\/produkt\/gardeon-ketallasos-garazs-5000-x-6860-mm\/\" \/>\n<meta property=\"og:locale\" content=\"hu_HU\" \/>\n<meta property=\"og:type\" content=\"article\" \/>\n<meta property=\"og:title\" content=\"5x7 m-es egyaut\u00f3s gar\u00e1zs | GARDEON\" \/>\n<meta property=\"og:description\" content=\"Kieg\u00e9sz\u00edt\u0151k: &#8211; LPU42 gar\u00e1zskapu, feh\u00e9r alum\u00ednium, 4000 x 2125 mm + 1390 \u20ac A modern, el\u0151re gy\u00e1rtott ac\u00e9lgar\u00e1zsok els\u0151 r\u00e1n\u00e9z\u00e9sre\" \/>\n<meta property=\"og:url\" content=\"https:\/\/gardeon.hu\/shop\/produkt\/gardeon-ketallasos-garazs-5000-x-6860-mm\/\" \/>\n<meta property=\"og:site_name\" content=\"Gardeon e-shop\" \/>\n<meta property=\"article:modified_time\" content=\"2026-04-15T12:08:57+00:00\" \/>\n<meta property=\"og:image\" content=\"https:\/\/gardeon.hu\/shop\/wp-content\/uploads\/2021\/09\/gardeon-garaz-pre-dve-auta-7.jpg\" \/>\n\t<meta property=\"og:image:width\" content=\"1000\" \/>\n\t<meta property=\"og:image:height\" content=\"667\" \/>\n\t<meta property=\"og:image:type\" content=\"image\/jpeg\" \/>\n<meta name=\"twitter:card\" content=\"summary_large_image\" \/>\n<meta name=\"twitter:label1\" content=\"Becs\u00fclt olvas\u00e1si id\u0151\" \/>\n\t<meta name=\"twitter:data1\" content=\"2 perc\" \/>\n<script type=\"application\/ld+json\" class=\"yoast-schema-graph\">{\"@context\":\"https:\\\/\\\/schema.org\",\"@graph\":[{\"@type\":\"WebPage\",\"@id\":\"https:\\\/\\\/gardeon.hu\\\/shop\\\/produkt\\\/gardeon-ketallasos-garazs-5000-x-6860-mm\\\/\",\"url\":\"https:\\\/\\\/gardeon.hu\\\/shop\\\/produkt\\\/gardeon-ketallasos-garazs-5000-x-6860-mm\\\/\",\"name\":\"5x7 m-es egyaut\u00f3s gar\u00e1zs | GARDEON\",\"isPartOf\":{\"@id\":\"https:\\\/\\\/gardeon.hu\\\/shop\\\/#website\"},\"primaryImageOfPage\":{\"@id\":\"https:\\\/\\\/gardeon.hu\\\/shop\\\/produkt\\\/gardeon-ketallasos-garazs-5000-x-6860-mm\\\/#primaryimage\"},\"image\":{\"@id\":\"https:\\\/\\\/gardeon.hu\\\/shop\\\/produkt\\\/gardeon-ketallasos-garazs-5000-x-6860-mm\\\/#primaryimage\"},\"thumbnailUrl\":\"https:\\\/\\\/gardeon.hu\\\/shop\\\/wp-content\\\/uploads\\\/2021\\\/09\\\/gardeon-garaz-pre-dve-auta-7.jpg\",\"datePublished\":\"2026-04-15T12:08:50+00:00\",\"dateModified\":\"2026-04-15T12:08:57+00:00\",\"breadcrumb\":{\"@id\":\"https:\\\/\\\/gardeon.hu\\\/shop\\\/produkt\\\/gardeon-ketallasos-garazs-5000-x-6860-mm\\\/#breadcrumb\"},\"inLanguage\":\"hu\",\"potentialAction\":[{\"@type\":\"ReadAction\",\"target\":[\"https:\\\/\\\/gardeon.hu\\\/shop\\\/produkt\\\/gardeon-ketallasos-garazs-5000-x-6860-mm\\\/\"]}]},{\"@type\":\"ImageObject\",\"inLanguage\":\"hu\",\"@id\":\"https:\\\/\\\/gardeon.hu\\\/shop\\\/produkt\\\/gardeon-ketallasos-garazs-5000-x-6860-mm\\\/#primaryimage\",\"url\":\"https:\\\/\\\/gardeon.hu\\\/shop\\\/wp-content\\\/uploads\\\/2021\\\/09\\\/gardeon-garaz-pre-dve-auta-7.jpg\",\"contentUrl\":\"https:\\\/\\\/gardeon.hu\\\/shop\\\/wp-content\\\/uploads\\\/2021\\\/09\\\/gardeon-garaz-pre-dve-auta-7.jpg\",\"width\":1000,\"height\":667,\"caption\":\"Dvojgar\u00e1\u017e\"},{\"@type\":\"BreadcrumbList\",\"@id\":\"https:\\\/\\\/gardeon.hu\\\/shop\\\/produkt\\\/gardeon-ketallasos-garazs-5000-x-6860-mm\\\/#breadcrumb\",\"itemListElement\":[{\"@type\":\"ListItem\",\"position\":1,\"name\":\"Online Shop GARDEON\",\"item\":\"https:\\\/\\\/gardeon.at\\\/shop\\\/\"},{\"@type\":\"ListItem\",\"position\":2,\"name\":\"\u00c9p\u00edtkez\u00e9sek megrendel\u00e9sre\",\"item\":\"https:\\\/\\\/gardeon.hu\\\/shop\\\/product-category\\\/epitkezesek-megrendelesre\\\/\"},{\"@type\":\"ListItem\",\"position\":3,\"name\":\"Gar\u00e1zsok\",\"item\":\"https:\\\/\\\/gardeon.hu\\\/shop\\\/product-category\\\/epitkezesek-megrendelesre\\\/garazsok-4\\\/\"},{\"@type\":\"ListItem\",\"position\":4,\"name\":\"K\u00e9t\u00e1ll\u00e1sos gar\u00e1zsok\",\"item\":\"https:\\\/\\\/gardeon.hu\\\/shop\\\/product-category\\\/epitkezesek-megrendelesre\\\/garazsok-4\\\/ketallasos-garazsok-2\\\/\"},{\"@type\":\"ListItem\",\"position\":5,\"name\":\"GARDEON k\u00e9t\u00e1ll\u00e1sos gar\u00e1zs, 5000 x 6860 mm\"}]},{\"@type\":\"WebSite\",\"@id\":\"https:\\\/\\\/gardeon.hu\\\/shop\\\/#website\",\"url\":\"https:\\\/\\\/gardeon.hu\\\/shop\\\/\",\"name\":\"Gardeon e-shop\",\"description\":\"\",\"potentialAction\":[{\"@type\":\"SearchAction\",\"target\":{\"@type\":\"EntryPoint\",\"urlTemplate\":\"https:\\\/\\\/gardeon.hu\\\/shop\\\/?s={search_term_string}\"},\"query-input\":{\"@type\":\"PropertyValueSpecification\",\"valueRequired\":true,\"valueName\":\"search_term_string\"}}],\"inLanguage\":\"hu\"}]}<\/script>\n<!-- \/ Yoast SEO plugin. -->","yoast_head_json":{"title":"5x7 m-es egyaut\u00f3s gar\u00e1zs | GARDEON","robots":{"index":"index","follow":"follow","max-snippet":"max-snippet:-1","max-image-preview":"max-image-preview:large","max-video-preview":"max-video-preview:-1"},"canonical":"https:\/\/gardeon.hu\/shop\/produkt\/gardeon-ketallasos-garazs-5000-x-6860-mm\/","og_locale":"hu_HU","og_type":"article","og_title":"5x7 m-es egyaut\u00f3s gar\u00e1zs | GARDEON","og_description":"Kieg\u00e9sz\u00edt\u0151k: &#8211; LPU42 gar\u00e1zskapu, feh\u00e9r alum\u00ednium, 4000 x 2125 mm + 1390 \u20ac A modern, el\u0151re gy\u00e1rtott ac\u00e9lgar\u00e1zsok els\u0151 r\u00e1n\u00e9z\u00e9sre","og_url":"https:\/\/gardeon.hu\/shop\/produkt\/gardeon-ketallasos-garazs-5000-x-6860-mm\/","og_site_name":"Gardeon e-shop","article_modified_time":"2026-04-15T12:08:57+00:00","og_image":[{"width":1000,"height":667,"url":"https:\/\/gardeon.hu\/shop\/wp-content\/uploads\/2021\/09\/gardeon-garaz-pre-dve-auta-7.jpg","type":"image\/jpeg"}],"twitter_card":"summary_large_image","twitter_misc":{"Becs\u00fclt olvas\u00e1si id\u0151":"2 perc"},"schema":{"@context":"https:\/\/schema.org","@graph":[{"@type":"WebPage","@id":"https:\/\/gardeon.hu\/shop\/produkt\/gardeon-ketallasos-garazs-5000-x-6860-mm\/","url":"https:\/\/gardeon.hu\/shop\/produkt\/gardeon-ketallasos-garazs-5000-x-6860-mm\/","name":"5x7 m-es egyaut\u00f3s gar\u00e1zs | GARDEON","isPartOf":{"@id":"https:\/\/gardeon.hu\/shop\/#website"},"primaryImageOfPage":{"@id":"https:\/\/gardeon.hu\/shop\/produkt\/gardeon-ketallasos-garazs-5000-x-6860-mm\/#primaryimage"},"image":{"@id":"https:\/\/gardeon.hu\/shop\/produkt\/gardeon-ketallasos-garazs-5000-x-6860-mm\/#primaryimage"},"thumbnailUrl":"https:\/\/gardeon.hu\/shop\/wp-content\/uploads\/2021\/09\/gardeon-garaz-pre-dve-auta-7.jpg","datePublished":"2026-04-15T12:08:50+00:00","dateModified":"2026-04-15T12:08:57+00:00","breadcrumb":{"@id":"https:\/\/gardeon.hu\/shop\/produkt\/gardeon-ketallasos-garazs-5000-x-6860-mm\/#breadcrumb"},"inLanguage":"hu","potentialAction":[{"@type":"ReadAction","target":["https:\/\/gardeon.hu\/shop\/produkt\/gardeon-ketallasos-garazs-5000-x-6860-mm\/"]}]},{"@type":"ImageObject","inLanguage":"hu","@id":"https:\/\/gardeon.hu\/shop\/produkt\/gardeon-ketallasos-garazs-5000-x-6860-mm\/#primaryimage","url":"https:\/\/gardeon.hu\/shop\/wp-content\/uploads\/2021\/09\/gardeon-garaz-pre-dve-auta-7.jpg","contentUrl":"https:\/\/gardeon.hu\/shop\/wp-content\/uploads\/2021\/09\/gardeon-garaz-pre-dve-auta-7.jpg","width":1000,"height":667,"caption":"Dvojgar\u00e1\u017e"},{"@type":"BreadcrumbList","@id":"https:\/\/gardeon.hu\/shop\/produkt\/gardeon-ketallasos-garazs-5000-x-6860-mm\/#breadcrumb","itemListElement":[{"@type":"ListItem","position":1,"name":"Online Shop GARDEON","item":"https:\/\/gardeon.at\/shop\/"},{"@type":"ListItem","position":2,"name":"\u00c9p\u00edtkez\u00e9sek megrendel\u00e9sre","item":"https:\/\/gardeon.hu\/shop\/product-category\/epitkezesek-megrendelesre\/"},{"@type":"ListItem","position":3,"name":"Gar\u00e1zsok","item":"https:\/\/gardeon.hu\/shop\/product-category\/epitkezesek-megrendelesre\/garazsok-4\/"},{"@type":"ListItem","position":4,"name":"K\u00e9t\u00e1ll\u00e1sos gar\u00e1zsok","item":"https:\/\/gardeon.hu\/shop\/product-category\/epitkezesek-megrendelesre\/garazsok-4\/ketallasos-garazsok-2\/"},{"@type":"ListItem","position":5,"name":"GARDEON k\u00e9t\u00e1ll\u00e1sos gar\u00e1zs, 5000 x 6860 mm"}]},{"@type":"WebSite","@id":"https:\/\/gardeon.hu\/shop\/#website","url":"https:\/\/gardeon.hu\/shop\/","name":"Gardeon e-shop","description":"","potentialAction":[{"@type":"SearchAction","target":{"@type":"EntryPoint","urlTemplate":"https:\/\/gardeon.hu\/shop\/?s={search_term_string}"},"query-input":{"@type":"PropertyValueSpecification","valueRequired":true,"valueName":"search_term_string"}}],"inLanguage":"hu"}]}},"pll_sync_post":[],"lang":"hu","translations":{"hu":7208,"sk":3668,"cs":4069,"de-de":4070,"de-at":4765},"_links":{"self":[{"href":"https:\/\/gardeon.hu\/shop\/wp-json\/wp\/v2\/product\/7208","targetHints":{"allow":["GET"]}}],"collection":[{"href":"https:\/\/gardeon.hu\/shop\/wp-json\/wp\/v2\/product"}],"about":[{"href":"https:\/\/gardeon.hu\/shop\/wp-json\/wp\/v2\/types\/product"}],"wp:featuredmedia":[{"embeddable":true,"href":"https:\/\/gardeon.hu\/shop\/wp-json\/wp\/v2\/media\/3838"}],"wp:attachment":[{"href":"https:\/\/gardeon.hu\/shop\/wp-json\/wp\/v2\/media?parent=7208"}],"wp:term":[{"taxonomy":"product_brand","embeddable":true,"href":"https:\/\/gardeon.hu\/shop\/wp-json\/wp\/v2\/product_brand?post=7208"},{"taxonomy":"product_cat","embeddable":true,"href":"https:\/\/gardeon.hu\/shop\/wp-json\/wp\/v2\/product_cat?post=7208"},{"taxonomy":"product_tag","embeddable":true,"href":"https:\/\/gardeon.hu\/shop\/wp-json\/wp\/v2\/product_tag?post=7208"}],"curies":[{"name":"wp","href":"https:\/\/api.w.org\/{rel}","templated":true}]}}