{"id":7207,"date":"2026-04-15T14:08:49","date_gmt":"2026-04-15T12:08:49","guid":{"rendered":"https:\/\/gardeon.hu\/shop\/?post_type=product&#038;p=7207"},"modified":"2026-04-15T14:08:56","modified_gmt":"2026-04-15T12:08:56","slug":"gardeon-kerti-haz-2000-x-5000-mm","status":"publish","type":"product","link":"https:\/\/gardeon.hu\/shop\/produkt\/gardeon-kerti-haz-2000-x-5000-mm\/","title":{"rendered":"GARDEON kerti h\u00e1z 2000 x 5000 mm"},"content":{"rendered":"<p class=\"p1\"><b>Kieg\u00e9sz\u00edt\u0151k:<\/b><\/p>\n<p class=\"p1\">&#8211; LPU42 antracit sz\u00edn\u0171 oldals\u00f3 ajt\u00f3 875 x 2000 mm + <span class=\"s1\"><b>650 \u20ac<\/b><\/span><\/p>\n<p class=\"p1\">&#8211; Mennyezeti szigetel\u00e9s + <span class=\"s1\"><b>550<\/b><\/span> <span class=\"s1\"><b>\u20ac<\/b><\/span><\/p>\n<p>A hagyom\u00e1nyos funkcionalit\u00e1s \u00f6tv\u00f6z\u0151dik a modern megjelen\u00e9ssel, a kiv\u00e1l\u00f3 min\u0151s\u00e9g\u0171 anyagokkal \u00e9s a leg\u00fajabb \u00e9p\u00edt\u00e9si technol\u00f3gi\u00e1kkal, mindezt megfizethet\u0151 \u00e1ron \u2013 ez jellemzi a GARDEON el\u0151re gy\u00e1rtott kerti h\u00e1zakat.<\/p>\n<p>A k\u00e9sz vakolattal ell\u00e1tott kerti h\u00e1z egyszer\u0171 \u00e9s term\u00e9szetes hat\u00e1st kelt, \u00edgy harmonikusan illeszkedik a legk\u00fcl\u00f6nb\u00f6z\u0151bb k\u00f6rnyezetbe.<\/p>\n<p>Az \u00e1r nem tartalmazza a kerti h\u00e1z szerel\u00e9s\u00e9t \u00e9s sz\u00e1ll\u00edt\u00e1s\u00e1t.<\/p>\n<p><em>A fot\u00f3k illusztr\u00e1ci\u00f3s jelleg\u0171ek.<\/em><\/p>\n","protected":false},"excerpt":{"rendered":"<p>Kieg\u00e9sz\u00edt\u0151k: &#8211; LPU42 antracit sz\u00edn\u0171 oldals\u00f3 ajt\u00f3 875 x 2000 mm + 650 \u20ac &#8211; Mennyezeti szigetel\u00e9s + 550 \u20ac<\/p>\n","protected":false},"featured_media":3878,"template":"","meta":{"_acf_changed":false,"inline_featured_image":false},"product_brand":[],"product_cat":[2546,2548],"product_tag":[],"class_list":{"0":"post-7207","1":"product","2":"type-product","3":"status-publish","4":"has-post-thumbnail","6":"product_cat-kerti-hazikok-2","7":"product_cat-lapos-tetovel","9":"first","10":"onbackorder","11":"taxable","12":"shipping-taxable","13":"purchasable","14":"product-type-simple"},"acf":[],"yoast_head":"<!-- This site is optimized with the Yoast SEO plugin v27.4 - https:\/\/yoast.com\/product\/yoast-seo-wordpress\/ -->\n<title>Egyedi kerti h\u00e1z 2x5 m | GARDEON<\/title>\n<meta name=\"robots\" content=\"index, follow, max-snippet:-1, max-image-preview:large, max-video-preview:-1\" \/>\n<link rel=\"canonical\" href=\"https:\/\/gardeon.hu\/shop\/produkt\/gardeon-kerti-haz-2000-x-5000-mm\/\" \/>\n<meta property=\"og:locale\" content=\"hu_HU\" \/>\n<meta property=\"og:type\" content=\"article\" \/>\n<meta property=\"og:title\" content=\"Egyedi kerti h\u00e1z 2x5 m | GARDEON\" \/>\n<meta property=\"og:description\" content=\"Kieg\u00e9sz\u00edt\u0151k: &#8211; LPU42 antracit sz\u00edn\u0171 oldals\u00f3 ajt\u00f3 875 x 2000 mm + 650 \u20ac &#8211; Mennyezeti szigetel\u00e9s + 550 \u20ac\" \/>\n<meta property=\"og:url\" content=\"https:\/\/gardeon.hu\/shop\/produkt\/gardeon-kerti-haz-2000-x-5000-mm\/\" \/>\n<meta property=\"og:site_name\" content=\"Gardeon e-shop\" \/>\n<meta property=\"article:modified_time\" content=\"2026-04-15T12:08:56+00:00\" \/>\n<meta property=\"og:image\" content=\"https:\/\/gardeon.hu\/shop\/wp-content\/uploads\/2021\/10\/zahradny-domcek-BA-Korpa-1-1024x683.jpg\" \/>\n\t<meta property=\"og:image:width\" content=\"1024\" \/>\n\t<meta property=\"og:image:height\" content=\"683\" \/>\n\t<meta property=\"og:image:type\" content=\"image\/jpeg\" \/>\n<meta name=\"twitter:card\" content=\"summary_large_image\" \/>\n<meta name=\"twitter:label1\" content=\"Becs\u00fclt olvas\u00e1si id\u0151\" \/>\n\t<meta name=\"twitter:data1\" content=\"1 perc\" \/>\n<script type=\"application\/ld+json\" class=\"yoast-schema-graph\">{\"@context\":\"https:\\\/\\\/schema.org\",\"@graph\":[{\"@type\":\"WebPage\",\"@id\":\"https:\\\/\\\/gardeon.hu\\\/shop\\\/produkt\\\/gardeon-kerti-haz-2000-x-5000-mm\\\/\",\"url\":\"https:\\\/\\\/gardeon.hu\\\/shop\\\/produkt\\\/gardeon-kerti-haz-2000-x-5000-mm\\\/\",\"name\":\"Egyedi kerti h\u00e1z 2x5 m | GARDEON\",\"isPartOf\":{\"@id\":\"https:\\\/\\\/gardeon.hu\\\/shop\\\/#website\"},\"primaryImageOfPage\":{\"@id\":\"https:\\\/\\\/gardeon.hu\\\/shop\\\/produkt\\\/gardeon-kerti-haz-2000-x-5000-mm\\\/#primaryimage\"},\"image\":{\"@id\":\"https:\\\/\\\/gardeon.hu\\\/shop\\\/produkt\\\/gardeon-kerti-haz-2000-x-5000-mm\\\/#primaryimage\"},\"thumbnailUrl\":\"https:\\\/\\\/gardeon.hu\\\/shop\\\/wp-content\\\/uploads\\\/2021\\\/10\\\/zahradny-domcek-BA-Korpa-1.jpg\",\"datePublished\":\"2026-04-15T12:08:49+00:00\",\"dateModified\":\"2026-04-15T12:08:56+00:00\",\"breadcrumb\":{\"@id\":\"https:\\\/\\\/gardeon.hu\\\/shop\\\/produkt\\\/gardeon-kerti-haz-2000-x-5000-mm\\\/#breadcrumb\"},\"inLanguage\":\"hu\",\"potentialAction\":[{\"@type\":\"ReadAction\",\"target\":[\"https:\\\/\\\/gardeon.hu\\\/shop\\\/produkt\\\/gardeon-kerti-haz-2000-x-5000-mm\\\/\"]}]},{\"@type\":\"ImageObject\",\"inLanguage\":\"hu\",\"@id\":\"https:\\\/\\\/gardeon.hu\\\/shop\\\/produkt\\\/gardeon-kerti-haz-2000-x-5000-mm\\\/#primaryimage\",\"url\":\"https:\\\/\\\/gardeon.hu\\\/shop\\\/wp-content\\\/uploads\\\/2021\\\/10\\\/zahradny-domcek-BA-Korpa-1.jpg\",\"contentUrl\":\"https:\\\/\\\/gardeon.hu\\\/shop\\\/wp-content\\\/uploads\\\/2021\\\/10\\\/zahradny-domcek-BA-Korpa-1.jpg\",\"width\":1500,\"height\":1000,\"caption\":\"Z\u00e1hradn\u00fd dom\u010dek s izolovan\u00fdmi dverami\"},{\"@type\":\"BreadcrumbList\",\"@id\":\"https:\\\/\\\/gardeon.hu\\\/shop\\\/produkt\\\/gardeon-kerti-haz-2000-x-5000-mm\\\/#breadcrumb\",\"itemListElement\":[{\"@type\":\"ListItem\",\"position\":1,\"name\":\"Online Shop GARDEON\",\"item\":\"https:\\\/\\\/gardeon.at\\\/shop\\\/\"},{\"@type\":\"ListItem\",\"position\":2,\"name\":\"\u00c9p\u00edtkez\u00e9sek megrendel\u00e9sre\",\"item\":\"https:\\\/\\\/gardeon.hu\\\/shop\\\/product-category\\\/epitkezesek-megrendelesre\\\/\"},{\"@type\":\"ListItem\",\"position\":3,\"name\":\"Kerti h\u00e1zik\u00f3k\",\"item\":\"https:\\\/\\\/gardeon.hu\\\/shop\\\/product-category\\\/epitkezesek-megrendelesre\\\/kerti-hazikok-2\\\/\"},{\"@type\":\"ListItem\",\"position\":4,\"name\":\"Lapos tet\u0151vel\",\"item\":\"https:\\\/\\\/gardeon.hu\\\/shop\\\/product-category\\\/kerti-hazikok-2\\\/lapos-tetovel\\\/\"},{\"@type\":\"ListItem\",\"position\":5,\"name\":\"GARDEON kerti h\u00e1z 2000 x 5000 mm\"}]},{\"@type\":\"WebSite\",\"@id\":\"https:\\\/\\\/gardeon.hu\\\/shop\\\/#website\",\"url\":\"https:\\\/\\\/gardeon.hu\\\/shop\\\/\",\"name\":\"Gardeon e-shop\",\"description\":\"\",\"potentialAction\":[{\"@type\":\"SearchAction\",\"target\":{\"@type\":\"EntryPoint\",\"urlTemplate\":\"https:\\\/\\\/gardeon.hu\\\/shop\\\/?s={search_term_string}\"},\"query-input\":{\"@type\":\"PropertyValueSpecification\",\"valueRequired\":true,\"valueName\":\"search_term_string\"}}],\"inLanguage\":\"hu\"}]}<\/script>\n<!-- \/ Yoast SEO plugin. -->","yoast_head_json":{"title":"Egyedi kerti h\u00e1z 2x5 m | GARDEON","robots":{"index":"index","follow":"follow","max-snippet":"max-snippet:-1","max-image-preview":"max-image-preview:large","max-video-preview":"max-video-preview:-1"},"canonical":"https:\/\/gardeon.hu\/shop\/produkt\/gardeon-kerti-haz-2000-x-5000-mm\/","og_locale":"hu_HU","og_type":"article","og_title":"Egyedi kerti h\u00e1z 2x5 m | GARDEON","og_description":"Kieg\u00e9sz\u00edt\u0151k: &#8211; LPU42 antracit sz\u00edn\u0171 oldals\u00f3 ajt\u00f3 875 x 2000 mm + 650 \u20ac &#8211; Mennyezeti szigetel\u00e9s + 550 \u20ac","og_url":"https:\/\/gardeon.hu\/shop\/produkt\/gardeon-kerti-haz-2000-x-5000-mm\/","og_site_name":"Gardeon e-shop","article_modified_time":"2026-04-15T12:08:56+00:00","og_image":[{"width":1024,"height":683,"url":"https:\/\/gardeon.hu\/shop\/wp-content\/uploads\/2021\/10\/zahradny-domcek-BA-Korpa-1-1024x683.jpg","type":"image\/jpeg"}],"twitter_card":"summary_large_image","twitter_misc":{"Becs\u00fclt olvas\u00e1si id\u0151":"1 perc"},"schema":{"@context":"https:\/\/schema.org","@graph":[{"@type":"WebPage","@id":"https:\/\/gardeon.hu\/shop\/produkt\/gardeon-kerti-haz-2000-x-5000-mm\/","url":"https:\/\/gardeon.hu\/shop\/produkt\/gardeon-kerti-haz-2000-x-5000-mm\/","name":"Egyedi kerti h\u00e1z 2x5 m | GARDEON","isPartOf":{"@id":"https:\/\/gardeon.hu\/shop\/#website"},"primaryImageOfPage":{"@id":"https:\/\/gardeon.hu\/shop\/produkt\/gardeon-kerti-haz-2000-x-5000-mm\/#primaryimage"},"image":{"@id":"https:\/\/gardeon.hu\/shop\/produkt\/gardeon-kerti-haz-2000-x-5000-mm\/#primaryimage"},"thumbnailUrl":"https:\/\/gardeon.hu\/shop\/wp-content\/uploads\/2021\/10\/zahradny-domcek-BA-Korpa-1.jpg","datePublished":"2026-04-15T12:08:49+00:00","dateModified":"2026-04-15T12:08:56+00:00","breadcrumb":{"@id":"https:\/\/gardeon.hu\/shop\/produkt\/gardeon-kerti-haz-2000-x-5000-mm\/#breadcrumb"},"inLanguage":"hu","potentialAction":[{"@type":"ReadAction","target":["https:\/\/gardeon.hu\/shop\/produkt\/gardeon-kerti-haz-2000-x-5000-mm\/"]}]},{"@type":"ImageObject","inLanguage":"hu","@id":"https:\/\/gardeon.hu\/shop\/produkt\/gardeon-kerti-haz-2000-x-5000-mm\/#primaryimage","url":"https:\/\/gardeon.hu\/shop\/wp-content\/uploads\/2021\/10\/zahradny-domcek-BA-Korpa-1.jpg","contentUrl":"https:\/\/gardeon.hu\/shop\/wp-content\/uploads\/2021\/10\/zahradny-domcek-BA-Korpa-1.jpg","width":1500,"height":1000,"caption":"Z\u00e1hradn\u00fd dom\u010dek s izolovan\u00fdmi dverami"},{"@type":"BreadcrumbList","@id":"https:\/\/gardeon.hu\/shop\/produkt\/gardeon-kerti-haz-2000-x-5000-mm\/#breadcrumb","itemListElement":[{"@type":"ListItem","position":1,"name":"Online Shop GARDEON","item":"https:\/\/gardeon.at\/shop\/"},{"@type":"ListItem","position":2,"name":"\u00c9p\u00edtkez\u00e9sek megrendel\u00e9sre","item":"https:\/\/gardeon.hu\/shop\/product-category\/epitkezesek-megrendelesre\/"},{"@type":"ListItem","position":3,"name":"Kerti h\u00e1zik\u00f3k","item":"https:\/\/gardeon.hu\/shop\/product-category\/epitkezesek-megrendelesre\/kerti-hazikok-2\/"},{"@type":"ListItem","position":4,"name":"Lapos tet\u0151vel","item":"https:\/\/gardeon.hu\/shop\/product-category\/kerti-hazikok-2\/lapos-tetovel\/"},{"@type":"ListItem","position":5,"name":"GARDEON kerti h\u00e1z 2000 x 5000 mm"}]},{"@type":"WebSite","@id":"https:\/\/gardeon.hu\/shop\/#website","url":"https:\/\/gardeon.hu\/shop\/","name":"Gardeon e-shop","description":"","potentialAction":[{"@type":"SearchAction","target":{"@type":"EntryPoint","urlTemplate":"https:\/\/gardeon.hu\/shop\/?s={search_term_string}"},"query-input":{"@type":"PropertyValueSpecification","valueRequired":true,"valueName":"search_term_string"}}],"inLanguage":"hu"}]}},"pll_sync_post":[],"lang":"hu","translations":{"hu":7207,"sk":3701,"cs":4059,"de-de":4060,"de-at":4760},"_links":{"self":[{"href":"https:\/\/gardeon.hu\/shop\/wp-json\/wp\/v2\/product\/7207","targetHints":{"allow":["GET"]}}],"collection":[{"href":"https:\/\/gardeon.hu\/shop\/wp-json\/wp\/v2\/product"}],"about":[{"href":"https:\/\/gardeon.hu\/shop\/wp-json\/wp\/v2\/types\/product"}],"wp:featuredmedia":[{"embeddable":true,"href":"https:\/\/gardeon.hu\/shop\/wp-json\/wp\/v2\/media\/3878"}],"wp:attachment":[{"href":"https:\/\/gardeon.hu\/shop\/wp-json\/wp\/v2\/media?parent=7207"}],"wp:term":[{"taxonomy":"product_brand","embeddable":true,"href":"https:\/\/gardeon.hu\/shop\/wp-json\/wp\/v2\/product_brand?post=7207"},{"taxonomy":"product_cat","embeddable":true,"href":"https:\/\/gardeon.hu\/shop\/wp-json\/wp\/v2\/product_cat?post=7207"},{"taxonomy":"product_tag","embeddable":true,"href":"https:\/\/gardeon.hu\/shop\/wp-json\/wp\/v2\/product_tag?post=7207"}],"curies":[{"name":"wp","href":"https:\/\/api.w.org\/{rel}","templated":true}]}}