{"id":7188,"date":"2026-04-15T14:09:05","date_gmt":"2026-04-15T12:09:05","guid":{"rendered":"https:\/\/gardeon.hu\/shop\/?post_type=product&#038;p=7188"},"modified":"2026-04-15T14:09:06","modified_gmt":"2026-04-15T12:09:06","slug":"gardeon-kerti-haz-4500-x-2750-mm","status":"publish","type":"product","link":"https:\/\/gardeon.hu\/shop\/produkt\/gardeon-kerti-haz-4500-x-2750-mm\/","title":{"rendered":"GARDEON kerti h\u00e1z | 4500 x 2750 mm"},"content":{"rendered":"<h2><span style=\"color: #ff0000\">INGYENES \u00d6SSZESZEREL\u00c9S \u00c9S SZ\u00c1LL\u00cdT\u00c1S!<\/span><\/h2>\n<p><strong>K\u00fcls\u0151 m\u00e9retek:<\/strong> 4500 x 2750 mm (sz\u00e9less\u00e9g x m\u00e9lys\u00e9g)<\/p>\n<p><strong>Standard falmagass\u00e1g:<\/strong> 2160 mm<\/p>\n<p><strong>Tet\u0151 lejt\u00e9se: <\/strong>2310\/2180 mm<\/p>\n<p><strong>A tet\u0151 lejt\u00e9s\u00e9nek ir\u00e1nya:<\/strong> a H\u00c1TS\u00d3 oldal fel\u00e9 (standard)<\/p>\n<h4><strong>A szerkezet AZONNAL \u00e1tvehet\u0151!<\/strong><\/h4>\n<p><em>A fot\u00f3k illusztr\u00e1ci\u00f3s jelleg\u0171ek.<\/em><\/p>\n","protected":false},"excerpt":{"rendered":"<p>INGYENES \u00d6SSZESZEREL\u00c9S \u00c9S SZ\u00c1LL\u00cdT\u00c1S! K\u00fcls\u0151 m\u00e9retek: 4500 x 2750 mm (sz\u00e9less\u00e9g x m\u00e9lys\u00e9g) Standard falmagass\u00e1g: 2160 mm Tet\u0151 lejt\u00e9se: 2310\/2180<\/p>\n","protected":false},"featured_media":4609,"template":"","meta":{"_acf_changed":false,"inline_featured_image":false},"product_brand":[],"product_cat":[2510,2512],"product_tag":[],"class_list":{"0":"post-7188","1":"product","2":"type-product","3":"status-publish","4":"has-post-thumbnail","6":"product_cat-kerti-hazikok","7":"product_cat-raktarepuletek","8":"product_shipping_class-doprava-stavby","10":"first","11":"instock","12":"sale","13":"taxable","14":"shipping-taxable","15":"purchasable","16":"product-type-simple"},"acf":[],"yoast_head":"<!-- This site is optimized with the Yoast SEO plugin v27.4 - https:\/\/yoast.com\/product\/yoast-seo-wordpress\/ -->\n<title>Egyedi kerti h\u00e1z 4500 x 2750 mm | GARDEON<\/title>\n<meta name=\"robots\" content=\"index, follow, max-snippet:-1, max-image-preview:large, max-video-preview:-1\" \/>\n<link rel=\"canonical\" href=\"https:\/\/gardeon.hu\/shop\/produkt\/gardeon-kerti-haz-4500-x-2750-mm\/\" \/>\n<meta property=\"og:locale\" content=\"hu_HU\" \/>\n<meta property=\"og:type\" content=\"article\" \/>\n<meta property=\"og:title\" content=\"Egyedi kerti h\u00e1z 4500 x 2750 mm | GARDEON\" \/>\n<meta property=\"og:description\" content=\"INGYENES \u00d6SSZESZEREL\u00c9S \u00c9S SZ\u00c1LL\u00cdT\u00c1S! K\u00fcls\u0151 m\u00e9retek: 4500 x 2750 mm (sz\u00e9less\u00e9g x m\u00e9lys\u00e9g) Standard falmagass\u00e1g: 2160 mm Tet\u0151 lejt\u00e9se: 2310\/2180\" \/>\n<meta property=\"og:url\" content=\"https:\/\/gardeon.hu\/shop\/produkt\/gardeon-kerti-haz-4500-x-2750-mm\/\" \/>\n<meta property=\"og:site_name\" content=\"Gardeon e-shop\" \/>\n<meta property=\"article:modified_time\" content=\"2026-04-15T12:09:06+00:00\" \/>\n<meta property=\"og:image\" content=\"https:\/\/gardeon.hu\/shop\/wp-content\/uploads\/2023\/03\/gardeon-zahradny-domcek-194-1200x800-1.jpg\" \/>\n\t<meta property=\"og:image:width\" content=\"1200\" \/>\n\t<meta property=\"og:image:height\" content=\"800\" \/>\n\t<meta property=\"og:image:type\" content=\"image\/jpeg\" \/>\n<meta name=\"twitter:card\" content=\"summary_large_image\" \/>\n<meta name=\"twitter:label1\" content=\"Becs\u00fclt olvas\u00e1si id\u0151\" \/>\n\t<meta name=\"twitter:data1\" content=\"1 perc\" \/>\n<script type=\"application\/ld+json\" class=\"yoast-schema-graph\">{\"@context\":\"https:\\\/\\\/schema.org\",\"@graph\":[{\"@type\":\"WebPage\",\"@id\":\"https:\\\/\\\/gardeon.hu\\\/shop\\\/produkt\\\/gardeon-kerti-haz-4500-x-2750-mm\\\/\",\"url\":\"https:\\\/\\\/gardeon.hu\\\/shop\\\/produkt\\\/gardeon-kerti-haz-4500-x-2750-mm\\\/\",\"name\":\"Egyedi kerti h\u00e1z 4500 x 2750 mm | GARDEON\",\"isPartOf\":{\"@id\":\"https:\\\/\\\/gardeon.hu\\\/shop\\\/#website\"},\"primaryImageOfPage\":{\"@id\":\"https:\\\/\\\/gardeon.hu\\\/shop\\\/produkt\\\/gardeon-kerti-haz-4500-x-2750-mm\\\/#primaryimage\"},\"image\":{\"@id\":\"https:\\\/\\\/gardeon.hu\\\/shop\\\/produkt\\\/gardeon-kerti-haz-4500-x-2750-mm\\\/#primaryimage\"},\"thumbnailUrl\":\"https:\\\/\\\/gardeon.hu\\\/shop\\\/wp-content\\\/uploads\\\/2023\\\/03\\\/gardeon-zahradny-domcek-194-1200x800-1.jpg\",\"datePublished\":\"2026-04-15T12:09:05+00:00\",\"dateModified\":\"2026-04-15T12:09:06+00:00\",\"breadcrumb\":{\"@id\":\"https:\\\/\\\/gardeon.hu\\\/shop\\\/produkt\\\/gardeon-kerti-haz-4500-x-2750-mm\\\/#breadcrumb\"},\"inLanguage\":\"hu\",\"potentialAction\":[{\"@type\":\"ReadAction\",\"target\":[\"https:\\\/\\\/gardeon.hu\\\/shop\\\/produkt\\\/gardeon-kerti-haz-4500-x-2750-mm\\\/\"]}]},{\"@type\":\"ImageObject\",\"inLanguage\":\"hu\",\"@id\":\"https:\\\/\\\/gardeon.hu\\\/shop\\\/produkt\\\/gardeon-kerti-haz-4500-x-2750-mm\\\/#primaryimage\",\"url\":\"https:\\\/\\\/gardeon.hu\\\/shop\\\/wp-content\\\/uploads\\\/2023\\\/03\\\/gardeon-zahradny-domcek-194-1200x800-1.jpg\",\"contentUrl\":\"https:\\\/\\\/gardeon.hu\\\/shop\\\/wp-content\\\/uploads\\\/2023\\\/03\\\/gardeon-zahradny-domcek-194-1200x800-1.jpg\",\"width\":1200,\"height\":800,\"caption\":\"Panel\u00e1k v pozad\u00ed bieleho z\u00e1hradn\u00e9ho dom\u010deka\"},{\"@type\":\"BreadcrumbList\",\"@id\":\"https:\\\/\\\/gardeon.hu\\\/shop\\\/produkt\\\/gardeon-kerti-haz-4500-x-2750-mm\\\/#breadcrumb\",\"itemListElement\":[{\"@type\":\"ListItem\",\"position\":1,\"name\":\"Online Shop GARDEON\",\"item\":\"https:\\\/\\\/gardeon.at\\\/shop\\\/\"},{\"@type\":\"ListItem\",\"position\":2,\"name\":\"Rakt\u00e1r\u00e9p\u00fcletek\",\"item\":\"https:\\\/\\\/gardeon.hu\\\/shop\\\/product-category\\\/raktarepuletek\\\/\"},{\"@type\":\"ListItem\",\"position\":3,\"name\":\"Kerti h\u00e1zik\u00f3k\",\"item\":\"https:\\\/\\\/gardeon.hu\\\/shop\\\/product-category\\\/raktarepuletek\\\/kerti-hazikok\\\/\"},{\"@type\":\"ListItem\",\"position\":4,\"name\":\"GARDEON kerti h\u00e1z | 4500 x 2750 mm\"}]},{\"@type\":\"WebSite\",\"@id\":\"https:\\\/\\\/gardeon.hu\\\/shop\\\/#website\",\"url\":\"https:\\\/\\\/gardeon.hu\\\/shop\\\/\",\"name\":\"Gardeon e-shop\",\"description\":\"\",\"potentialAction\":[{\"@type\":\"SearchAction\",\"target\":{\"@type\":\"EntryPoint\",\"urlTemplate\":\"https:\\\/\\\/gardeon.hu\\\/shop\\\/?s={search_term_string}\"},\"query-input\":{\"@type\":\"PropertyValueSpecification\",\"valueRequired\":true,\"valueName\":\"search_term_string\"}}],\"inLanguage\":\"hu\"}]}<\/script>\n<!-- \/ Yoast SEO plugin. -->","yoast_head_json":{"title":"Egyedi kerti h\u00e1z 4500 x 2750 mm | GARDEON","robots":{"index":"index","follow":"follow","max-snippet":"max-snippet:-1","max-image-preview":"max-image-preview:large","max-video-preview":"max-video-preview:-1"},"canonical":"https:\/\/gardeon.hu\/shop\/produkt\/gardeon-kerti-haz-4500-x-2750-mm\/","og_locale":"hu_HU","og_type":"article","og_title":"Egyedi kerti h\u00e1z 4500 x 2750 mm | GARDEON","og_description":"INGYENES \u00d6SSZESZEREL\u00c9S \u00c9S SZ\u00c1LL\u00cdT\u00c1S! K\u00fcls\u0151 m\u00e9retek: 4500 x 2750 mm (sz\u00e9less\u00e9g x m\u00e9lys\u00e9g) Standard falmagass\u00e1g: 2160 mm Tet\u0151 lejt\u00e9se: 2310\/2180","og_url":"https:\/\/gardeon.hu\/shop\/produkt\/gardeon-kerti-haz-4500-x-2750-mm\/","og_site_name":"Gardeon e-shop","article_modified_time":"2026-04-15T12:09:06+00:00","og_image":[{"width":1200,"height":800,"url":"https:\/\/gardeon.hu\/shop\/wp-content\/uploads\/2023\/03\/gardeon-zahradny-domcek-194-1200x800-1.jpg","type":"image\/jpeg"}],"twitter_card":"summary_large_image","twitter_misc":{"Becs\u00fclt olvas\u00e1si id\u0151":"1 perc"},"schema":{"@context":"https:\/\/schema.org","@graph":[{"@type":"WebPage","@id":"https:\/\/gardeon.hu\/shop\/produkt\/gardeon-kerti-haz-4500-x-2750-mm\/","url":"https:\/\/gardeon.hu\/shop\/produkt\/gardeon-kerti-haz-4500-x-2750-mm\/","name":"Egyedi kerti h\u00e1z 4500 x 2750 mm | GARDEON","isPartOf":{"@id":"https:\/\/gardeon.hu\/shop\/#website"},"primaryImageOfPage":{"@id":"https:\/\/gardeon.hu\/shop\/produkt\/gardeon-kerti-haz-4500-x-2750-mm\/#primaryimage"},"image":{"@id":"https:\/\/gardeon.hu\/shop\/produkt\/gardeon-kerti-haz-4500-x-2750-mm\/#primaryimage"},"thumbnailUrl":"https:\/\/gardeon.hu\/shop\/wp-content\/uploads\/2023\/03\/gardeon-zahradny-domcek-194-1200x800-1.jpg","datePublished":"2026-04-15T12:09:05+00:00","dateModified":"2026-04-15T12:09:06+00:00","breadcrumb":{"@id":"https:\/\/gardeon.hu\/shop\/produkt\/gardeon-kerti-haz-4500-x-2750-mm\/#breadcrumb"},"inLanguage":"hu","potentialAction":[{"@type":"ReadAction","target":["https:\/\/gardeon.hu\/shop\/produkt\/gardeon-kerti-haz-4500-x-2750-mm\/"]}]},{"@type":"ImageObject","inLanguage":"hu","@id":"https:\/\/gardeon.hu\/shop\/produkt\/gardeon-kerti-haz-4500-x-2750-mm\/#primaryimage","url":"https:\/\/gardeon.hu\/shop\/wp-content\/uploads\/2023\/03\/gardeon-zahradny-domcek-194-1200x800-1.jpg","contentUrl":"https:\/\/gardeon.hu\/shop\/wp-content\/uploads\/2023\/03\/gardeon-zahradny-domcek-194-1200x800-1.jpg","width":1200,"height":800,"caption":"Panel\u00e1k v pozad\u00ed bieleho z\u00e1hradn\u00e9ho dom\u010deka"},{"@type":"BreadcrumbList","@id":"https:\/\/gardeon.hu\/shop\/produkt\/gardeon-kerti-haz-4500-x-2750-mm\/#breadcrumb","itemListElement":[{"@type":"ListItem","position":1,"name":"Online Shop GARDEON","item":"https:\/\/gardeon.at\/shop\/"},{"@type":"ListItem","position":2,"name":"Rakt\u00e1r\u00e9p\u00fcletek","item":"https:\/\/gardeon.hu\/shop\/product-category\/raktarepuletek\/"},{"@type":"ListItem","position":3,"name":"Kerti h\u00e1zik\u00f3k","item":"https:\/\/gardeon.hu\/shop\/product-category\/raktarepuletek\/kerti-hazikok\/"},{"@type":"ListItem","position":4,"name":"GARDEON kerti h\u00e1z | 4500 x 2750 mm"}]},{"@type":"WebSite","@id":"https:\/\/gardeon.hu\/shop\/#website","url":"https:\/\/gardeon.hu\/shop\/","name":"Gardeon e-shop","description":"","potentialAction":[{"@type":"SearchAction","target":{"@type":"EntryPoint","urlTemplate":"https:\/\/gardeon.hu\/shop\/?s={search_term_string}"},"query-input":{"@type":"PropertyValueSpecification","valueRequired":true,"valueName":"search_term_string"}}],"inLanguage":"hu"}]}},"pll_sync_post":[],"lang":"hu","translations":{"hu":7188,"sk":4664,"cs":4665,"de-de":4666,"de-at":4741},"_links":{"self":[{"href":"https:\/\/gardeon.hu\/shop\/wp-json\/wp\/v2\/product\/7188","targetHints":{"allow":["GET"]}}],"collection":[{"href":"https:\/\/gardeon.hu\/shop\/wp-json\/wp\/v2\/product"}],"about":[{"href":"https:\/\/gardeon.hu\/shop\/wp-json\/wp\/v2\/types\/product"}],"wp:featuredmedia":[{"embeddable":true,"href":"https:\/\/gardeon.hu\/shop\/wp-json\/wp\/v2\/media\/4609"}],"wp:attachment":[{"href":"https:\/\/gardeon.hu\/shop\/wp-json\/wp\/v2\/media?parent=7188"}],"wp:term":[{"taxonomy":"product_brand","embeddable":true,"href":"https:\/\/gardeon.hu\/shop\/wp-json\/wp\/v2\/product_brand?post=7188"},{"taxonomy":"product_cat","embeddable":true,"href":"https:\/\/gardeon.hu\/shop\/wp-json\/wp\/v2\/product_cat?post=7188"},{"taxonomy":"product_tag","embeddable":true,"href":"https:\/\/gardeon.hu\/shop\/wp-json\/wp\/v2\/product_tag?post=7188"}],"curies":[{"name":"wp","href":"https:\/\/api.w.org\/{rel}","templated":true}]}}