{"id":7175,"date":"2026-04-15T14:08:28","date_gmt":"2026-04-15T12:08:28","guid":{"rendered":"https:\/\/gardeon.hu\/shop\/?post_type=product&#038;p=7175"},"modified":"2026-04-15T14:08:30","modified_gmt":"2026-04-15T12:08:30","slug":"gardeon-egyautos-garazs-2900-x-5000-mm","status":"publish","type":"product","link":"https:\/\/gardeon.hu\/shop\/produkt\/gardeon-egyautos-garazs-2900-x-5000-mm\/","title":{"rendered":"GARDEON egyaut\u00f3s gar\u00e1zs | 2900 x 5000 mm"},"content":{"rendered":"<p class=\"p1\"><b>Kieg\u00e9sz\u00edt\u0151k (az \u00e1rban benne):<\/b><\/p>\n<p class=\"p1\">\u2013 Szigetelt FED\u00c9L \u2013 Thermopanel (THP) <strong>(<\/strong><span class=\"s1\"><b>730<\/b><\/span> <span class=\"s1\"><b>\u20ac)<\/b><\/span><\/p>\n<p>\u2013 Szigetelt FALAK \u2013 Thermopanel (THP) <strong>(<\/strong><span class=\"s1\"><b>1450<\/b><\/span><\/p>\n<p><span class=\"s1\"><b>\u20ac)<\/b><\/span><\/p>\n<p>\u2013 H\u00d6RMANN szekcion\u00e1lt gar\u00e1zskapu <strong>(<\/strong><span class=\"s1\"><b>990<\/b><\/span><\/p>\n<p><span class=\"s1\"><b>\u20ac)<\/b><\/span><\/p>\n<p>\u2013 Szigetelt H\u00f6rmann ac\u00e9lajt\u00f3 <strong>(6<\/strong><span class=\"s1\"><b>50<\/b><\/span><\/p>\n<p><span class=\"s1\"><b>\u20ac)<\/b><\/span><\/p>\n<p>\u2013 GARDEON m\u0171anyag ablak (800\u00d7600) <strong>(130<\/strong><\/p>\n<p><span class=\"s1\"><b>\u20ac)<\/b><\/span><\/p>\n<p>\u2013 PVC ereszcsatorna-rendszer 8000 mm-ig <strong>(<\/strong><span class=\"s1\"><b>120<\/b><\/span><\/p>\n<p><span class=\"s1\"><b>\u20ac)<\/b><\/span><\/p>\n<p>\u2013 Sz\u00e1ll\u00edt\u00e1s<\/p>\n<p><strong>Az \u00e9p\u00fclet AZONNAL \u00e1tvehet\u0151!<\/strong><\/p>\n<p><em>A fot\u00f3k illusztr\u00e1ci\u00f3s jelleg\u0171ek.<\/em><\/p>\n","protected":false},"excerpt":{"rendered":"<p>Kieg\u00e9sz\u00edt\u0151k (az \u00e1rban benne): \u2013 Szigetelt FED\u00c9L \u2013 Thermopanel (THP) (730 \u20ac) \u2013 Szigetelt FALAK \u2013 Thermopanel (THP) (1450 \u20ac)<\/p>\n","protected":false},"featured_media":4616,"template":"","meta":{"_acf_changed":false,"inline_featured_image":false},"product_brand":[],"product_cat":[2534,2512],"product_tag":[],"class_list":{"0":"post-7175","1":"product","2":"type-product","3":"status-publish","4":"has-post-thumbnail","6":"product_cat-garazsok","7":"product_cat-raktarepuletek","8":"product_shipping_class-doprava-stavby","10":"first","11":"instock","12":"sale","13":"taxable","14":"shipping-taxable","15":"purchasable","16":"product-type-simple"},"acf":[],"yoast_head":"<!-- This site is optimized with the Yoast SEO plugin v27.4 - https:\/\/yoast.com\/product\/yoast-seo-wordpress\/ -->\n<title>Egyaut\u00f3s gar\u00e1zs 2900 x 5000 mm | GARDEON<\/title>\n<meta name=\"robots\" content=\"index, follow, max-snippet:-1, max-image-preview:large, max-video-preview:-1\" \/>\n<link rel=\"canonical\" href=\"https:\/\/gardeon.hu\/shop\/produkt\/gardeon-egyautos-garazs-2900-x-5000-mm\/\" \/>\n<meta property=\"og:locale\" content=\"hu_HU\" \/>\n<meta property=\"og:type\" content=\"article\" \/>\n<meta property=\"og:title\" content=\"Egyaut\u00f3s gar\u00e1zs 2900 x 5000 mm | GARDEON\" \/>\n<meta property=\"og:description\" content=\"Kieg\u00e9sz\u00edt\u0151k (az \u00e1rban benne): \u2013 Szigetelt FED\u00c9L \u2013 Thermopanel (THP) (730 \u20ac) \u2013 Szigetelt FALAK \u2013 Thermopanel (THP) (1450 \u20ac)\" \/>\n<meta property=\"og:url\" content=\"https:\/\/gardeon.hu\/shop\/produkt\/gardeon-egyautos-garazs-2900-x-5000-mm\/\" \/>\n<meta property=\"og:site_name\" content=\"Gardeon e-shop\" \/>\n<meta property=\"article:modified_time\" content=\"2026-04-15T12:08:30+00:00\" \/>\n<meta property=\"og:image\" content=\"https:\/\/gardeon.hu\/shop\/wp-content\/uploads\/2023\/03\/gardeon-garaz-pre-jedno-auto-4687-SC-3-1-1200x799-1.webp\" \/>\n\t<meta property=\"og:image:width\" content=\"1200\" \/>\n\t<meta property=\"og:image:height\" content=\"799\" \/>\n\t<meta property=\"og:image:type\" content=\"image\/webp\" \/>\n<meta name=\"twitter:card\" content=\"summary_large_image\" \/>\n<meta name=\"twitter:label1\" content=\"Becs\u00fclt olvas\u00e1si id\u0151\" \/>\n\t<meta name=\"twitter:data1\" content=\"1 perc\" \/>\n<script type=\"application\/ld+json\" class=\"yoast-schema-graph\">{\"@context\":\"https:\\\/\\\/schema.org\",\"@graph\":[{\"@type\":\"WebPage\",\"@id\":\"https:\\\/\\\/gardeon.hu\\\/shop\\\/produkt\\\/gardeon-egyautos-garazs-2900-x-5000-mm\\\/\",\"url\":\"https:\\\/\\\/gardeon.hu\\\/shop\\\/produkt\\\/gardeon-egyautos-garazs-2900-x-5000-mm\\\/\",\"name\":\"Egyaut\u00f3s gar\u00e1zs 2900 x 5000 mm | GARDEON\",\"isPartOf\":{\"@id\":\"https:\\\/\\\/gardeon.hu\\\/shop\\\/#website\"},\"primaryImageOfPage\":{\"@id\":\"https:\\\/\\\/gardeon.hu\\\/shop\\\/produkt\\\/gardeon-egyautos-garazs-2900-x-5000-mm\\\/#primaryimage\"},\"image\":{\"@id\":\"https:\\\/\\\/gardeon.hu\\\/shop\\\/produkt\\\/gardeon-egyautos-garazs-2900-x-5000-mm\\\/#primaryimage\"},\"thumbnailUrl\":\"https:\\\/\\\/gardeon.hu\\\/shop\\\/wp-content\\\/uploads\\\/2023\\\/03\\\/gardeon-garaz-pre-jedno-auto-4687-SC-3-1-1200x799-1.webp\",\"datePublished\":\"2026-04-15T12:08:28+00:00\",\"dateModified\":\"2026-04-15T12:08:30+00:00\",\"breadcrumb\":{\"@id\":\"https:\\\/\\\/gardeon.hu\\\/shop\\\/produkt\\\/gardeon-egyautos-garazs-2900-x-5000-mm\\\/#breadcrumb\"},\"inLanguage\":\"hu\",\"potentialAction\":[{\"@type\":\"ReadAction\",\"target\":[\"https:\\\/\\\/gardeon.hu\\\/shop\\\/produkt\\\/gardeon-egyautos-garazs-2900-x-5000-mm\\\/\"]}]},{\"@type\":\"ImageObject\",\"inLanguage\":\"hu\",\"@id\":\"https:\\\/\\\/gardeon.hu\\\/shop\\\/produkt\\\/gardeon-egyautos-garazs-2900-x-5000-mm\\\/#primaryimage\",\"url\":\"https:\\\/\\\/gardeon.hu\\\/shop\\\/wp-content\\\/uploads\\\/2023\\\/03\\\/gardeon-garaz-pre-jedno-auto-4687-SC-3-1-1200x799-1.webp\",\"contentUrl\":\"https:\\\/\\\/gardeon.hu\\\/shop\\\/wp-content\\\/uploads\\\/2023\\\/03\\\/gardeon-garaz-pre-jedno-auto-4687-SC-3-1-1200x799-1.webp\",\"width\":1200,\"height\":799,\"caption\":\"Psy pred gar\u00e1\u017eou\"},{\"@type\":\"BreadcrumbList\",\"@id\":\"https:\\\/\\\/gardeon.hu\\\/shop\\\/produkt\\\/gardeon-egyautos-garazs-2900-x-5000-mm\\\/#breadcrumb\",\"itemListElement\":[{\"@type\":\"ListItem\",\"position\":1,\"name\":\"Online Shop GARDEON\",\"item\":\"https:\\\/\\\/gardeon.at\\\/shop\\\/\"},{\"@type\":\"ListItem\",\"position\":2,\"name\":\"Rakt\u00e1r\u00e9p\u00fcletek\",\"item\":\"https:\\\/\\\/gardeon.hu\\\/shop\\\/product-category\\\/raktarepuletek\\\/\"},{\"@type\":\"ListItem\",\"position\":3,\"name\":\"Gar\u00e1zsok\",\"item\":\"https:\\\/\\\/gardeon.hu\\\/shop\\\/product-category\\\/raktarepuletek\\\/garazsok\\\/\"},{\"@type\":\"ListItem\",\"position\":4,\"name\":\"GARDEON egyaut\u00f3s gar\u00e1zs | 2900 x 5000 mm\"}]},{\"@type\":\"WebSite\",\"@id\":\"https:\\\/\\\/gardeon.hu\\\/shop\\\/#website\",\"url\":\"https:\\\/\\\/gardeon.hu\\\/shop\\\/\",\"name\":\"Gardeon e-shop\",\"description\":\"\",\"potentialAction\":[{\"@type\":\"SearchAction\",\"target\":{\"@type\":\"EntryPoint\",\"urlTemplate\":\"https:\\\/\\\/gardeon.hu\\\/shop\\\/?s={search_term_string}\"},\"query-input\":{\"@type\":\"PropertyValueSpecification\",\"valueRequired\":true,\"valueName\":\"search_term_string\"}}],\"inLanguage\":\"hu\"}]}<\/script>\n<!-- \/ Yoast SEO plugin. -->","yoast_head_json":{"title":"Egyaut\u00f3s gar\u00e1zs 2900 x 5000 mm | GARDEON","robots":{"index":"index","follow":"follow","max-snippet":"max-snippet:-1","max-image-preview":"max-image-preview:large","max-video-preview":"max-video-preview:-1"},"canonical":"https:\/\/gardeon.hu\/shop\/produkt\/gardeon-egyautos-garazs-2900-x-5000-mm\/","og_locale":"hu_HU","og_type":"article","og_title":"Egyaut\u00f3s gar\u00e1zs 2900 x 5000 mm | GARDEON","og_description":"Kieg\u00e9sz\u00edt\u0151k (az \u00e1rban benne): \u2013 Szigetelt FED\u00c9L \u2013 Thermopanel (THP) (730 \u20ac) \u2013 Szigetelt FALAK \u2013 Thermopanel (THP) (1450 \u20ac)","og_url":"https:\/\/gardeon.hu\/shop\/produkt\/gardeon-egyautos-garazs-2900-x-5000-mm\/","og_site_name":"Gardeon e-shop","article_modified_time":"2026-04-15T12:08:30+00:00","og_image":[{"width":1200,"height":799,"url":"https:\/\/gardeon.hu\/shop\/wp-content\/uploads\/2023\/03\/gardeon-garaz-pre-jedno-auto-4687-SC-3-1-1200x799-1.webp","type":"image\/webp"}],"twitter_card":"summary_large_image","twitter_misc":{"Becs\u00fclt olvas\u00e1si id\u0151":"1 perc"},"schema":{"@context":"https:\/\/schema.org","@graph":[{"@type":"WebPage","@id":"https:\/\/gardeon.hu\/shop\/produkt\/gardeon-egyautos-garazs-2900-x-5000-mm\/","url":"https:\/\/gardeon.hu\/shop\/produkt\/gardeon-egyautos-garazs-2900-x-5000-mm\/","name":"Egyaut\u00f3s gar\u00e1zs 2900 x 5000 mm | GARDEON","isPartOf":{"@id":"https:\/\/gardeon.hu\/shop\/#website"},"primaryImageOfPage":{"@id":"https:\/\/gardeon.hu\/shop\/produkt\/gardeon-egyautos-garazs-2900-x-5000-mm\/#primaryimage"},"image":{"@id":"https:\/\/gardeon.hu\/shop\/produkt\/gardeon-egyautos-garazs-2900-x-5000-mm\/#primaryimage"},"thumbnailUrl":"https:\/\/gardeon.hu\/shop\/wp-content\/uploads\/2023\/03\/gardeon-garaz-pre-jedno-auto-4687-SC-3-1-1200x799-1.webp","datePublished":"2026-04-15T12:08:28+00:00","dateModified":"2026-04-15T12:08:30+00:00","breadcrumb":{"@id":"https:\/\/gardeon.hu\/shop\/produkt\/gardeon-egyautos-garazs-2900-x-5000-mm\/#breadcrumb"},"inLanguage":"hu","potentialAction":[{"@type":"ReadAction","target":["https:\/\/gardeon.hu\/shop\/produkt\/gardeon-egyautos-garazs-2900-x-5000-mm\/"]}]},{"@type":"ImageObject","inLanguage":"hu","@id":"https:\/\/gardeon.hu\/shop\/produkt\/gardeon-egyautos-garazs-2900-x-5000-mm\/#primaryimage","url":"https:\/\/gardeon.hu\/shop\/wp-content\/uploads\/2023\/03\/gardeon-garaz-pre-jedno-auto-4687-SC-3-1-1200x799-1.webp","contentUrl":"https:\/\/gardeon.hu\/shop\/wp-content\/uploads\/2023\/03\/gardeon-garaz-pre-jedno-auto-4687-SC-3-1-1200x799-1.webp","width":1200,"height":799,"caption":"Psy pred gar\u00e1\u017eou"},{"@type":"BreadcrumbList","@id":"https:\/\/gardeon.hu\/shop\/produkt\/gardeon-egyautos-garazs-2900-x-5000-mm\/#breadcrumb","itemListElement":[{"@type":"ListItem","position":1,"name":"Online Shop GARDEON","item":"https:\/\/gardeon.at\/shop\/"},{"@type":"ListItem","position":2,"name":"Rakt\u00e1r\u00e9p\u00fcletek","item":"https:\/\/gardeon.hu\/shop\/product-category\/raktarepuletek\/"},{"@type":"ListItem","position":3,"name":"Gar\u00e1zsok","item":"https:\/\/gardeon.hu\/shop\/product-category\/raktarepuletek\/garazsok\/"},{"@type":"ListItem","position":4,"name":"GARDEON egyaut\u00f3s gar\u00e1zs | 2900 x 5000 mm"}]},{"@type":"WebSite","@id":"https:\/\/gardeon.hu\/shop\/#website","url":"https:\/\/gardeon.hu\/shop\/","name":"Gardeon e-shop","description":"","potentialAction":[{"@type":"SearchAction","target":{"@type":"EntryPoint","urlTemplate":"https:\/\/gardeon.hu\/shop\/?s={search_term_string}"},"query-input":{"@type":"PropertyValueSpecification","valueRequired":true,"valueName":"search_term_string"}}],"inLanguage":"hu"}]}},"pll_sync_post":[],"lang":"hu","translations":{"hu":7175,"sk":4684,"cs":4685,"de-de":4686,"de-at":4735},"_links":{"self":[{"href":"https:\/\/gardeon.hu\/shop\/wp-json\/wp\/v2\/product\/7175","targetHints":{"allow":["GET"]}}],"collection":[{"href":"https:\/\/gardeon.hu\/shop\/wp-json\/wp\/v2\/product"}],"about":[{"href":"https:\/\/gardeon.hu\/shop\/wp-json\/wp\/v2\/types\/product"}],"wp:featuredmedia":[{"embeddable":true,"href":"https:\/\/gardeon.hu\/shop\/wp-json\/wp\/v2\/media\/4616"}],"wp:attachment":[{"href":"https:\/\/gardeon.hu\/shop\/wp-json\/wp\/v2\/media?parent=7175"}],"wp:term":[{"taxonomy":"product_brand","embeddable":true,"href":"https:\/\/gardeon.hu\/shop\/wp-json\/wp\/v2\/product_brand?post=7175"},{"taxonomy":"product_cat","embeddable":true,"href":"https:\/\/gardeon.hu\/shop\/wp-json\/wp\/v2\/product_cat?post=7175"},{"taxonomy":"product_tag","embeddable":true,"href":"https:\/\/gardeon.hu\/shop\/wp-json\/wp\/v2\/product_tag?post=7175"}],"curies":[{"name":"wp","href":"https:\/\/api.w.org\/{rel}","templated":true}]}}