{"id":7135,"date":"2026-04-15T13:39:56","date_gmt":"2026-04-15T11:39:56","guid":{"rendered":"https:\/\/gardeon.hu\/shop\/?post_type=product&#038;p=7135"},"modified":"2026-04-15T13:39:58","modified_gmt":"2026-04-15T11:39:58","slug":"gardeon-eloteto-5800-x-5400-mm","status":"publish","type":"product","link":"https:\/\/gardeon.hu\/shop\/produkt\/gardeon-eloteto-5800-x-5400-mm\/","title":{"rendered":"GARDEON el\u0151tet\u0151 | 5800 x 5400 mm"},"content":{"rendered":"<p><strong>K\u00fcls\u0151 m\u00e9retek: <\/strong>5800 x 5400 mm (sz\u00e9less\u00e9g x m\u00e9lys\u00e9g)<\/p>\n<p><strong>Tet\u0151hajl\u00e1s: <\/strong>2570\/2440 mm<\/p>\n<p><strong>A tet\u0151hajl\u00e1s ir\u00e1nya:<\/strong> a H\u00c1TS\u00d3 oldal fel\u00e9 (alapkivitel)<\/p>\n<hr \/>\n<p>A GARDEON m\u00e1rk\u00e1j\u00fa el\u0151tet\u0151k a mai modern \u00e9s eleg\u00e1ns \u00e9p\u00edt\u00e9szet alapj\u00e1n lettek tervezve. Egyszer\u0171, modern szerkezet\u00fck \u00e9s diz\u00e1jnos kit\u00f6lt\u00e9s\u0171 falaik megjelen\u00e9s\u00fckkel \u00e9s szerkezet\u00fckkel t\u00f6k\u00e9letesen kieg\u00e9sz\u00edtik a mai csal\u00e1di h\u00e1zak letisztult formanyelv\u00e9t, s\u0151t, minimalista megjelen\u00e9s\u00fcket diszkr\u00e9ten fel\u00e9l\u00e9nk\u00edtik \u00e9s magasabb szintre emelik.<\/p>\n<p>A GARDEON el\u0151tet\u0151 alapj\u00e1t egy finom, ugyanakkor ellen\u00e1ll\u00f3 ac\u00e9l oszlopos szerkezet k\u00e9pezi, amely egy enyh\u00e9n lejt\u0151, lapos tet\u0151t tart. A tet\u0151t szeg\u00e9lyez\u0151 p\u00e1rk\u00e1ny egyben az \u00e9p\u00fclet egy\u00e9rtelm\u0171 t\u00e9rbeli lez\u00e1r\u00e1s\u00e1t is jelenti. A koncepci\u00f3t falpanelek eg\u00e9sz\u00edtik ki, amelyek karaktert \u00e9s modern megjelen\u00e9st k\u00f6lcs\u00f6n\u00f6znek az el\u0151tet\u0151nek.<\/p>\n<p>A tart\u00f3ss\u00e1g mellett el\u0151ny\u00f6s tulajdons\u00e1ga a karbantart\u00e1smentess\u00e9g is \u2013 a tet\u0151szerkezet minden id\u0151j\u00e1r\u00e1si k\u00f6r\u00fclm\u00e9nynek ellen\u00e1ll, \u00e9s \u00e9vek m\u00falva sem ig\u00e9nyel fest\u00e9st.<\/p>\n<p><em>A fot\u00f3k illusztr\u00e1ci\u00f3s jelleg\u0171ek.<\/em><\/p>\n","protected":false},"excerpt":{"rendered":"<p>K\u00fcls\u0151 m\u00e9retek: 5800 x 5400 mm (sz\u00e9less\u00e9g x m\u00e9lys\u00e9g) Tet\u0151hajl\u00e1s: 2570\/2440 mm A tet\u0151hajl\u00e1s ir\u00e1nya: a H\u00c1TS\u00d3 oldal fel\u00e9 (alapkivitel)<\/p>\n","protected":false},"featured_media":4355,"template":"","meta":{"_acf_changed":false,"inline_featured_image":false},"product_brand":[],"product_cat":[2476,2559,2503],"product_tag":[],"class_list":{"0":"post-7135","1":"product","2":"type-product","3":"status-publish","4":"has-post-thumbnail","6":"product_cat-epitkezesek-megrendelesre","7":"product_cat-ket-autonak-valo-garazsok","8":"product_cat-tetoszerkezetek","9":"product_shipping_class-doprava-stavby","11":"first","12":"onbackorder","13":"taxable","14":"shipping-taxable","15":"purchasable","16":"product-type-simple"},"acf":[],"yoast_head":"<!-- This site is optimized with the Yoast SEO plugin v27.4 - https:\/\/yoast.com\/product\/yoast-seo-wordpress\/ -->\n<title>GARDEON el\u0151tet\u0151 | 5800 x 5400 mm<\/title>\n<meta name=\"robots\" content=\"index, follow, max-snippet:-1, max-image-preview:large, max-video-preview:-1\" \/>\n<link rel=\"canonical\" href=\"https:\/\/gardeon.hu\/shop\/produkt\/gardeon-eloteto-5800-x-5400-mm\/\" \/>\n<meta property=\"og:locale\" content=\"hu_HU\" \/>\n<meta property=\"og:type\" content=\"article\" \/>\n<meta property=\"og:title\" content=\"GARDEON el\u0151tet\u0151 | 5800 x 5400 mm\" \/>\n<meta property=\"og:description\" content=\"K\u00fcls\u0151 m\u00e9retek: 5800 x 5400 mm (sz\u00e9less\u00e9g x m\u00e9lys\u00e9g) Tet\u0151hajl\u00e1s: 2570\/2440 mm A tet\u0151hajl\u00e1s ir\u00e1nya: a H\u00c1TS\u00d3 oldal fel\u00e9 (alapkivitel)\" \/>\n<meta property=\"og:url\" content=\"https:\/\/gardeon.hu\/shop\/produkt\/gardeon-eloteto-5800-x-5400-mm\/\" \/>\n<meta property=\"og:site_name\" content=\"Gardeon e-shop\" \/>\n<meta property=\"article:modified_time\" content=\"2026-04-15T11:39:58+00:00\" \/>\n<meta property=\"og:image\" content=\"https:\/\/gardeon.hu\/shop\/wp-content\/uploads\/2022\/12\/gardeon-pristresok-1_26_11zon.jpg\" \/>\n\t<meta property=\"og:image:width\" content=\"1200\" \/>\n\t<meta property=\"og:image:height\" content=\"800\" \/>\n\t<meta property=\"og:image:type\" content=\"image\/jpeg\" \/>\n<meta name=\"twitter:card\" content=\"summary_large_image\" \/>\n<meta name=\"twitter:label1\" content=\"Becs\u00fclt olvas\u00e1si id\u0151\" \/>\n\t<meta name=\"twitter:data1\" content=\"1 perc\" \/>\n<script type=\"application\/ld+json\" class=\"yoast-schema-graph\">{\"@context\":\"https:\\\/\\\/schema.org\",\"@graph\":[{\"@type\":\"WebPage\",\"@id\":\"https:\\\/\\\/gardeon.hu\\\/shop\\\/produkt\\\/gardeon-eloteto-5800-x-5400-mm\\\/\",\"url\":\"https:\\\/\\\/gardeon.hu\\\/shop\\\/produkt\\\/gardeon-eloteto-5800-x-5400-mm\\\/\",\"name\":\"GARDEON el\u0151tet\u0151 | 5800 x 5400 mm\",\"isPartOf\":{\"@id\":\"https:\\\/\\\/gardeon.hu\\\/shop\\\/#website\"},\"primaryImageOfPage\":{\"@id\":\"https:\\\/\\\/gardeon.hu\\\/shop\\\/produkt\\\/gardeon-eloteto-5800-x-5400-mm\\\/#primaryimage\"},\"image\":{\"@id\":\"https:\\\/\\\/gardeon.hu\\\/shop\\\/produkt\\\/gardeon-eloteto-5800-x-5400-mm\\\/#primaryimage\"},\"thumbnailUrl\":\"https:\\\/\\\/gardeon.hu\\\/shop\\\/wp-content\\\/uploads\\\/2022\\\/12\\\/gardeon-pristresok-1_26_11zon.jpg\",\"datePublished\":\"2026-04-15T11:39:56+00:00\",\"dateModified\":\"2026-04-15T11:39:58+00:00\",\"breadcrumb\":{\"@id\":\"https:\\\/\\\/gardeon.hu\\\/shop\\\/produkt\\\/gardeon-eloteto-5800-x-5400-mm\\\/#breadcrumb\"},\"inLanguage\":\"hu\",\"potentialAction\":[{\"@type\":\"ReadAction\",\"target\":[\"https:\\\/\\\/gardeon.hu\\\/shop\\\/produkt\\\/gardeon-eloteto-5800-x-5400-mm\\\/\"]}]},{\"@type\":\"ImageObject\",\"inLanguage\":\"hu\",\"@id\":\"https:\\\/\\\/gardeon.hu\\\/shop\\\/produkt\\\/gardeon-eloteto-5800-x-5400-mm\\\/#primaryimage\",\"url\":\"https:\\\/\\\/gardeon.hu\\\/shop\\\/wp-content\\\/uploads\\\/2022\\\/12\\\/gardeon-pristresok-1_26_11zon.jpg\",\"contentUrl\":\"https:\\\/\\\/gardeon.hu\\\/shop\\\/wp-content\\\/uploads\\\/2022\\\/12\\\/gardeon-pristresok-1_26_11zon.jpg\",\"width\":1200,\"height\":800},{\"@type\":\"BreadcrumbList\",\"@id\":\"https:\\\/\\\/gardeon.hu\\\/shop\\\/produkt\\\/gardeon-eloteto-5800-x-5400-mm\\\/#breadcrumb\",\"itemListElement\":[{\"@type\":\"ListItem\",\"position\":1,\"name\":\"Online Shop GARDEON\",\"item\":\"https:\\\/\\\/gardeon.at\\\/shop\\\/\"},{\"@type\":\"ListItem\",\"position\":2,\"name\":\"\u00c9p\u00edtkez\u00e9sek megrendel\u00e9sre\",\"item\":\"https:\\\/\\\/gardeon.hu\\\/shop\\\/product-category\\\/epitkezesek-megrendelesre\\\/\"},{\"@type\":\"ListItem\",\"position\":3,\"name\":\"Tet\u0151szerkezetek\",\"item\":\"https:\\\/\\\/gardeon.hu\\\/shop\\\/product-category\\\/epitkezesek-megrendelesre\\\/tetoszerkezetek\\\/\"},{\"@type\":\"ListItem\",\"position\":4,\"name\":\"K\u00e9t aut\u00f3nak val\u00f3 gar\u00e1zsok\",\"item\":\"https:\\\/\\\/gardeon.hu\\\/shop\\\/product-category\\\/epitkezesek-megrendelesre\\\/tetoszerkezetek\\\/ket-autonak-valo-garazsok\\\/\"},{\"@type\":\"ListItem\",\"position\":5,\"name\":\"GARDEON el\u0151tet\u0151 | 5800 x 5400 mm\"}]},{\"@type\":\"WebSite\",\"@id\":\"https:\\\/\\\/gardeon.hu\\\/shop\\\/#website\",\"url\":\"https:\\\/\\\/gardeon.hu\\\/shop\\\/\",\"name\":\"Gardeon e-shop\",\"description\":\"\",\"potentialAction\":[{\"@type\":\"SearchAction\",\"target\":{\"@type\":\"EntryPoint\",\"urlTemplate\":\"https:\\\/\\\/gardeon.hu\\\/shop\\\/?s={search_term_string}\"},\"query-input\":{\"@type\":\"PropertyValueSpecification\",\"valueRequired\":true,\"valueName\":\"search_term_string\"}}],\"inLanguage\":\"hu\"}]}<\/script>\n<!-- \/ Yoast SEO plugin. -->","yoast_head_json":{"title":"GARDEON el\u0151tet\u0151 | 5800 x 5400 mm","robots":{"index":"index","follow":"follow","max-snippet":"max-snippet:-1","max-image-preview":"max-image-preview:large","max-video-preview":"max-video-preview:-1"},"canonical":"https:\/\/gardeon.hu\/shop\/produkt\/gardeon-eloteto-5800-x-5400-mm\/","og_locale":"hu_HU","og_type":"article","og_title":"GARDEON el\u0151tet\u0151 | 5800 x 5400 mm","og_description":"K\u00fcls\u0151 m\u00e9retek: 5800 x 5400 mm (sz\u00e9less\u00e9g x m\u00e9lys\u00e9g) Tet\u0151hajl\u00e1s: 2570\/2440 mm A tet\u0151hajl\u00e1s ir\u00e1nya: a H\u00c1TS\u00d3 oldal fel\u00e9 (alapkivitel)","og_url":"https:\/\/gardeon.hu\/shop\/produkt\/gardeon-eloteto-5800-x-5400-mm\/","og_site_name":"Gardeon e-shop","article_modified_time":"2026-04-15T11:39:58+00:00","og_image":[{"width":1200,"height":800,"url":"https:\/\/gardeon.hu\/shop\/wp-content\/uploads\/2022\/12\/gardeon-pristresok-1_26_11zon.jpg","type":"image\/jpeg"}],"twitter_card":"summary_large_image","twitter_misc":{"Becs\u00fclt olvas\u00e1si id\u0151":"1 perc"},"schema":{"@context":"https:\/\/schema.org","@graph":[{"@type":"WebPage","@id":"https:\/\/gardeon.hu\/shop\/produkt\/gardeon-eloteto-5800-x-5400-mm\/","url":"https:\/\/gardeon.hu\/shop\/produkt\/gardeon-eloteto-5800-x-5400-mm\/","name":"GARDEON el\u0151tet\u0151 | 5800 x 5400 mm","isPartOf":{"@id":"https:\/\/gardeon.hu\/shop\/#website"},"primaryImageOfPage":{"@id":"https:\/\/gardeon.hu\/shop\/produkt\/gardeon-eloteto-5800-x-5400-mm\/#primaryimage"},"image":{"@id":"https:\/\/gardeon.hu\/shop\/produkt\/gardeon-eloteto-5800-x-5400-mm\/#primaryimage"},"thumbnailUrl":"https:\/\/gardeon.hu\/shop\/wp-content\/uploads\/2022\/12\/gardeon-pristresok-1_26_11zon.jpg","datePublished":"2026-04-15T11:39:56+00:00","dateModified":"2026-04-15T11:39:58+00:00","breadcrumb":{"@id":"https:\/\/gardeon.hu\/shop\/produkt\/gardeon-eloteto-5800-x-5400-mm\/#breadcrumb"},"inLanguage":"hu","potentialAction":[{"@type":"ReadAction","target":["https:\/\/gardeon.hu\/shop\/produkt\/gardeon-eloteto-5800-x-5400-mm\/"]}]},{"@type":"ImageObject","inLanguage":"hu","@id":"https:\/\/gardeon.hu\/shop\/produkt\/gardeon-eloteto-5800-x-5400-mm\/#primaryimage","url":"https:\/\/gardeon.hu\/shop\/wp-content\/uploads\/2022\/12\/gardeon-pristresok-1_26_11zon.jpg","contentUrl":"https:\/\/gardeon.hu\/shop\/wp-content\/uploads\/2022\/12\/gardeon-pristresok-1_26_11zon.jpg","width":1200,"height":800},{"@type":"BreadcrumbList","@id":"https:\/\/gardeon.hu\/shop\/produkt\/gardeon-eloteto-5800-x-5400-mm\/#breadcrumb","itemListElement":[{"@type":"ListItem","position":1,"name":"Online Shop GARDEON","item":"https:\/\/gardeon.at\/shop\/"},{"@type":"ListItem","position":2,"name":"\u00c9p\u00edtkez\u00e9sek megrendel\u00e9sre","item":"https:\/\/gardeon.hu\/shop\/product-category\/epitkezesek-megrendelesre\/"},{"@type":"ListItem","position":3,"name":"Tet\u0151szerkezetek","item":"https:\/\/gardeon.hu\/shop\/product-category\/epitkezesek-megrendelesre\/tetoszerkezetek\/"},{"@type":"ListItem","position":4,"name":"K\u00e9t aut\u00f3nak val\u00f3 gar\u00e1zsok","item":"https:\/\/gardeon.hu\/shop\/product-category\/epitkezesek-megrendelesre\/tetoszerkezetek\/ket-autonak-valo-garazsok\/"},{"@type":"ListItem","position":5,"name":"GARDEON el\u0151tet\u0151 | 5800 x 5400 mm"}]},{"@type":"WebSite","@id":"https:\/\/gardeon.hu\/shop\/#website","url":"https:\/\/gardeon.hu\/shop\/","name":"Gardeon e-shop","description":"","potentialAction":[{"@type":"SearchAction","target":{"@type":"EntryPoint","urlTemplate":"https:\/\/gardeon.hu\/shop\/?s={search_term_string}"},"query-input":{"@type":"PropertyValueSpecification","valueRequired":true,"valueName":"search_term_string"}}],"inLanguage":"hu"}]}},"pll_sync_post":[],"lang":"hu","translations":{"hu":7135,"sk":5062,"cs":5063,"de-de":5064,"de-at":5065},"_links":{"self":[{"href":"https:\/\/gardeon.hu\/shop\/wp-json\/wp\/v2\/product\/7135","targetHints":{"allow":["GET"]}}],"collection":[{"href":"https:\/\/gardeon.hu\/shop\/wp-json\/wp\/v2\/product"}],"about":[{"href":"https:\/\/gardeon.hu\/shop\/wp-json\/wp\/v2\/types\/product"}],"wp:featuredmedia":[{"embeddable":true,"href":"https:\/\/gardeon.hu\/shop\/wp-json\/wp\/v2\/media\/4355"}],"wp:attachment":[{"href":"https:\/\/gardeon.hu\/shop\/wp-json\/wp\/v2\/media?parent=7135"}],"wp:term":[{"taxonomy":"product_brand","embeddable":true,"href":"https:\/\/gardeon.hu\/shop\/wp-json\/wp\/v2\/product_brand?post=7135"},{"taxonomy":"product_cat","embeddable":true,"href":"https:\/\/gardeon.hu\/shop\/wp-json\/wp\/v2\/product_cat?post=7135"},{"taxonomy":"product_tag","embeddable":true,"href":"https:\/\/gardeon.hu\/shop\/wp-json\/wp\/v2\/product_tag?post=7135"}],"curies":[{"name":"wp","href":"https:\/\/api.w.org\/{rel}","templated":true}]}}