{"id":7119,"date":"2026-04-15T13:38:52","date_gmt":"2026-04-15T11:38:52","guid":{"rendered":"https:\/\/gardeon.hu\/shop\/?post_type=product&#038;p=7119"},"modified":"2026-04-15T13:38:53","modified_gmt":"2026-04-15T11:38:53","slug":"gardeon-egyautos-garazs-3500-x-5800-mm","status":"publish","type":"product","link":"https:\/\/gardeon.hu\/shop\/produkt\/gardeon-egyautos-garazs-3500-x-5800-mm\/","title":{"rendered":"GARDEON egyaut\u00f3s gar\u00e1zs | 3500 x 5800 mm"},"content":{"rendered":"<h2><span style=\"color: #ff0000\">INGYENES \u00d6SSZESZEREL\u00c9S \u00c9S SZ\u00c1LL\u00cdT\u00c1S! (2 073,80 \u20ac)<\/span><\/h2>\n<p><strong>K\u00fcls\u0151 m\u00e9retek:<\/strong> 3500 x 5800 mm (sz\u00e9less\u00e9g x m\u00e9lys\u00e9g)<\/p>\n<p><strong>Standard falmagass\u00e1g:<\/strong> 2290 mm<\/p>\n<p><strong>Tet\u0151 lejt\u00e9se: <\/strong>2500\/2370 mm<\/p>\n<p><strong>A tet\u0151 lejt\u00e9s\u00e9nek ir\u00e1nya:<\/strong> a H\u00c1TS\u00d3 oldal fel\u00e9 (standard)<\/p>\n<div class=\"page\" title=\"Page 3\">\n<div class=\"layoutArea\">\n<div class=\"column\">\n<p><strong>A gar\u00e1zskapu m\u00e9retei: <\/strong>2500 x 2125 mm<\/p>\n<\/div>\n<\/div>\n<\/div>\n<h4><strong>Az \u00e9p\u00fclet AZONNAL \u00e1tvehet\u0151!<\/strong><\/h4>\n<p><em>A fot\u00f3k illusztr\u00e1ci\u00f3s jelleg\u0171ek.<\/em><\/p>\n","protected":false},"excerpt":{"rendered":"<p>INGYENES \u00d6SSZESZEREL\u00c9S \u00c9S SZ\u00c1LL\u00cdT\u00c1S! (2 073,80 \u20ac) K\u00fcls\u0151 m\u00e9retek: 3500 x 5800 mm (sz\u00e9less\u00e9g x m\u00e9lys\u00e9g) Standard falmagass\u00e1g: 2290 mm<\/p>\n","protected":false},"featured_media":5200,"template":"","meta":{"_acf_changed":false,"inline_featured_image":false},"product_brand":[],"product_cat":[2534,2512],"product_tag":[],"class_list":{"0":"post-7119","1":"product","2":"type-product","3":"status-publish","4":"has-post-thumbnail","6":"product_cat-garazsok","7":"product_cat-raktarepuletek","8":"product_shipping_class-doprava-stavby","10":"first","11":"instock","12":"sale","13":"taxable","14":"shipping-taxable","15":"purchasable","16":"product-type-simple"},"acf":[],"yoast_head":"<!-- This site is optimized with the Yoast SEO plugin v27.4 - https:\/\/yoast.com\/product\/yoast-seo-wordpress\/ -->\n<title>GARDEON egyaut\u00f3s gar\u00e1zs | 3500 x 5800 mm<\/title>\n<meta name=\"robots\" content=\"index, follow, max-snippet:-1, max-image-preview:large, max-video-preview:-1\" \/>\n<link rel=\"canonical\" href=\"https:\/\/gardeon.hu\/shop\/produkt\/gardeon-egyautos-garazs-3500-x-5800-mm\/\" \/>\n<meta property=\"og:locale\" content=\"hu_HU\" \/>\n<meta property=\"og:type\" content=\"article\" \/>\n<meta property=\"og:title\" content=\"GARDEON egyaut\u00f3s gar\u00e1zs | 3500 x 5800 mm\" \/>\n<meta property=\"og:description\" content=\"INGYENES \u00d6SSZESZEREL\u00c9S \u00c9S SZ\u00c1LL\u00cdT\u00c1S! (2 073,80 \u20ac) K\u00fcls\u0151 m\u00e9retek: 3500 x 5800 mm (sz\u00e9less\u00e9g x m\u00e9lys\u00e9g) Standard falmagass\u00e1g: 2290 mm\" \/>\n<meta property=\"og:url\" content=\"https:\/\/gardeon.hu\/shop\/produkt\/gardeon-egyautos-garazs-3500-x-5800-mm\/\" \/>\n<meta property=\"og:site_name\" content=\"Gardeon e-shop\" \/>\n<meta property=\"article:modified_time\" content=\"2026-04-15T11:38:53+00:00\" \/>\n<meta property=\"og:image\" content=\"https:\/\/gardeon.hu\/shop\/wp-content\/uploads\/2023\/04\/gardeon-garaz-pre-jedno-auto-pultova-strecha-3000x5000mm-2-scaled.webp\" \/>\n\t<meta property=\"og:image:width\" content=\"2560\" \/>\n\t<meta property=\"og:image:height\" content=\"1344\" \/>\n\t<meta property=\"og:image:type\" content=\"image\/webp\" \/>\n<meta name=\"twitter:card\" content=\"summary_large_image\" \/>\n<meta name=\"twitter:label1\" content=\"Becs\u00fclt olvas\u00e1si id\u0151\" \/>\n\t<meta name=\"twitter:data1\" content=\"1 perc\" \/>\n<script type=\"application\/ld+json\" class=\"yoast-schema-graph\">{\"@context\":\"https:\\\/\\\/schema.org\",\"@graph\":[{\"@type\":\"WebPage\",\"@id\":\"https:\\\/\\\/gardeon.hu\\\/shop\\\/produkt\\\/gardeon-egyautos-garazs-3500-x-5800-mm\\\/\",\"url\":\"https:\\\/\\\/gardeon.hu\\\/shop\\\/produkt\\\/gardeon-egyautos-garazs-3500-x-5800-mm\\\/\",\"name\":\"GARDEON egyaut\u00f3s gar\u00e1zs | 3500 x 5800 mm\",\"isPartOf\":{\"@id\":\"https:\\\/\\\/gardeon.hu\\\/shop\\\/#website\"},\"primaryImageOfPage\":{\"@id\":\"https:\\\/\\\/gardeon.hu\\\/shop\\\/produkt\\\/gardeon-egyautos-garazs-3500-x-5800-mm\\\/#primaryimage\"},\"image\":{\"@id\":\"https:\\\/\\\/gardeon.hu\\\/shop\\\/produkt\\\/gardeon-egyautos-garazs-3500-x-5800-mm\\\/#primaryimage\"},\"thumbnailUrl\":\"https:\\\/\\\/gardeon.hu\\\/shop\\\/wp-content\\\/uploads\\\/2023\\\/04\\\/gardeon-garaz-pre-jedno-auto-pultova-strecha-3000x5000mm-2-scaled.webp\",\"datePublished\":\"2026-04-15T11:38:52+00:00\",\"dateModified\":\"2026-04-15T11:38:53+00:00\",\"breadcrumb\":{\"@id\":\"https:\\\/\\\/gardeon.hu\\\/shop\\\/produkt\\\/gardeon-egyautos-garazs-3500-x-5800-mm\\\/#breadcrumb\"},\"inLanguage\":\"hu\",\"potentialAction\":[{\"@type\":\"ReadAction\",\"target\":[\"https:\\\/\\\/gardeon.hu\\\/shop\\\/produkt\\\/gardeon-egyautos-garazs-3500-x-5800-mm\\\/\"]}]},{\"@type\":\"ImageObject\",\"inLanguage\":\"hu\",\"@id\":\"https:\\\/\\\/gardeon.hu\\\/shop\\\/produkt\\\/gardeon-egyautos-garazs-3500-x-5800-mm\\\/#primaryimage\",\"url\":\"https:\\\/\\\/gardeon.hu\\\/shop\\\/wp-content\\\/uploads\\\/2023\\\/04\\\/gardeon-garaz-pre-jedno-auto-pultova-strecha-3000x5000mm-2-scaled.webp\",\"contentUrl\":\"https:\\\/\\\/gardeon.hu\\\/shop\\\/wp-content\\\/uploads\\\/2023\\\/04\\\/gardeon-garaz-pre-jedno-auto-pultova-strecha-3000x5000mm-2-scaled.webp\",\"width\":2560,\"height\":1344},{\"@type\":\"BreadcrumbList\",\"@id\":\"https:\\\/\\\/gardeon.hu\\\/shop\\\/produkt\\\/gardeon-egyautos-garazs-3500-x-5800-mm\\\/#breadcrumb\",\"itemListElement\":[{\"@type\":\"ListItem\",\"position\":1,\"name\":\"Online Shop GARDEON\",\"item\":\"https:\\\/\\\/gardeon.at\\\/shop\\\/\"},{\"@type\":\"ListItem\",\"position\":2,\"name\":\"Rakt\u00e1r\u00e9p\u00fcletek\",\"item\":\"https:\\\/\\\/gardeon.hu\\\/shop\\\/product-category\\\/raktarepuletek\\\/\"},{\"@type\":\"ListItem\",\"position\":3,\"name\":\"Gar\u00e1zsok\",\"item\":\"https:\\\/\\\/gardeon.hu\\\/shop\\\/product-category\\\/raktarepuletek\\\/garazsok\\\/\"},{\"@type\":\"ListItem\",\"position\":4,\"name\":\"GARDEON egyaut\u00f3s gar\u00e1zs | 3500 x 5800 mm\"}]},{\"@type\":\"WebSite\",\"@id\":\"https:\\\/\\\/gardeon.hu\\\/shop\\\/#website\",\"url\":\"https:\\\/\\\/gardeon.hu\\\/shop\\\/\",\"name\":\"Gardeon e-shop\",\"description\":\"\",\"potentialAction\":[{\"@type\":\"SearchAction\",\"target\":{\"@type\":\"EntryPoint\",\"urlTemplate\":\"https:\\\/\\\/gardeon.hu\\\/shop\\\/?s={search_term_string}\"},\"query-input\":{\"@type\":\"PropertyValueSpecification\",\"valueRequired\":true,\"valueName\":\"search_term_string\"}}],\"inLanguage\":\"hu\"}]}<\/script>\n<!-- \/ Yoast SEO plugin. -->","yoast_head_json":{"title":"GARDEON egyaut\u00f3s gar\u00e1zs | 3500 x 5800 mm","robots":{"index":"index","follow":"follow","max-snippet":"max-snippet:-1","max-image-preview":"max-image-preview:large","max-video-preview":"max-video-preview:-1"},"canonical":"https:\/\/gardeon.hu\/shop\/produkt\/gardeon-egyautos-garazs-3500-x-5800-mm\/","og_locale":"hu_HU","og_type":"article","og_title":"GARDEON egyaut\u00f3s gar\u00e1zs | 3500 x 5800 mm","og_description":"INGYENES \u00d6SSZESZEREL\u00c9S \u00c9S SZ\u00c1LL\u00cdT\u00c1S! (2 073,80 \u20ac) K\u00fcls\u0151 m\u00e9retek: 3500 x 5800 mm (sz\u00e9less\u00e9g x m\u00e9lys\u00e9g) Standard falmagass\u00e1g: 2290 mm","og_url":"https:\/\/gardeon.hu\/shop\/produkt\/gardeon-egyautos-garazs-3500-x-5800-mm\/","og_site_name":"Gardeon e-shop","article_modified_time":"2026-04-15T11:38:53+00:00","og_image":[{"width":2560,"height":1344,"url":"https:\/\/gardeon.hu\/shop\/wp-content\/uploads\/2023\/04\/gardeon-garaz-pre-jedno-auto-pultova-strecha-3000x5000mm-2-scaled.webp","type":"image\/webp"}],"twitter_card":"summary_large_image","twitter_misc":{"Becs\u00fclt olvas\u00e1si id\u0151":"1 perc"},"schema":{"@context":"https:\/\/schema.org","@graph":[{"@type":"WebPage","@id":"https:\/\/gardeon.hu\/shop\/produkt\/gardeon-egyautos-garazs-3500-x-5800-mm\/","url":"https:\/\/gardeon.hu\/shop\/produkt\/gardeon-egyautos-garazs-3500-x-5800-mm\/","name":"GARDEON egyaut\u00f3s gar\u00e1zs | 3500 x 5800 mm","isPartOf":{"@id":"https:\/\/gardeon.hu\/shop\/#website"},"primaryImageOfPage":{"@id":"https:\/\/gardeon.hu\/shop\/produkt\/gardeon-egyautos-garazs-3500-x-5800-mm\/#primaryimage"},"image":{"@id":"https:\/\/gardeon.hu\/shop\/produkt\/gardeon-egyautos-garazs-3500-x-5800-mm\/#primaryimage"},"thumbnailUrl":"https:\/\/gardeon.hu\/shop\/wp-content\/uploads\/2023\/04\/gardeon-garaz-pre-jedno-auto-pultova-strecha-3000x5000mm-2-scaled.webp","datePublished":"2026-04-15T11:38:52+00:00","dateModified":"2026-04-15T11:38:53+00:00","breadcrumb":{"@id":"https:\/\/gardeon.hu\/shop\/produkt\/gardeon-egyautos-garazs-3500-x-5800-mm\/#breadcrumb"},"inLanguage":"hu","potentialAction":[{"@type":"ReadAction","target":["https:\/\/gardeon.hu\/shop\/produkt\/gardeon-egyautos-garazs-3500-x-5800-mm\/"]}]},{"@type":"ImageObject","inLanguage":"hu","@id":"https:\/\/gardeon.hu\/shop\/produkt\/gardeon-egyautos-garazs-3500-x-5800-mm\/#primaryimage","url":"https:\/\/gardeon.hu\/shop\/wp-content\/uploads\/2023\/04\/gardeon-garaz-pre-jedno-auto-pultova-strecha-3000x5000mm-2-scaled.webp","contentUrl":"https:\/\/gardeon.hu\/shop\/wp-content\/uploads\/2023\/04\/gardeon-garaz-pre-jedno-auto-pultova-strecha-3000x5000mm-2-scaled.webp","width":2560,"height":1344},{"@type":"BreadcrumbList","@id":"https:\/\/gardeon.hu\/shop\/produkt\/gardeon-egyautos-garazs-3500-x-5800-mm\/#breadcrumb","itemListElement":[{"@type":"ListItem","position":1,"name":"Online Shop GARDEON","item":"https:\/\/gardeon.at\/shop\/"},{"@type":"ListItem","position":2,"name":"Rakt\u00e1r\u00e9p\u00fcletek","item":"https:\/\/gardeon.hu\/shop\/product-category\/raktarepuletek\/"},{"@type":"ListItem","position":3,"name":"Gar\u00e1zsok","item":"https:\/\/gardeon.hu\/shop\/product-category\/raktarepuletek\/garazsok\/"},{"@type":"ListItem","position":4,"name":"GARDEON egyaut\u00f3s gar\u00e1zs | 3500 x 5800 mm"}]},{"@type":"WebSite","@id":"https:\/\/gardeon.hu\/shop\/#website","url":"https:\/\/gardeon.hu\/shop\/","name":"Gardeon e-shop","description":"","potentialAction":[{"@type":"SearchAction","target":{"@type":"EntryPoint","urlTemplate":"https:\/\/gardeon.hu\/shop\/?s={search_term_string}"},"query-input":{"@type":"PropertyValueSpecification","valueRequired":true,"valueName":"search_term_string"}}],"inLanguage":"hu"}]}},"pll_sync_post":[],"lang":"hu","translations":{"hu":7119,"sk":5270,"cs":5271,"de-de":5272,"de-at":5273},"_links":{"self":[{"href":"https:\/\/gardeon.hu\/shop\/wp-json\/wp\/v2\/product\/7119","targetHints":{"allow":["GET"]}}],"collection":[{"href":"https:\/\/gardeon.hu\/shop\/wp-json\/wp\/v2\/product"}],"about":[{"href":"https:\/\/gardeon.hu\/shop\/wp-json\/wp\/v2\/types\/product"}],"wp:featuredmedia":[{"embeddable":true,"href":"https:\/\/gardeon.hu\/shop\/wp-json\/wp\/v2\/media\/5200"}],"wp:attachment":[{"href":"https:\/\/gardeon.hu\/shop\/wp-json\/wp\/v2\/media?parent=7119"}],"wp:term":[{"taxonomy":"product_brand","embeddable":true,"href":"https:\/\/gardeon.hu\/shop\/wp-json\/wp\/v2\/product_brand?post=7119"},{"taxonomy":"product_cat","embeddable":true,"href":"https:\/\/gardeon.hu\/shop\/wp-json\/wp\/v2\/product_cat?post=7119"},{"taxonomy":"product_tag","embeddable":true,"href":"https:\/\/gardeon.hu\/shop\/wp-json\/wp\/v2\/product_tag?post=7119"}],"curies":[{"name":"wp","href":"https:\/\/api.w.org\/{rel}","templated":true}]}}