{"id":7117,"date":"2026-04-15T13:38:50","date_gmt":"2026-04-15T11:38:50","guid":{"rendered":"https:\/\/gardeon.hu\/shop\/?post_type=product&#038;p=7117"},"modified":"2026-04-15T13:38:51","modified_gmt":"2026-04-15T11:38:51","slug":"gardeon-kerti-haz-2000-x-2100-mm-2","status":"publish","type":"product","link":"https:\/\/gardeon.hu\/shop\/produkt\/gardeon-kerti-haz-2000-x-2100-mm-2\/","title":{"rendered":"GARDEON kerti h\u00e1z | 2000 x 2100 mm"},"content":{"rendered":"<p><strong>K\u00fcls\u0151 m\u00e9retek:<\/strong> 2000 x 2100 mm (sz\u00e9less\u00e9g x m\u00e9lys\u00e9g)<\/p>\n<p><strong>Alapmagass\u00e1g: <\/strong>2160 mm<\/p>\n<p><strong>Tet\u0151hajl\u00e1s: <\/strong>2310\/2180 mm<\/p>\n<p><strong>A tet\u0151hajl\u00e1s ir\u00e1nya:<\/strong> a H\u00c1TS\u00d3 oldal fel\u00e9 (alap)<\/p>\n<hr \/>\n<p>A hagyom\u00e1nyos funkcionalit\u00e1s \u00f6tv\u00f6z\u0151dik a modern megjelen\u00e9ssel, a kiv\u00e1l\u00f3 min\u0151s\u00e9g\u0171 anyagokkal \u00e9s a leg\u00fajabb \u00e9p\u00edt\u00e9si technol\u00f3gi\u00e1kkal, mindezt megfizethet\u0151 \u00e1ron \u2013 ez jellemzi a GARDEON el\u0151re gy\u00e1rtott, egyenes tet\u0151s kerti h\u00e1zakat.<\/p>\n<p>Az alacsony lejt\u00e9s\u0171, egyenes tet\u0151nek k\u00f6sz\u00f6nhet\u0151en a kerti h\u00e1z egyszer\u0171 \u00e9s term\u00e9szetes hat\u00e1st kelt, \u00edgy harmonikusan illeszkedik a legk\u00fcl\u00f6nb\u00f6z\u0151bb k\u00f6rnyezetbe.<\/p>\n<p><em>A fot\u00f3k illusztr\u00e1ci\u00f3s jelleg\u0171ek.<\/em><\/p>\n","protected":false},"excerpt":{"rendered":"<p>K\u00fcls\u0151 m\u00e9retek: 2000 x 2100 mm (sz\u00e9less\u00e9g x m\u00e9lys\u00e9g) Alapmagass\u00e1g: 2160 mm Tet\u0151hajl\u00e1s: 2310\/2180 mm A tet\u0151hajl\u00e1s ir\u00e1nya: a H\u00c1TS\u00d3<\/p>\n","protected":false},"featured_media":5428,"template":"","meta":{"_acf_changed":false,"inline_featured_image":false},"product_brand":[],"product_cat":[2476,2546,2548],"product_tag":[2507],"class_list":{"0":"post-7117","1":"product","2":"type-product","3":"status-publish","4":"has-post-thumbnail","6":"product_cat-epitkezesek-megrendelesre","7":"product_cat-kerti-hazikok-2","8":"product_cat-lapos-tetovel","9":"product_tag-lacny","10":"product_shipping_class-doprava-stavby","12":"first","13":"onbackorder","14":"taxable","15":"shipping-taxable","16":"purchasable","17":"product-type-simple"},"acf":[],"yoast_head":"<!-- This site is optimized with the Yoast SEO plugin v27.4 - https:\/\/yoast.com\/product\/yoast-seo-wordpress\/ -->\n<title>GARDEON kerti h\u00e1z | 2000 x 2100 mm<\/title>\n<meta name=\"robots\" content=\"index, follow, max-snippet:-1, max-image-preview:large, max-video-preview:-1\" \/>\n<link rel=\"canonical\" href=\"https:\/\/gardeon.hu\/shop\/produkt\/gardeon-kerti-haz-2000-x-2100-mm-2\/\" \/>\n<meta property=\"og:locale\" content=\"hu_HU\" \/>\n<meta property=\"og:type\" content=\"article\" \/>\n<meta property=\"og:title\" content=\"GARDEON kerti h\u00e1z | 2000 x 2100 mm\" \/>\n<meta property=\"og:description\" content=\"K\u00fcls\u0151 m\u00e9retek: 2000 x 2100 mm (sz\u00e9less\u00e9g x m\u00e9lys\u00e9g) Alapmagass\u00e1g: 2160 mm Tet\u0151hajl\u00e1s: 2310\/2180 mm A tet\u0151hajl\u00e1s ir\u00e1nya: a H\u00c1TS\u00d3\" \/>\n<meta property=\"og:url\" content=\"https:\/\/gardeon.hu\/shop\/produkt\/gardeon-kerti-haz-2000-x-2100-mm-2\/\" \/>\n<meta property=\"og:site_name\" content=\"Gardeon e-shop\" \/>\n<meta property=\"article:modified_time\" content=\"2026-04-15T11:38:51+00:00\" \/>\n<meta property=\"og:image\" content=\"https:\/\/gardeon.hu\/shop\/wp-content\/uploads\/2023\/09\/gardeon-zahradny-domcek-pultova-strecha-5818-ZM-3.webp\" \/>\n\t<meta property=\"og:image:width\" content=\"2000\" \/>\n\t<meta property=\"og:image:height\" content=\"1333\" \/>\n\t<meta property=\"og:image:type\" content=\"image\/webp\" \/>\n<meta name=\"twitter:card\" content=\"summary_large_image\" \/>\n<meta name=\"twitter:label1\" content=\"Becs\u00fclt olvas\u00e1si id\u0151\" \/>\n\t<meta name=\"twitter:data1\" content=\"1 perc\" \/>\n<script type=\"application\/ld+json\" class=\"yoast-schema-graph\">{\"@context\":\"https:\\\/\\\/schema.org\",\"@graph\":[{\"@type\":\"WebPage\",\"@id\":\"https:\\\/\\\/gardeon.hu\\\/shop\\\/produkt\\\/gardeon-kerti-haz-2000-x-2100-mm-2\\\/\",\"url\":\"https:\\\/\\\/gardeon.hu\\\/shop\\\/produkt\\\/gardeon-kerti-haz-2000-x-2100-mm-2\\\/\",\"name\":\"GARDEON kerti h\u00e1z | 2000 x 2100 mm\",\"isPartOf\":{\"@id\":\"https:\\\/\\\/gardeon.hu\\\/shop\\\/#website\"},\"primaryImageOfPage\":{\"@id\":\"https:\\\/\\\/gardeon.hu\\\/shop\\\/produkt\\\/gardeon-kerti-haz-2000-x-2100-mm-2\\\/#primaryimage\"},\"image\":{\"@id\":\"https:\\\/\\\/gardeon.hu\\\/shop\\\/produkt\\\/gardeon-kerti-haz-2000-x-2100-mm-2\\\/#primaryimage\"},\"thumbnailUrl\":\"https:\\\/\\\/gardeon.hu\\\/shop\\\/wp-content\\\/uploads\\\/2023\\\/09\\\/gardeon-zahradny-domcek-pultova-strecha-5818-ZM-3.webp\",\"datePublished\":\"2026-04-15T11:38:50+00:00\",\"dateModified\":\"2026-04-15T11:38:51+00:00\",\"breadcrumb\":{\"@id\":\"https:\\\/\\\/gardeon.hu\\\/shop\\\/produkt\\\/gardeon-kerti-haz-2000-x-2100-mm-2\\\/#breadcrumb\"},\"inLanguage\":\"hu\",\"potentialAction\":[{\"@type\":\"ReadAction\",\"target\":[\"https:\\\/\\\/gardeon.hu\\\/shop\\\/produkt\\\/gardeon-kerti-haz-2000-x-2100-mm-2\\\/\"]}]},{\"@type\":\"ImageObject\",\"inLanguage\":\"hu\",\"@id\":\"https:\\\/\\\/gardeon.hu\\\/shop\\\/produkt\\\/gardeon-kerti-haz-2000-x-2100-mm-2\\\/#primaryimage\",\"url\":\"https:\\\/\\\/gardeon.hu\\\/shop\\\/wp-content\\\/uploads\\\/2023\\\/09\\\/gardeon-zahradny-domcek-pultova-strecha-5818-ZM-3.webp\",\"contentUrl\":\"https:\\\/\\\/gardeon.hu\\\/shop\\\/wp-content\\\/uploads\\\/2023\\\/09\\\/gardeon-zahradny-domcek-pultova-strecha-5818-ZM-3.webp\",\"width\":2000,\"height\":1333,\"caption\":\"Z\u00e1hradn\u00fd dom\u010dek GARDEON v rohu pozemku ved\u013ea plota\"},{\"@type\":\"BreadcrumbList\",\"@id\":\"https:\\\/\\\/gardeon.hu\\\/shop\\\/produkt\\\/gardeon-kerti-haz-2000-x-2100-mm-2\\\/#breadcrumb\",\"itemListElement\":[{\"@type\":\"ListItem\",\"position\":1,\"name\":\"Online Shop GARDEON\",\"item\":\"https:\\\/\\\/gardeon.at\\\/shop\\\/\"},{\"@type\":\"ListItem\",\"position\":2,\"name\":\"\u00c9p\u00edtkez\u00e9sek megrendel\u00e9sre\",\"item\":\"https:\\\/\\\/gardeon.hu\\\/shop\\\/product-category\\\/epitkezesek-megrendelesre\\\/\"},{\"@type\":\"ListItem\",\"position\":3,\"name\":\"Kerti h\u00e1zik\u00f3k\",\"item\":\"https:\\\/\\\/gardeon.hu\\\/shop\\\/product-category\\\/epitkezesek-megrendelesre\\\/kerti-hazikok-2\\\/\"},{\"@type\":\"ListItem\",\"position\":4,\"name\":\"Lapos tet\u0151vel\",\"item\":\"https:\\\/\\\/gardeon.hu\\\/shop\\\/product-category\\\/kerti-hazikok-2\\\/lapos-tetovel\\\/\"},{\"@type\":\"ListItem\",\"position\":5,\"name\":\"GARDEON kerti h\u00e1z | 2000 x 2100 mm\"}]},{\"@type\":\"WebSite\",\"@id\":\"https:\\\/\\\/gardeon.hu\\\/shop\\\/#website\",\"url\":\"https:\\\/\\\/gardeon.hu\\\/shop\\\/\",\"name\":\"Gardeon e-shop\",\"description\":\"\",\"potentialAction\":[{\"@type\":\"SearchAction\",\"target\":{\"@type\":\"EntryPoint\",\"urlTemplate\":\"https:\\\/\\\/gardeon.hu\\\/shop\\\/?s={search_term_string}\"},\"query-input\":{\"@type\":\"PropertyValueSpecification\",\"valueRequired\":true,\"valueName\":\"search_term_string\"}}],\"inLanguage\":\"hu\"}]}<\/script>\n<!-- \/ Yoast SEO plugin. -->","yoast_head_json":{"title":"GARDEON kerti h\u00e1z | 2000 x 2100 mm","robots":{"index":"index","follow":"follow","max-snippet":"max-snippet:-1","max-image-preview":"max-image-preview:large","max-video-preview":"max-video-preview:-1"},"canonical":"https:\/\/gardeon.hu\/shop\/produkt\/gardeon-kerti-haz-2000-x-2100-mm-2\/","og_locale":"hu_HU","og_type":"article","og_title":"GARDEON kerti h\u00e1z | 2000 x 2100 mm","og_description":"K\u00fcls\u0151 m\u00e9retek: 2000 x 2100 mm (sz\u00e9less\u00e9g x m\u00e9lys\u00e9g) Alapmagass\u00e1g: 2160 mm Tet\u0151hajl\u00e1s: 2310\/2180 mm A tet\u0151hajl\u00e1s ir\u00e1nya: a H\u00c1TS\u00d3","og_url":"https:\/\/gardeon.hu\/shop\/produkt\/gardeon-kerti-haz-2000-x-2100-mm-2\/","og_site_name":"Gardeon e-shop","article_modified_time":"2026-04-15T11:38:51+00:00","og_image":[{"width":2000,"height":1333,"url":"https:\/\/gardeon.hu\/shop\/wp-content\/uploads\/2023\/09\/gardeon-zahradny-domcek-pultova-strecha-5818-ZM-3.webp","type":"image\/webp"}],"twitter_card":"summary_large_image","twitter_misc":{"Becs\u00fclt olvas\u00e1si id\u0151":"1 perc"},"schema":{"@context":"https:\/\/schema.org","@graph":[{"@type":"WebPage","@id":"https:\/\/gardeon.hu\/shop\/produkt\/gardeon-kerti-haz-2000-x-2100-mm-2\/","url":"https:\/\/gardeon.hu\/shop\/produkt\/gardeon-kerti-haz-2000-x-2100-mm-2\/","name":"GARDEON kerti h\u00e1z | 2000 x 2100 mm","isPartOf":{"@id":"https:\/\/gardeon.hu\/shop\/#website"},"primaryImageOfPage":{"@id":"https:\/\/gardeon.hu\/shop\/produkt\/gardeon-kerti-haz-2000-x-2100-mm-2\/#primaryimage"},"image":{"@id":"https:\/\/gardeon.hu\/shop\/produkt\/gardeon-kerti-haz-2000-x-2100-mm-2\/#primaryimage"},"thumbnailUrl":"https:\/\/gardeon.hu\/shop\/wp-content\/uploads\/2023\/09\/gardeon-zahradny-domcek-pultova-strecha-5818-ZM-3.webp","datePublished":"2026-04-15T11:38:50+00:00","dateModified":"2026-04-15T11:38:51+00:00","breadcrumb":{"@id":"https:\/\/gardeon.hu\/shop\/produkt\/gardeon-kerti-haz-2000-x-2100-mm-2\/#breadcrumb"},"inLanguage":"hu","potentialAction":[{"@type":"ReadAction","target":["https:\/\/gardeon.hu\/shop\/produkt\/gardeon-kerti-haz-2000-x-2100-mm-2\/"]}]},{"@type":"ImageObject","inLanguage":"hu","@id":"https:\/\/gardeon.hu\/shop\/produkt\/gardeon-kerti-haz-2000-x-2100-mm-2\/#primaryimage","url":"https:\/\/gardeon.hu\/shop\/wp-content\/uploads\/2023\/09\/gardeon-zahradny-domcek-pultova-strecha-5818-ZM-3.webp","contentUrl":"https:\/\/gardeon.hu\/shop\/wp-content\/uploads\/2023\/09\/gardeon-zahradny-domcek-pultova-strecha-5818-ZM-3.webp","width":2000,"height":1333,"caption":"Z\u00e1hradn\u00fd dom\u010dek GARDEON v rohu pozemku ved\u013ea plota"},{"@type":"BreadcrumbList","@id":"https:\/\/gardeon.hu\/shop\/produkt\/gardeon-kerti-haz-2000-x-2100-mm-2\/#breadcrumb","itemListElement":[{"@type":"ListItem","position":1,"name":"Online Shop GARDEON","item":"https:\/\/gardeon.at\/shop\/"},{"@type":"ListItem","position":2,"name":"\u00c9p\u00edtkez\u00e9sek megrendel\u00e9sre","item":"https:\/\/gardeon.hu\/shop\/product-category\/epitkezesek-megrendelesre\/"},{"@type":"ListItem","position":3,"name":"Kerti h\u00e1zik\u00f3k","item":"https:\/\/gardeon.hu\/shop\/product-category\/epitkezesek-megrendelesre\/kerti-hazikok-2\/"},{"@type":"ListItem","position":4,"name":"Lapos tet\u0151vel","item":"https:\/\/gardeon.hu\/shop\/product-category\/kerti-hazikok-2\/lapos-tetovel\/"},{"@type":"ListItem","position":5,"name":"GARDEON kerti h\u00e1z | 2000 x 2100 mm"}]},{"@type":"WebSite","@id":"https:\/\/gardeon.hu\/shop\/#website","url":"https:\/\/gardeon.hu\/shop\/","name":"Gardeon e-shop","description":"","potentialAction":[{"@type":"SearchAction","target":{"@type":"EntryPoint","urlTemplate":"https:\/\/gardeon.hu\/shop\/?s={search_term_string}"},"query-input":{"@type":"PropertyValueSpecification","valueRequired":true,"valueName":"search_term_string"}}],"inLanguage":"hu"}]}},"pll_sync_post":[],"lang":"hu","translations":{"hu":7117,"sk":5336,"cs":5337,"de-de":5338,"de-at":5339},"_links":{"self":[{"href":"https:\/\/gardeon.hu\/shop\/wp-json\/wp\/v2\/product\/7117","targetHints":{"allow":["GET"]}}],"collection":[{"href":"https:\/\/gardeon.hu\/shop\/wp-json\/wp\/v2\/product"}],"about":[{"href":"https:\/\/gardeon.hu\/shop\/wp-json\/wp\/v2\/types\/product"}],"wp:featuredmedia":[{"embeddable":true,"href":"https:\/\/gardeon.hu\/shop\/wp-json\/wp\/v2\/media\/5428"}],"wp:attachment":[{"href":"https:\/\/gardeon.hu\/shop\/wp-json\/wp\/v2\/media?parent=7117"}],"wp:term":[{"taxonomy":"product_brand","embeddable":true,"href":"https:\/\/gardeon.hu\/shop\/wp-json\/wp\/v2\/product_brand?post=7117"},{"taxonomy":"product_cat","embeddable":true,"href":"https:\/\/gardeon.hu\/shop\/wp-json\/wp\/v2\/product_cat?post=7117"},{"taxonomy":"product_tag","embeddable":true,"href":"https:\/\/gardeon.hu\/shop\/wp-json\/wp\/v2\/product_tag?post=7117"}],"curies":[{"name":"wp","href":"https:\/\/api.w.org\/{rel}","templated":true}]}}