{"id":7109,"date":"2026-04-15T13:38:40","date_gmt":"2026-04-15T11:38:40","guid":{"rendered":"https:\/\/gardeon.hu\/shop\/?post_type=product&#038;p=7109"},"modified":"2026-04-15T13:38:41","modified_gmt":"2026-04-15T11:38:41","slug":"negycsatornas-taviranyito-hormann-hse-4-bs","status":"publish","type":"product","link":"https:\/\/gardeon.hu\/shop\/produkt\/negycsatornas-taviranyito-hormann-hse-4-bs\/","title":{"rendered":"N\u00e9gycsatorn\u00e1s t\u00e1vir\u00e1ny\u00edt\u00f3 | H\u00f6rmann HSE-4-BS"},"content":{"rendered":"<p><strong>A csomag tartalma:<\/strong><\/p>\n<ul>\n<li>1x H\u00d6RMANN HSE 4 BS &#8211; t\u00e1vir\u00e1ny\u00edt\u00f3, matt fekete, m\u0171anyag burkolatok<\/li>\n<li>1x CR2032 elem, m\u00e1r behelyezve a t\u00e1vir\u00e1ny\u00edt\u00f3ba<\/li>\n<li>1x haszn\u00e1lati utas\u00edt\u00e1s<\/li>\n<\/ul>\n<p><strong>M\u00e9retek:<\/strong> 28 x 70 x 14 mm<br \/>\n<strong>\u00dczemi h\u0151m\u00e9rs\u00e9klet:<\/strong> -20 \u00e9s 60 \u00b0C k\u00f6z\u00f6tt<br \/>\n<b>Sz\u00edn: <\/b>matt fekete<br \/>\n<em>N\u00e9metorsz\u00e1gban gy\u00e1rtva.<\/em><\/p>\n<p>\u00a0<\/p>\n","protected":false},"excerpt":{"rendered":"<p class=\"p1\">H\u00d6RMANN HSE 4 BS, matt fekete t\u00e1vir\u00e1ny\u00edt\u00f3 (ad\u00f3) a H\u00d6RMANN gar\u00e1zskapu-meghajt\u00f3khoz, 3-as sorozat, BiSecur.<\/p>\n","protected":false},"featured_media":6257,"template":"","meta":{"_acf_changed":false,"inline_featured_image":false},"product_brand":[],"product_cat":[2464,2611],"product_tag":[2630,2632],"class_list":{"0":"post-7109","1":"product","2":"type-product","3":"status-publish","4":"has-post-thumbnail","6":"product_cat-kiegeszitok-es-tartozekok","7":"product_cat-taviranyitok","8":"product_tag-gardeon","9":"product_tag-hormann-taviranyito","10":"product_shipping_class-kurier-do-3-kg","12":"first","13":"instock","14":"sale","15":"taxable","16":"shipping-taxable","17":"purchasable","18":"product-type-simple"},"acf":[],"yoast_head":"<!-- This site is optimized with the Yoast SEO plugin v27.4 - https:\/\/yoast.com\/product\/yoast-seo-wordpress\/ -->\n<title>N\u00e9gycsatorn\u00e1s t\u00e1vir\u00e1ny\u00edt\u00f3 | H\u00f6rmann HSE-4-BS | Gardeon e-shop<\/title>\n<meta name=\"robots\" content=\"index, follow, max-snippet:-1, max-image-preview:large, max-video-preview:-1\" \/>\n<link rel=\"canonical\" href=\"https:\/\/gardeon.hu\/shop\/produkt\/negycsatornas-taviranyito-hormann-hse-4-bs\/\" \/>\n<meta property=\"og:locale\" content=\"hu_HU\" \/>\n<meta property=\"og:type\" content=\"article\" \/>\n<meta property=\"og:title\" content=\"N\u00e9gycsatorn\u00e1s t\u00e1vir\u00e1ny\u00edt\u00f3 | H\u00f6rmann HSE-4-BS | Gardeon e-shop\" \/>\n<meta property=\"og:description\" content=\"H\u00d6RMANN HSE 4 BS, matt fekete t\u00e1vir\u00e1ny\u00edt\u00f3 (ad\u00f3) a H\u00d6RMANN gar\u00e1zskapu-meghajt\u00f3khoz, 3-as sorozat, BiSecur.\" \/>\n<meta property=\"og:url\" content=\"https:\/\/gardeon.hu\/shop\/produkt\/negycsatornas-taviranyito-hormann-hse-4-bs\/\" \/>\n<meta property=\"og:site_name\" content=\"Gardeon e-shop\" \/>\n<meta property=\"article:modified_time\" content=\"2026-04-15T11:38:41+00:00\" \/>\n<meta property=\"og:image\" content=\"https:\/\/gardeon.hu\/shop\/wp-content\/uploads\/2024\/01\/gardeon-dialkovy-ovladac-hormann-hse4-2.webp\" \/>\n\t<meta property=\"og:image:width\" content=\"2000\" \/>\n\t<meta property=\"og:image:height\" content=\"1333\" \/>\n\t<meta property=\"og:image:type\" content=\"image\/webp\" \/>\n<meta name=\"twitter:card\" content=\"summary_large_image\" \/>\n<meta name=\"twitter:label1\" content=\"Becs\u00fclt olvas\u00e1si id\u0151\" \/>\n\t<meta name=\"twitter:data1\" content=\"1 perc\" \/>\n<script type=\"application\/ld+json\" class=\"yoast-schema-graph\">{\"@context\":\"https:\\\/\\\/schema.org\",\"@graph\":[{\"@type\":\"WebPage\",\"@id\":\"https:\\\/\\\/gardeon.hu\\\/shop\\\/produkt\\\/negycsatornas-taviranyito-hormann-hse-4-bs\\\/\",\"url\":\"https:\\\/\\\/gardeon.hu\\\/shop\\\/produkt\\\/negycsatornas-taviranyito-hormann-hse-4-bs\\\/\",\"name\":\"N\u00e9gycsatorn\u00e1s t\u00e1vir\u00e1ny\u00edt\u00f3 | H\u00f6rmann HSE-4-BS | Gardeon e-shop\",\"isPartOf\":{\"@id\":\"https:\\\/\\\/gardeon.hu\\\/shop\\\/#website\"},\"primaryImageOfPage\":{\"@id\":\"https:\\\/\\\/gardeon.hu\\\/shop\\\/produkt\\\/negycsatornas-taviranyito-hormann-hse-4-bs\\\/#primaryimage\"},\"image\":{\"@id\":\"https:\\\/\\\/gardeon.hu\\\/shop\\\/produkt\\\/negycsatornas-taviranyito-hormann-hse-4-bs\\\/#primaryimage\"},\"thumbnailUrl\":\"https:\\\/\\\/gardeon.hu\\\/shop\\\/wp-content\\\/uploads\\\/2024\\\/01\\\/gardeon-dialkovy-ovladac-hormann-hse4-2.webp\",\"datePublished\":\"2026-04-15T11:38:40+00:00\",\"dateModified\":\"2026-04-15T11:38:41+00:00\",\"breadcrumb\":{\"@id\":\"https:\\\/\\\/gardeon.hu\\\/shop\\\/produkt\\\/negycsatornas-taviranyito-hormann-hse-4-bs\\\/#breadcrumb\"},\"inLanguage\":\"hu\",\"potentialAction\":[{\"@type\":\"ReadAction\",\"target\":[\"https:\\\/\\\/gardeon.hu\\\/shop\\\/produkt\\\/negycsatornas-taviranyito-hormann-hse-4-bs\\\/\"]}]},{\"@type\":\"ImageObject\",\"inLanguage\":\"hu\",\"@id\":\"https:\\\/\\\/gardeon.hu\\\/shop\\\/produkt\\\/negycsatornas-taviranyito-hormann-hse-4-bs\\\/#primaryimage\",\"url\":\"https:\\\/\\\/gardeon.hu\\\/shop\\\/wp-content\\\/uploads\\\/2024\\\/01\\\/gardeon-dialkovy-ovladac-hormann-hse4-2.webp\",\"contentUrl\":\"https:\\\/\\\/gardeon.hu\\\/shop\\\/wp-content\\\/uploads\\\/2024\\\/01\\\/gardeon-dialkovy-ovladac-hormann-hse4-2.webp\",\"width\":2000,\"height\":1333},{\"@type\":\"BreadcrumbList\",\"@id\":\"https:\\\/\\\/gardeon.hu\\\/shop\\\/produkt\\\/negycsatornas-taviranyito-hormann-hse-4-bs\\\/#breadcrumb\",\"itemListElement\":[{\"@type\":\"ListItem\",\"position\":1,\"name\":\"Online Shop GARDEON\",\"item\":\"https:\\\/\\\/gardeon.at\\\/shop\\\/\"},{\"@type\":\"ListItem\",\"position\":2,\"name\":\"Kieg\u00e9sz\u00edt\u0151k \u00e9s tartoz\u00e9kok\",\"item\":\"https:\\\/\\\/gardeon.hu\\\/shop\\\/product-category\\\/kiegeszitok-es-tartozekok\\\/\"},{\"@type\":\"ListItem\",\"position\":3,\"name\":\"T\u00e1vir\u00e1ny\u00edt\u00f3k\",\"item\":\"https:\\\/\\\/gardeon.hu\\\/shop\\\/product-category\\\/kiegeszitok-es-tartozekok\\\/taviranyitok\\\/\"},{\"@type\":\"ListItem\",\"position\":4,\"name\":\"N\u00e9gycsatorn\u00e1s t\u00e1vir\u00e1ny\u00edt\u00f3 | H\u00f6rmann HSE-4-BS\"}]},{\"@type\":\"WebSite\",\"@id\":\"https:\\\/\\\/gardeon.hu\\\/shop\\\/#website\",\"url\":\"https:\\\/\\\/gardeon.hu\\\/shop\\\/\",\"name\":\"Gardeon e-shop\",\"description\":\"\",\"potentialAction\":[{\"@type\":\"SearchAction\",\"target\":{\"@type\":\"EntryPoint\",\"urlTemplate\":\"https:\\\/\\\/gardeon.hu\\\/shop\\\/?s={search_term_string}\"},\"query-input\":{\"@type\":\"PropertyValueSpecification\",\"valueRequired\":true,\"valueName\":\"search_term_string\"}}],\"inLanguage\":\"hu\"}]}<\/script>\n<!-- \/ Yoast SEO plugin. -->","yoast_head_json":{"title":"N\u00e9gycsatorn\u00e1s t\u00e1vir\u00e1ny\u00edt\u00f3 | H\u00f6rmann HSE-4-BS | Gardeon e-shop","robots":{"index":"index","follow":"follow","max-snippet":"max-snippet:-1","max-image-preview":"max-image-preview:large","max-video-preview":"max-video-preview:-1"},"canonical":"https:\/\/gardeon.hu\/shop\/produkt\/negycsatornas-taviranyito-hormann-hse-4-bs\/","og_locale":"hu_HU","og_type":"article","og_title":"N\u00e9gycsatorn\u00e1s t\u00e1vir\u00e1ny\u00edt\u00f3 | H\u00f6rmann HSE-4-BS | Gardeon e-shop","og_description":"H\u00d6RMANN HSE 4 BS, matt fekete t\u00e1vir\u00e1ny\u00edt\u00f3 (ad\u00f3) a H\u00d6RMANN gar\u00e1zskapu-meghajt\u00f3khoz, 3-as sorozat, BiSecur.","og_url":"https:\/\/gardeon.hu\/shop\/produkt\/negycsatornas-taviranyito-hormann-hse-4-bs\/","og_site_name":"Gardeon e-shop","article_modified_time":"2026-04-15T11:38:41+00:00","og_image":[{"width":2000,"height":1333,"url":"https:\/\/gardeon.hu\/shop\/wp-content\/uploads\/2024\/01\/gardeon-dialkovy-ovladac-hormann-hse4-2.webp","type":"image\/webp"}],"twitter_card":"summary_large_image","twitter_misc":{"Becs\u00fclt olvas\u00e1si id\u0151":"1 perc"},"schema":{"@context":"https:\/\/schema.org","@graph":[{"@type":"WebPage","@id":"https:\/\/gardeon.hu\/shop\/produkt\/negycsatornas-taviranyito-hormann-hse-4-bs\/","url":"https:\/\/gardeon.hu\/shop\/produkt\/negycsatornas-taviranyito-hormann-hse-4-bs\/","name":"N\u00e9gycsatorn\u00e1s t\u00e1vir\u00e1ny\u00edt\u00f3 | H\u00f6rmann HSE-4-BS | Gardeon e-shop","isPartOf":{"@id":"https:\/\/gardeon.hu\/shop\/#website"},"primaryImageOfPage":{"@id":"https:\/\/gardeon.hu\/shop\/produkt\/negycsatornas-taviranyito-hormann-hse-4-bs\/#primaryimage"},"image":{"@id":"https:\/\/gardeon.hu\/shop\/produkt\/negycsatornas-taviranyito-hormann-hse-4-bs\/#primaryimage"},"thumbnailUrl":"https:\/\/gardeon.hu\/shop\/wp-content\/uploads\/2024\/01\/gardeon-dialkovy-ovladac-hormann-hse4-2.webp","datePublished":"2026-04-15T11:38:40+00:00","dateModified":"2026-04-15T11:38:41+00:00","breadcrumb":{"@id":"https:\/\/gardeon.hu\/shop\/produkt\/negycsatornas-taviranyito-hormann-hse-4-bs\/#breadcrumb"},"inLanguage":"hu","potentialAction":[{"@type":"ReadAction","target":["https:\/\/gardeon.hu\/shop\/produkt\/negycsatornas-taviranyito-hormann-hse-4-bs\/"]}]},{"@type":"ImageObject","inLanguage":"hu","@id":"https:\/\/gardeon.hu\/shop\/produkt\/negycsatornas-taviranyito-hormann-hse-4-bs\/#primaryimage","url":"https:\/\/gardeon.hu\/shop\/wp-content\/uploads\/2024\/01\/gardeon-dialkovy-ovladac-hormann-hse4-2.webp","contentUrl":"https:\/\/gardeon.hu\/shop\/wp-content\/uploads\/2024\/01\/gardeon-dialkovy-ovladac-hormann-hse4-2.webp","width":2000,"height":1333},{"@type":"BreadcrumbList","@id":"https:\/\/gardeon.hu\/shop\/produkt\/negycsatornas-taviranyito-hormann-hse-4-bs\/#breadcrumb","itemListElement":[{"@type":"ListItem","position":1,"name":"Online Shop GARDEON","item":"https:\/\/gardeon.at\/shop\/"},{"@type":"ListItem","position":2,"name":"Kieg\u00e9sz\u00edt\u0151k \u00e9s tartoz\u00e9kok","item":"https:\/\/gardeon.hu\/shop\/product-category\/kiegeszitok-es-tartozekok\/"},{"@type":"ListItem","position":3,"name":"T\u00e1vir\u00e1ny\u00edt\u00f3k","item":"https:\/\/gardeon.hu\/shop\/product-category\/kiegeszitok-es-tartozekok\/taviranyitok\/"},{"@type":"ListItem","position":4,"name":"N\u00e9gycsatorn\u00e1s t\u00e1vir\u00e1ny\u00edt\u00f3 | H\u00f6rmann HSE-4-BS"}]},{"@type":"WebSite","@id":"https:\/\/gardeon.hu\/shop\/#website","url":"https:\/\/gardeon.hu\/shop\/","name":"Gardeon e-shop","description":"","potentialAction":[{"@type":"SearchAction","target":{"@type":"EntryPoint","urlTemplate":"https:\/\/gardeon.hu\/shop\/?s={search_term_string}"},"query-input":{"@type":"PropertyValueSpecification","valueRequired":true,"valueName":"search_term_string"}}],"inLanguage":"hu"}]}},"pll_sync_post":[],"lang":"hu","translations":{"hu":7109,"sk":5998,"cs":5999,"de-de":6000,"de-at":6001},"_links":{"self":[{"href":"https:\/\/gardeon.hu\/shop\/wp-json\/wp\/v2\/product\/7109","targetHints":{"allow":["GET"]}}],"collection":[{"href":"https:\/\/gardeon.hu\/shop\/wp-json\/wp\/v2\/product"}],"about":[{"href":"https:\/\/gardeon.hu\/shop\/wp-json\/wp\/v2\/types\/product"}],"wp:featuredmedia":[{"embeddable":true,"href":"https:\/\/gardeon.hu\/shop\/wp-json\/wp\/v2\/media\/6257"}],"wp:attachment":[{"href":"https:\/\/gardeon.hu\/shop\/wp-json\/wp\/v2\/media?parent=7109"}],"wp:term":[{"taxonomy":"product_brand","embeddable":true,"href":"https:\/\/gardeon.hu\/shop\/wp-json\/wp\/v2\/product_brand?post=7109"},{"taxonomy":"product_cat","embeddable":true,"href":"https:\/\/gardeon.hu\/shop\/wp-json\/wp\/v2\/product_cat?post=7109"},{"taxonomy":"product_tag","embeddable":true,"href":"https:\/\/gardeon.hu\/shop\/wp-json\/wp\/v2\/product_tag?post=7109"}],"curies":[{"name":"wp","href":"https:\/\/api.w.org\/{rel}","templated":true}]}}