{"id":7100,"date":"2026-04-15T13:38:38","date_gmt":"2026-04-15T11:38:38","guid":{"rendered":"https:\/\/gardeon.hu\/shop\/?post_type=product&#038;p=7100"},"modified":"2026-04-15T13:38:38","modified_gmt":"2026-04-15T11:38:38","slug":"hormann-rsc4-negycsatornas-taviranyito","status":"publish","type":"product","link":"https:\/\/gardeon.hu\/shop\/produkt\/hormann-rsc4-negycsatornas-taviranyito\/","title":{"rendered":"HORMANN RSC4 n\u00e9gycsatorn\u00e1s t\u00e1vir\u00e1ny\u00edt\u00f3"},"content":{"rendered":"<p><strong>A csomag tartalma:<\/strong> 0,5 m hossz\u00fa tart\u00f3profil (csavarokkal \u00e9s d\u00fcbelekkel egy\u00fctt), univerz\u00e1lis szersz\u00e1mtart\u00f3 \u2013 4 db, m\u0171anyag akaszt\u00f3 \u2013 2 db<br \/>\n<b>Az univerz\u00e1lis szersz\u00e1mtart\u00f3 teherb\u00edr\u00e1sa:<\/b> 10 kg<br \/>\n<b>Maxim\u00e1lis terhel\u00e9s:<\/b> 40 kg\/1 m hordoz\u00f3profil<br \/>\n<b>Sz\u00edn: <\/b>sz\u00fcrke, fekete, <span class=\"s1\">piros<\/span><br \/>\n<em>N\u00e9metorsz\u00e1gban gy\u00e1rtva.<\/em><\/p>\n<hr \/>\n<p class=\"p1\">Univerz\u00e1lis szersz\u00e1mtart\u00f3 rendszer\u00fcnk praktikus, helytakar\u00e9kos \u00e9s egyben megfizethet\u0151 megold\u00e1st k\u00edn\u00e1l, amely egyszer\u0171en felszerelhet\u0151. Ott j\u00f6n j\u00f3l, ahol \u00fcgyesen ki kell haszn\u00e1lni a teret, \u00e9s a k\u00fcl\u00f6nf\u00e9le t\u00e1rgyakat \u00e1ttekinthet\u0151en \u00e9s rendszerezve kell t\u00e1rolni. A felf\u00fcggesztett rendszer seg\u00edts\u00e9g\u00e9vel egyszer\u0171en \u00e9s gyorsan rendezheti be a k\u00fcl\u00f6nb\u00f6z\u0151 tereket \u2013 gar\u00e1zst, kerti h\u00e1zat, pinc\u00e9t, m\u0171helyt stb.<\/p>\n<p class=\"p1\">A tart\u00f3l\u00e9cek, univerz\u00e1lis tart\u00f3k \u00e9s kamp\u00f3k k\u00fcl\u00f6n-k\u00fcl\u00f6n vagy praktikus, kedvez\u0151 \u00e1r\u00fa k\u00e9szletekben is megv\u00e1s\u00e1rolhat\u00f3k. \u00cdgy pontosan az egy\u00e9ni ig\u00e9nyeinek megfelel\u0151 t\u00e1rol\u00f3helyet alak\u00edthat ki.<\/p>\n<p>\u00a0<\/p>\n","protected":false},"excerpt":{"rendered":"<p class=\"p1\"><b>Szersz\u00e1mtart\u00f3 akaszt\u00f3rendszer \u2013 0,5 m hossz\u00fa tart\u00f3l\u00e9ccel, n\u00e9gy univerz\u00e1lis tart\u00f3val \u00e9s k\u00e9t akaszt\u00f3val.<br \/>\n<\/b>A felf\u00fcggeszt\u0151 rendszer szinte minden t\u00edpus\u00fa, f\u00e1b\u00f3l, ac\u00e9lb\u00f3l vagy m\u0171anyagb\u00f3l k\u00e9sz\u00fclt t\u00e1rgyat, valamint 0\u201350 mm \u00e1tm\u00e9r\u0151j\u0171, form\u00e1tlan t\u00e1rgyakat is biztons\u00e1gosan megtart.<\/p>\n<p class=\"p1\">\u00cdgy minden, amire sz\u00fcks\u00e9ge van \u2013 a gerebly\u00e9kt\u0151l \u00e9s \u00e1s\u00f3kt\u00f3l kezdve a f\u0171r\u00e9szekig \u00e9s balt\u00e1kig \u2013 rendben lesz. Minden \u00e1ttekinthet\u0151en elrendezve \u00e9s k\u00e9zre es\u0151 helyen.<\/p>\n","protected":false},"featured_media":5997,"template":"","meta":{"_acf_changed":false,"inline_featured_image":false},"product_brand":[],"product_cat":[2464,2611],"product_tag":[],"class_list":{"0":"post-7100","1":"product","2":"type-product","3":"status-publish","4":"has-post-thumbnail","6":"product_cat-kiegeszitok-es-tartozekok","7":"product_cat-taviranyitok","8":"product_shipping_class-kurier-do-3-kg","10":"first","11":"instock","12":"sale","13":"taxable","14":"shipping-taxable","15":"purchasable","16":"product-type-simple"},"acf":[],"yoast_head":"<!-- This site is optimized with the Yoast SEO plugin v27.4 - https:\/\/yoast.com\/product\/yoast-seo-wordpress\/ -->\n<title>HORMANN RSC4 n\u00e9gycsatorn\u00e1s t\u00e1vir\u00e1ny\u00edt\u00f3 | Gardeon e-shop<\/title>\n<meta name=\"robots\" content=\"index, follow, max-snippet:-1, max-image-preview:large, max-video-preview:-1\" \/>\n<link rel=\"canonical\" href=\"https:\/\/gardeon.hu\/shop\/produkt\/hormann-rsc4-negycsatornas-taviranyito\/\" \/>\n<meta property=\"og:locale\" content=\"hu_HU\" \/>\n<meta property=\"og:type\" content=\"article\" \/>\n<meta property=\"og:title\" content=\"HORMANN RSC4 n\u00e9gycsatorn\u00e1s t\u00e1vir\u00e1ny\u00edt\u00f3 | Gardeon e-shop\" \/>\n<meta property=\"og:description\" content=\"Szersz\u00e1mtart\u00f3 akaszt\u00f3rendszer \u2013 0,5 m hossz\u00fa tart\u00f3l\u00e9ccel, n\u00e9gy univerz\u00e1lis tart\u00f3val \u00e9s k\u00e9t akaszt\u00f3val. A felf\u00fcggeszt\u0151 rendszer szinte minden t\u00edpus\u00fa, f\u00e1b\u00f3l, ac\u00e9lb\u00f3l vagy m\u0171anyagb\u00f3l k\u00e9sz\u00fclt t\u00e1rgyat, valamint 0\u201350 mm \u00e1tm\u00e9r\u0151j\u0171, form\u00e1tlan t\u00e1rgyakat is biztons\u00e1gosan megtart. \u00cdgy minden, amire sz\u00fcks\u00e9ge van \u2013 a gerebly\u00e9kt\u0151l \u00e9s \u00e1s\u00f3kt\u00f3l kezdve a f\u0171r\u00e9szekig \u00e9s balt\u00e1kig \u2013 rendben lesz. Minden \u00e1ttekinthet\u0151en elrendezve \u00e9s k\u00e9zre es\u0151 helyen.\" \/>\n<meta property=\"og:url\" content=\"https:\/\/gardeon.hu\/shop\/produkt\/hormann-rsc4-negycsatornas-taviranyito\/\" \/>\n<meta property=\"og:site_name\" content=\"Gardeon e-shop\" \/>\n<meta property=\"og:image\" content=\"https:\/\/gardeon.hu\/shop\/wp-content\/uploads\/2024\/01\/Hormann-brana-detail-1.jpg\" \/>\n\t<meta property=\"og:image:width\" content=\"2560\" \/>\n\t<meta property=\"og:image:height\" content=\"1440\" \/>\n\t<meta property=\"og:image:type\" content=\"image\/jpeg\" \/>\n<meta name=\"twitter:card\" content=\"summary_large_image\" \/>\n<meta name=\"twitter:label1\" content=\"Becs\u00fclt olvas\u00e1si id\u0151\" \/>\n\t<meta name=\"twitter:data1\" content=\"1 perc\" \/>\n<script type=\"application\/ld+json\" class=\"yoast-schema-graph\">{\"@context\":\"https:\\\/\\\/schema.org\",\"@graph\":[{\"@type\":\"WebPage\",\"@id\":\"https:\\\/\\\/gardeon.hu\\\/shop\\\/produkt\\\/hormann-rsc4-negycsatornas-taviranyito\\\/\",\"url\":\"https:\\\/\\\/gardeon.hu\\\/shop\\\/produkt\\\/hormann-rsc4-negycsatornas-taviranyito\\\/\",\"name\":\"HORMANN RSC4 n\u00e9gycsatorn\u00e1s t\u00e1vir\u00e1ny\u00edt\u00f3 | Gardeon e-shop\",\"isPartOf\":{\"@id\":\"https:\\\/\\\/gardeon.hu\\\/shop\\\/#website\"},\"primaryImageOfPage\":{\"@id\":\"https:\\\/\\\/gardeon.hu\\\/shop\\\/produkt\\\/hormann-rsc4-negycsatornas-taviranyito\\\/#primaryimage\"},\"image\":{\"@id\":\"https:\\\/\\\/gardeon.hu\\\/shop\\\/produkt\\\/hormann-rsc4-negycsatornas-taviranyito\\\/#primaryimage\"},\"thumbnailUrl\":\"https:\\\/\\\/gardeon.hu\\\/shop\\\/wp-content\\\/uploads\\\/2024\\\/01\\\/Hormann-brana-detail-1.jpg\",\"datePublished\":\"2026-04-15T11:38:38+00:00\",\"breadcrumb\":{\"@id\":\"https:\\\/\\\/gardeon.hu\\\/shop\\\/produkt\\\/hormann-rsc4-negycsatornas-taviranyito\\\/#breadcrumb\"},\"inLanguage\":\"hu\",\"potentialAction\":[{\"@type\":\"ReadAction\",\"target\":[\"https:\\\/\\\/gardeon.hu\\\/shop\\\/produkt\\\/hormann-rsc4-negycsatornas-taviranyito\\\/\"]}]},{\"@type\":\"ImageObject\",\"inLanguage\":\"hu\",\"@id\":\"https:\\\/\\\/gardeon.hu\\\/shop\\\/produkt\\\/hormann-rsc4-negycsatornas-taviranyito\\\/#primaryimage\",\"url\":\"https:\\\/\\\/gardeon.hu\\\/shop\\\/wp-content\\\/uploads\\\/2024\\\/01\\\/Hormann-brana-detail-1.jpg\",\"contentUrl\":\"https:\\\/\\\/gardeon.hu\\\/shop\\\/wp-content\\\/uploads\\\/2024\\\/01\\\/Hormann-brana-detail-1.jpg\",\"width\":2560,\"height\":1440,\"caption\":\"Dia\u013ekov\u00fd ovl\u00e1da\u010d H\u00f6rmann HSE4\"},{\"@type\":\"BreadcrumbList\",\"@id\":\"https:\\\/\\\/gardeon.hu\\\/shop\\\/produkt\\\/hormann-rsc4-negycsatornas-taviranyito\\\/#breadcrumb\",\"itemListElement\":[{\"@type\":\"ListItem\",\"position\":1,\"name\":\"Online Shop GARDEON\",\"item\":\"https:\\\/\\\/gardeon.at\\\/shop\\\/\"},{\"@type\":\"ListItem\",\"position\":2,\"name\":\"Kieg\u00e9sz\u00edt\u0151k \u00e9s tartoz\u00e9kok\",\"item\":\"https:\\\/\\\/gardeon.hu\\\/shop\\\/product-category\\\/kiegeszitok-es-tartozekok\\\/\"},{\"@type\":\"ListItem\",\"position\":3,\"name\":\"T\u00e1vir\u00e1ny\u00edt\u00f3k\",\"item\":\"https:\\\/\\\/gardeon.hu\\\/shop\\\/product-category\\\/kiegeszitok-es-tartozekok\\\/taviranyitok\\\/\"},{\"@type\":\"ListItem\",\"position\":4,\"name\":\"HORMANN RSC4 n\u00e9gycsatorn\u00e1s t\u00e1vir\u00e1ny\u00edt\u00f3\"}]},{\"@type\":\"WebSite\",\"@id\":\"https:\\\/\\\/gardeon.hu\\\/shop\\\/#website\",\"url\":\"https:\\\/\\\/gardeon.hu\\\/shop\\\/\",\"name\":\"Gardeon e-shop\",\"description\":\"\",\"potentialAction\":[{\"@type\":\"SearchAction\",\"target\":{\"@type\":\"EntryPoint\",\"urlTemplate\":\"https:\\\/\\\/gardeon.hu\\\/shop\\\/?s={search_term_string}\"},\"query-input\":{\"@type\":\"PropertyValueSpecification\",\"valueRequired\":true,\"valueName\":\"search_term_string\"}}],\"inLanguage\":\"hu\"}]}<\/script>\n<!-- \/ Yoast SEO plugin. -->","yoast_head_json":{"title":"HORMANN RSC4 n\u00e9gycsatorn\u00e1s t\u00e1vir\u00e1ny\u00edt\u00f3 | Gardeon e-shop","robots":{"index":"index","follow":"follow","max-snippet":"max-snippet:-1","max-image-preview":"max-image-preview:large","max-video-preview":"max-video-preview:-1"},"canonical":"https:\/\/gardeon.hu\/shop\/produkt\/hormann-rsc4-negycsatornas-taviranyito\/","og_locale":"hu_HU","og_type":"article","og_title":"HORMANN RSC4 n\u00e9gycsatorn\u00e1s t\u00e1vir\u00e1ny\u00edt\u00f3 | Gardeon e-shop","og_description":"Szersz\u00e1mtart\u00f3 akaszt\u00f3rendszer \u2013 0,5 m hossz\u00fa tart\u00f3l\u00e9ccel, n\u00e9gy univerz\u00e1lis tart\u00f3val \u00e9s k\u00e9t akaszt\u00f3val. A felf\u00fcggeszt\u0151 rendszer szinte minden t\u00edpus\u00fa, f\u00e1b\u00f3l, ac\u00e9lb\u00f3l vagy m\u0171anyagb\u00f3l k\u00e9sz\u00fclt t\u00e1rgyat, valamint 0\u201350 mm \u00e1tm\u00e9r\u0151j\u0171, form\u00e1tlan t\u00e1rgyakat is biztons\u00e1gosan megtart. \u00cdgy minden, amire sz\u00fcks\u00e9ge van \u2013 a gerebly\u00e9kt\u0151l \u00e9s \u00e1s\u00f3kt\u00f3l kezdve a f\u0171r\u00e9szekig \u00e9s balt\u00e1kig \u2013 rendben lesz. Minden \u00e1ttekinthet\u0151en elrendezve \u00e9s k\u00e9zre es\u0151 helyen.","og_url":"https:\/\/gardeon.hu\/shop\/produkt\/hormann-rsc4-negycsatornas-taviranyito\/","og_site_name":"Gardeon e-shop","og_image":[{"width":2560,"height":1440,"url":"https:\/\/gardeon.hu\/shop\/wp-content\/uploads\/2024\/01\/Hormann-brana-detail-1.jpg","type":"image\/jpeg"}],"twitter_card":"summary_large_image","twitter_misc":{"Becs\u00fclt olvas\u00e1si id\u0151":"1 perc"},"schema":{"@context":"https:\/\/schema.org","@graph":[{"@type":"WebPage","@id":"https:\/\/gardeon.hu\/shop\/produkt\/hormann-rsc4-negycsatornas-taviranyito\/","url":"https:\/\/gardeon.hu\/shop\/produkt\/hormann-rsc4-negycsatornas-taviranyito\/","name":"HORMANN RSC4 n\u00e9gycsatorn\u00e1s t\u00e1vir\u00e1ny\u00edt\u00f3 | Gardeon e-shop","isPartOf":{"@id":"https:\/\/gardeon.hu\/shop\/#website"},"primaryImageOfPage":{"@id":"https:\/\/gardeon.hu\/shop\/produkt\/hormann-rsc4-negycsatornas-taviranyito\/#primaryimage"},"image":{"@id":"https:\/\/gardeon.hu\/shop\/produkt\/hormann-rsc4-negycsatornas-taviranyito\/#primaryimage"},"thumbnailUrl":"https:\/\/gardeon.hu\/shop\/wp-content\/uploads\/2024\/01\/Hormann-brana-detail-1.jpg","datePublished":"2026-04-15T11:38:38+00:00","breadcrumb":{"@id":"https:\/\/gardeon.hu\/shop\/produkt\/hormann-rsc4-negycsatornas-taviranyito\/#breadcrumb"},"inLanguage":"hu","potentialAction":[{"@type":"ReadAction","target":["https:\/\/gardeon.hu\/shop\/produkt\/hormann-rsc4-negycsatornas-taviranyito\/"]}]},{"@type":"ImageObject","inLanguage":"hu","@id":"https:\/\/gardeon.hu\/shop\/produkt\/hormann-rsc4-negycsatornas-taviranyito\/#primaryimage","url":"https:\/\/gardeon.hu\/shop\/wp-content\/uploads\/2024\/01\/Hormann-brana-detail-1.jpg","contentUrl":"https:\/\/gardeon.hu\/shop\/wp-content\/uploads\/2024\/01\/Hormann-brana-detail-1.jpg","width":2560,"height":1440,"caption":"Dia\u013ekov\u00fd ovl\u00e1da\u010d H\u00f6rmann HSE4"},{"@type":"BreadcrumbList","@id":"https:\/\/gardeon.hu\/shop\/produkt\/hormann-rsc4-negycsatornas-taviranyito\/#breadcrumb","itemListElement":[{"@type":"ListItem","position":1,"name":"Online Shop GARDEON","item":"https:\/\/gardeon.at\/shop\/"},{"@type":"ListItem","position":2,"name":"Kieg\u00e9sz\u00edt\u0151k \u00e9s tartoz\u00e9kok","item":"https:\/\/gardeon.hu\/shop\/product-category\/kiegeszitok-es-tartozekok\/"},{"@type":"ListItem","position":3,"name":"T\u00e1vir\u00e1ny\u00edt\u00f3k","item":"https:\/\/gardeon.hu\/shop\/product-category\/kiegeszitok-es-tartozekok\/taviranyitok\/"},{"@type":"ListItem","position":4,"name":"HORMANN RSC4 n\u00e9gycsatorn\u00e1s t\u00e1vir\u00e1ny\u00edt\u00f3"}]},{"@type":"WebSite","@id":"https:\/\/gardeon.hu\/shop\/#website","url":"https:\/\/gardeon.hu\/shop\/","name":"Gardeon e-shop","description":"","potentialAction":[{"@type":"SearchAction","target":{"@type":"EntryPoint","urlTemplate":"https:\/\/gardeon.hu\/shop\/?s={search_term_string}"},"query-input":{"@type":"PropertyValueSpecification","valueRequired":true,"valueName":"search_term_string"}}],"inLanguage":"hu"}]}},"pll_sync_post":[],"lang":"hu","translations":{"hu":7100,"sk":6002,"cs":6003,"de-de":6004,"de-at":6005},"_links":{"self":[{"href":"https:\/\/gardeon.hu\/shop\/wp-json\/wp\/v2\/product\/7100","targetHints":{"allow":["GET"]}}],"collection":[{"href":"https:\/\/gardeon.hu\/shop\/wp-json\/wp\/v2\/product"}],"about":[{"href":"https:\/\/gardeon.hu\/shop\/wp-json\/wp\/v2\/types\/product"}],"wp:featuredmedia":[{"embeddable":true,"href":"https:\/\/gardeon.hu\/shop\/wp-json\/wp\/v2\/media\/5997"}],"wp:attachment":[{"href":"https:\/\/gardeon.hu\/shop\/wp-json\/wp\/v2\/media?parent=7100"}],"wp:term":[{"taxonomy":"product_brand","embeddable":true,"href":"https:\/\/gardeon.hu\/shop\/wp-json\/wp\/v2\/product_brand?post=7100"},{"taxonomy":"product_cat","embeddable":true,"href":"https:\/\/gardeon.hu\/shop\/wp-json\/wp\/v2\/product_cat?post=7100"},{"taxonomy":"product_tag","embeddable":true,"href":"https:\/\/gardeon.hu\/shop\/wp-json\/wp\/v2\/product_tag?post=7100"}],"curies":[{"name":"wp","href":"https:\/\/api.w.org\/{rel}","templated":true}]}}