{"id":7078,"date":"2026-04-15T13:36:05","date_gmt":"2026-04-15T11:36:05","guid":{"rendered":"https:\/\/gardeon.hu\/shop\/?post_type=product&#038;p=7078"},"modified":"2026-04-15T13:36:06","modified_gmt":"2026-04-15T11:36:06","slug":"gardeon-minihaz-4000-x-4000-mm","status":"publish","type":"product","link":"https:\/\/gardeon.hu\/shop\/produkt\/gardeon-minihaz-4000-x-4000-mm\/","title":{"rendered":"GARDEON minih\u00e1z | 4000 x 4000 mm"},"content":{"rendered":"<p><strong>K\u00fcls\u0151 m\u00e9retek:<\/strong> 4000 x 4000 mm (sz\u00e9less\u00e9g x m\u00e9lys\u00e9g)<\/p>\n<p><strong>Alapmagass\u00e1g: <\/strong>2420 mm<\/p>\n<p><strong>Tet\u0151hajl\u00e1s: <\/strong>2440\/2310 mm<\/p>\n<p><strong>A tet\u0151hajl\u00e1s ir\u00e1nya:<\/strong> a H\u00c1TS\u00d3 oldal fel\u00e9 (alap)<\/p>\n<hr \/>\n<p>A hagyom\u00e1nyos funkcionalit\u00e1s \u00f6tv\u00f6z\u0151dik a modern megjelen\u00e9ssel, a kiv\u00e1l\u00f3 min\u0151s\u00e9g\u0171 anyagokkal \u00e9s a leg\u00fajabb \u00e9p\u00edt\u00e9si technol\u00f3gi\u00e1kkal, mindezt megfizethet\u0151 \u00e1ron \u2013 ez jellemzi a GARDEON el\u0151re gy\u00e1rtott, egyenes tet\u0151s tinyh\u00e1zat.<\/p>\n<p>Az alacsony lejt\u00e9s\u0171 egyenes tet\u0151nek k\u00f6sz\u00f6nhet\u0151en a tinyhouse egyszer\u0171 \u00e9s term\u00e9szetes hat\u00e1st kelt, \u00edgy harmonikusan illeszkedik a legk\u00fcl\u00f6nb\u00f6z\u0151bb k\u00f6rnyezetbe.<\/p>\n<p><em>A fot\u00f3k illusztr\u00e1ci\u00f3s jelleg\u0171ek.<\/em><\/p>\n","protected":false},"excerpt":{"rendered":"<p>K\u00fcls\u0151 m\u00e9retek: 4000 x 4000 mm (sz\u00e9less\u00e9g x m\u00e9lys\u00e9g) Alapmagass\u00e1g: 2420 mm Tet\u0151hajl\u00e1s: 2440\/2310 mm A tet\u0151hajl\u00e1s ir\u00e1nya: a H\u00c1TS\u00d3<\/p>\n","protected":false},"featured_media":6399,"template":"","meta":{"_acf_changed":false,"inline_featured_image":false},"product_brand":[],"product_cat":[2476,2546,2548],"product_tag":[2507],"class_list":{"0":"post-7078","1":"product","2":"type-product","3":"status-publish","4":"has-post-thumbnail","6":"product_cat-epitkezesek-megrendelesre","7":"product_cat-kerti-hazikok-2","8":"product_cat-lapos-tetovel","9":"product_tag-lacny","10":"product_shipping_class-doprava-stavby","12":"first","13":"onbackorder","14":"taxable","15":"shipping-taxable","16":"purchasable","17":"product-type-simple"},"acf":[],"yoast_head":"<!-- This site is optimized with the Yoast SEO plugin v27.4 - https:\/\/yoast.com\/product\/yoast-seo-wordpress\/ -->\n<title>GARDEON minih\u00e1z | 4000 x 4000 mm<\/title>\n<meta name=\"robots\" content=\"index, follow, max-snippet:-1, max-image-preview:large, max-video-preview:-1\" \/>\n<link rel=\"canonical\" href=\"https:\/\/gardeon.hu\/shop\/produkt\/gardeon-minihaz-4000-x-4000-mm\/\" \/>\n<meta property=\"og:locale\" content=\"hu_HU\" \/>\n<meta property=\"og:type\" content=\"article\" \/>\n<meta property=\"og:title\" content=\"GARDEON minih\u00e1z | 4000 x 4000 mm\" \/>\n<meta property=\"og:description\" content=\"K\u00fcls\u0151 m\u00e9retek: 4000 x 4000 mm (sz\u00e9less\u00e9g x m\u00e9lys\u00e9g) Alapmagass\u00e1g: 2420 mm Tet\u0151hajl\u00e1s: 2440\/2310 mm A tet\u0151hajl\u00e1s ir\u00e1nya: a H\u00c1TS\u00d3\" \/>\n<meta property=\"og:url\" content=\"https:\/\/gardeon.hu\/shop\/produkt\/gardeon-minihaz-4000-x-4000-mm\/\" \/>\n<meta property=\"og:site_name\" content=\"Gardeon e-shop\" \/>\n<meta property=\"article:modified_time\" content=\"2026-04-15T11:36:06+00:00\" \/>\n<meta property=\"og:image\" content=\"https:\/\/gardeon.hu\/shop\/wp-content\/uploads\/2024\/01\/gardeon-garaz-zahradny-domcek-atyp-pultova-strecha-4681-CA-8-scaled.webp\" \/>\n\t<meta property=\"og:image:width\" content=\"2560\" \/>\n\t<meta property=\"og:image:height\" content=\"1439\" \/>\n\t<meta property=\"og:image:type\" content=\"image\/webp\" \/>\n<meta name=\"twitter:card\" content=\"summary_large_image\" \/>\n<meta name=\"twitter:label1\" content=\"Becs\u00fclt olvas\u00e1si id\u0151\" \/>\n\t<meta name=\"twitter:data1\" content=\"1 perc\" \/>\n<script type=\"application\/ld+json\" class=\"yoast-schema-graph\">{\"@context\":\"https:\\\/\\\/schema.org\",\"@graph\":[{\"@type\":\"WebPage\",\"@id\":\"https:\\\/\\\/gardeon.hu\\\/shop\\\/produkt\\\/gardeon-minihaz-4000-x-4000-mm\\\/\",\"url\":\"https:\\\/\\\/gardeon.hu\\\/shop\\\/produkt\\\/gardeon-minihaz-4000-x-4000-mm\\\/\",\"name\":\"GARDEON minih\u00e1z | 4000 x 4000 mm\",\"isPartOf\":{\"@id\":\"https:\\\/\\\/gardeon.hu\\\/shop\\\/#website\"},\"primaryImageOfPage\":{\"@id\":\"https:\\\/\\\/gardeon.hu\\\/shop\\\/produkt\\\/gardeon-minihaz-4000-x-4000-mm\\\/#primaryimage\"},\"image\":{\"@id\":\"https:\\\/\\\/gardeon.hu\\\/shop\\\/produkt\\\/gardeon-minihaz-4000-x-4000-mm\\\/#primaryimage\"},\"thumbnailUrl\":\"https:\\\/\\\/gardeon.hu\\\/shop\\\/wp-content\\\/uploads\\\/2024\\\/01\\\/gardeon-garaz-zahradny-domcek-atyp-pultova-strecha-4681-CA-8-scaled.webp\",\"datePublished\":\"2026-04-15T11:36:05+00:00\",\"dateModified\":\"2026-04-15T11:36:06+00:00\",\"breadcrumb\":{\"@id\":\"https:\\\/\\\/gardeon.hu\\\/shop\\\/produkt\\\/gardeon-minihaz-4000-x-4000-mm\\\/#breadcrumb\"},\"inLanguage\":\"hu\",\"potentialAction\":[{\"@type\":\"ReadAction\",\"target\":[\"https:\\\/\\\/gardeon.hu\\\/shop\\\/produkt\\\/gardeon-minihaz-4000-x-4000-mm\\\/\"]}]},{\"@type\":\"ImageObject\",\"inLanguage\":\"hu\",\"@id\":\"https:\\\/\\\/gardeon.hu\\\/shop\\\/produkt\\\/gardeon-minihaz-4000-x-4000-mm\\\/#primaryimage\",\"url\":\"https:\\\/\\\/gardeon.hu\\\/shop\\\/wp-content\\\/uploads\\\/2024\\\/01\\\/gardeon-garaz-zahradny-domcek-atyp-pultova-strecha-4681-CA-8-scaled.webp\",\"contentUrl\":\"https:\\\/\\\/gardeon.hu\\\/shop\\\/wp-content\\\/uploads\\\/2024\\\/01\\\/gardeon-garaz-zahradny-domcek-atyp-pultova-strecha-4681-CA-8-scaled.webp\",\"width\":2560,\"height\":1439,\"caption\":\"Letn\u00e1 ob\u00fdva\u010dka s poseden\u00edm\"},{\"@type\":\"BreadcrumbList\",\"@id\":\"https:\\\/\\\/gardeon.hu\\\/shop\\\/produkt\\\/gardeon-minihaz-4000-x-4000-mm\\\/#breadcrumb\",\"itemListElement\":[{\"@type\":\"ListItem\",\"position\":1,\"name\":\"Online Shop GARDEON\",\"item\":\"https:\\\/\\\/gardeon.at\\\/shop\\\/\"},{\"@type\":\"ListItem\",\"position\":2,\"name\":\"\u00c9p\u00edtkez\u00e9sek megrendel\u00e9sre\",\"item\":\"https:\\\/\\\/gardeon.hu\\\/shop\\\/product-category\\\/epitkezesek-megrendelesre\\\/\"},{\"@type\":\"ListItem\",\"position\":3,\"name\":\"Kerti h\u00e1zik\u00f3k\",\"item\":\"https:\\\/\\\/gardeon.hu\\\/shop\\\/product-category\\\/epitkezesek-megrendelesre\\\/kerti-hazikok-2\\\/\"},{\"@type\":\"ListItem\",\"position\":4,\"name\":\"Lapos tet\u0151vel\",\"item\":\"https:\\\/\\\/gardeon.hu\\\/shop\\\/product-category\\\/kerti-hazikok-2\\\/lapos-tetovel\\\/\"},{\"@type\":\"ListItem\",\"position\":5,\"name\":\"GARDEON minih\u00e1z | 4000 x 4000 mm\"}]},{\"@type\":\"WebSite\",\"@id\":\"https:\\\/\\\/gardeon.hu\\\/shop\\\/#website\",\"url\":\"https:\\\/\\\/gardeon.hu\\\/shop\\\/\",\"name\":\"Gardeon e-shop\",\"description\":\"\",\"potentialAction\":[{\"@type\":\"SearchAction\",\"target\":{\"@type\":\"EntryPoint\",\"urlTemplate\":\"https:\\\/\\\/gardeon.hu\\\/shop\\\/?s={search_term_string}\"},\"query-input\":{\"@type\":\"PropertyValueSpecification\",\"valueRequired\":true,\"valueName\":\"search_term_string\"}}],\"inLanguage\":\"hu\"}]}<\/script>\n<!-- \/ Yoast SEO plugin. -->","yoast_head_json":{"title":"GARDEON minih\u00e1z | 4000 x 4000 mm","robots":{"index":"index","follow":"follow","max-snippet":"max-snippet:-1","max-image-preview":"max-image-preview:large","max-video-preview":"max-video-preview:-1"},"canonical":"https:\/\/gardeon.hu\/shop\/produkt\/gardeon-minihaz-4000-x-4000-mm\/","og_locale":"hu_HU","og_type":"article","og_title":"GARDEON minih\u00e1z | 4000 x 4000 mm","og_description":"K\u00fcls\u0151 m\u00e9retek: 4000 x 4000 mm (sz\u00e9less\u00e9g x m\u00e9lys\u00e9g) Alapmagass\u00e1g: 2420 mm Tet\u0151hajl\u00e1s: 2440\/2310 mm A tet\u0151hajl\u00e1s ir\u00e1nya: a H\u00c1TS\u00d3","og_url":"https:\/\/gardeon.hu\/shop\/produkt\/gardeon-minihaz-4000-x-4000-mm\/","og_site_name":"Gardeon e-shop","article_modified_time":"2026-04-15T11:36:06+00:00","og_image":[{"width":2560,"height":1439,"url":"https:\/\/gardeon.hu\/shop\/wp-content\/uploads\/2024\/01\/gardeon-garaz-zahradny-domcek-atyp-pultova-strecha-4681-CA-8-scaled.webp","type":"image\/webp"}],"twitter_card":"summary_large_image","twitter_misc":{"Becs\u00fclt olvas\u00e1si id\u0151":"1 perc"},"schema":{"@context":"https:\/\/schema.org","@graph":[{"@type":"WebPage","@id":"https:\/\/gardeon.hu\/shop\/produkt\/gardeon-minihaz-4000-x-4000-mm\/","url":"https:\/\/gardeon.hu\/shop\/produkt\/gardeon-minihaz-4000-x-4000-mm\/","name":"GARDEON minih\u00e1z | 4000 x 4000 mm","isPartOf":{"@id":"https:\/\/gardeon.hu\/shop\/#website"},"primaryImageOfPage":{"@id":"https:\/\/gardeon.hu\/shop\/produkt\/gardeon-minihaz-4000-x-4000-mm\/#primaryimage"},"image":{"@id":"https:\/\/gardeon.hu\/shop\/produkt\/gardeon-minihaz-4000-x-4000-mm\/#primaryimage"},"thumbnailUrl":"https:\/\/gardeon.hu\/shop\/wp-content\/uploads\/2024\/01\/gardeon-garaz-zahradny-domcek-atyp-pultova-strecha-4681-CA-8-scaled.webp","datePublished":"2026-04-15T11:36:05+00:00","dateModified":"2026-04-15T11:36:06+00:00","breadcrumb":{"@id":"https:\/\/gardeon.hu\/shop\/produkt\/gardeon-minihaz-4000-x-4000-mm\/#breadcrumb"},"inLanguage":"hu","potentialAction":[{"@type":"ReadAction","target":["https:\/\/gardeon.hu\/shop\/produkt\/gardeon-minihaz-4000-x-4000-mm\/"]}]},{"@type":"ImageObject","inLanguage":"hu","@id":"https:\/\/gardeon.hu\/shop\/produkt\/gardeon-minihaz-4000-x-4000-mm\/#primaryimage","url":"https:\/\/gardeon.hu\/shop\/wp-content\/uploads\/2024\/01\/gardeon-garaz-zahradny-domcek-atyp-pultova-strecha-4681-CA-8-scaled.webp","contentUrl":"https:\/\/gardeon.hu\/shop\/wp-content\/uploads\/2024\/01\/gardeon-garaz-zahradny-domcek-atyp-pultova-strecha-4681-CA-8-scaled.webp","width":2560,"height":1439,"caption":"Letn\u00e1 ob\u00fdva\u010dka s poseden\u00edm"},{"@type":"BreadcrumbList","@id":"https:\/\/gardeon.hu\/shop\/produkt\/gardeon-minihaz-4000-x-4000-mm\/#breadcrumb","itemListElement":[{"@type":"ListItem","position":1,"name":"Online Shop GARDEON","item":"https:\/\/gardeon.at\/shop\/"},{"@type":"ListItem","position":2,"name":"\u00c9p\u00edtkez\u00e9sek megrendel\u00e9sre","item":"https:\/\/gardeon.hu\/shop\/product-category\/epitkezesek-megrendelesre\/"},{"@type":"ListItem","position":3,"name":"Kerti h\u00e1zik\u00f3k","item":"https:\/\/gardeon.hu\/shop\/product-category\/epitkezesek-megrendelesre\/kerti-hazikok-2\/"},{"@type":"ListItem","position":4,"name":"Lapos tet\u0151vel","item":"https:\/\/gardeon.hu\/shop\/product-category\/kerti-hazikok-2\/lapos-tetovel\/"},{"@type":"ListItem","position":5,"name":"GARDEON minih\u00e1z | 4000 x 4000 mm"}]},{"@type":"WebSite","@id":"https:\/\/gardeon.hu\/shop\/#website","url":"https:\/\/gardeon.hu\/shop\/","name":"Gardeon e-shop","description":"","potentialAction":[{"@type":"SearchAction","target":{"@type":"EntryPoint","urlTemplate":"https:\/\/gardeon.hu\/shop\/?s={search_term_string}"},"query-input":{"@type":"PropertyValueSpecification","valueRequired":true,"valueName":"search_term_string"}}],"inLanguage":"hu"}]}},"pll_sync_post":[],"lang":"hu","translations":{"hu":7078,"sk":6406,"cs":6407,"de-de":6408,"de-at":6409},"_links":{"self":[{"href":"https:\/\/gardeon.hu\/shop\/wp-json\/wp\/v2\/product\/7078","targetHints":{"allow":["GET"]}}],"collection":[{"href":"https:\/\/gardeon.hu\/shop\/wp-json\/wp\/v2\/product"}],"about":[{"href":"https:\/\/gardeon.hu\/shop\/wp-json\/wp\/v2\/types\/product"}],"wp:featuredmedia":[{"embeddable":true,"href":"https:\/\/gardeon.hu\/shop\/wp-json\/wp\/v2\/media\/6399"}],"wp:attachment":[{"href":"https:\/\/gardeon.hu\/shop\/wp-json\/wp\/v2\/media?parent=7078"}],"wp:term":[{"taxonomy":"product_brand","embeddable":true,"href":"https:\/\/gardeon.hu\/shop\/wp-json\/wp\/v2\/product_brand?post=7078"},{"taxonomy":"product_cat","embeddable":true,"href":"https:\/\/gardeon.hu\/shop\/wp-json\/wp\/v2\/product_cat?post=7078"},{"taxonomy":"product_tag","embeddable":true,"href":"https:\/\/gardeon.hu\/shop\/wp-json\/wp\/v2\/product_tag?post=7078"}],"curies":[{"name":"wp","href":"https:\/\/api.w.org\/{rel}","templated":true}]}}