{"id":7057,"date":"2026-04-15T13:35:46","date_gmt":"2026-04-15T11:35:46","guid":{"rendered":"https:\/\/gardeon.hu\/shop\/?post_type=product&#038;p=7057"},"modified":"2026-04-15T13:35:47","modified_gmt":"2026-04-15T11:35:47","slug":"gardeon-eloteto-3100-x-5400-mm","status":"publish","type":"product","link":"https:\/\/gardeon.hu\/shop\/produkt\/gardeon-eloteto-3100-x-5400-mm\/","title":{"rendered":"GARDEON el\u0151tet\u0151 | 3100 x 5400 mm"},"content":{"rendered":"<p><strong>K\u00fcls\u0151 m\u00e9retek:<\/strong> 3100 x 5400 mm (sz\u00e9less\u00e9g x m\u00e9lys\u00e9g)<\/p>\n<p><strong>Alapmagass\u00e1g: <\/strong>2420 mm<\/p>\n<p><strong>Tet\u0151hajl\u00e1s: <\/strong>2630\/2500 mm<\/p>\n<p><strong>A tet\u0151hajl\u00e1s ir\u00e1nya:<\/strong> a H\u00c1TS\u00d3 oldal fel\u00e9 (alapkivitel)<\/p>\n","protected":false},"excerpt":{"rendered":"<p>K\u00fcls\u0151 m\u00e9retek: 3100 x 5400 mm (sz\u00e9less\u00e9g x m\u00e9lys\u00e9g) Alapmagass\u00e1g: 2420 mm Tet\u0151hajl\u00e1s: 2630\/2500 mm A tet\u0151hajl\u00e1s ir\u00e1nya: a H\u00c1TS\u00d3<\/p>\n","protected":false},"featured_media":6717,"template":"","meta":{"_acf_changed":false,"inline_featured_image":false},"product_brand":[],"product_cat":[2501,2476,2503],"product_tag":[],"class_list":{"0":"post-7057","1":"product","2":"type-product","3":"status-publish","4":"has-post-thumbnail","6":"product_cat-egyautos-garazsok","7":"product_cat-epitkezesek-megrendelesre","8":"product_cat-tetoszerkezetek","9":"product_shipping_class-doprava-stavby","11":"first","12":"onbackorder","13":"taxable","14":"shipping-taxable","15":"purchasable","16":"product-type-simple"},"acf":[],"yoast_head":"<!-- This site is optimized with the Yoast SEO plugin v27.4 - https:\/\/yoast.com\/product\/yoast-seo-wordpress\/ -->\n<title>GARDEON el\u0151tet\u0151 | 3100 x 5400 mm<\/title>\n<meta name=\"robots\" content=\"index, follow, max-snippet:-1, max-image-preview:large, max-video-preview:-1\" \/>\n<link rel=\"canonical\" href=\"https:\/\/gardeon.hu\/shop\/produkt\/gardeon-eloteto-3100-x-5400-mm\/\" \/>\n<meta property=\"og:locale\" content=\"hu_HU\" \/>\n<meta property=\"og:type\" content=\"article\" \/>\n<meta property=\"og:title\" content=\"GARDEON el\u0151tet\u0151 | 3100 x 5400 mm\" \/>\n<meta property=\"og:description\" content=\"K\u00fcls\u0151 m\u00e9retek: 3100 x 5400 mm (sz\u00e9less\u00e9g x m\u00e9lys\u00e9g) Alapmagass\u00e1g: 2420 mm Tet\u0151hajl\u00e1s: 2630\/2500 mm A tet\u0151hajl\u00e1s ir\u00e1nya: a H\u00c1TS\u00d3\" \/>\n<meta property=\"og:url\" content=\"https:\/\/gardeon.hu\/shop\/produkt\/gardeon-eloteto-3100-x-5400-mm\/\" \/>\n<meta property=\"og:site_name\" content=\"Gardeon e-shop\" \/>\n<meta property=\"article:modified_time\" content=\"2026-04-15T11:35:47+00:00\" \/>\n<meta property=\"og:image\" content=\"https:\/\/gardeon.hu\/shop\/wp-content\/uploads\/2024\/04\/gardeon-showroom-stavby-pristresok-pre-jedno-auto-1.webp\" \/>\n\t<meta property=\"og:image:width\" content=\"2000\" \/>\n\t<meta property=\"og:image:height\" content=\"1331\" \/>\n\t<meta property=\"og:image:type\" content=\"image\/webp\" \/>\n<meta name=\"twitter:card\" content=\"summary_large_image\" \/>\n<meta name=\"twitter:label1\" content=\"Becs\u00fclt olvas\u00e1si id\u0151\" \/>\n\t<meta name=\"twitter:data1\" content=\"1 perc\" \/>\n<script type=\"application\/ld+json\" class=\"yoast-schema-graph\">{\"@context\":\"https:\\\/\\\/schema.org\",\"@graph\":[{\"@type\":\"WebPage\",\"@id\":\"https:\\\/\\\/gardeon.hu\\\/shop\\\/produkt\\\/gardeon-eloteto-3100-x-5400-mm\\\/\",\"url\":\"https:\\\/\\\/gardeon.hu\\\/shop\\\/produkt\\\/gardeon-eloteto-3100-x-5400-mm\\\/\",\"name\":\"GARDEON el\u0151tet\u0151 | 3100 x 5400 mm\",\"isPartOf\":{\"@id\":\"https:\\\/\\\/gardeon.hu\\\/shop\\\/#website\"},\"primaryImageOfPage\":{\"@id\":\"https:\\\/\\\/gardeon.hu\\\/shop\\\/produkt\\\/gardeon-eloteto-3100-x-5400-mm\\\/#primaryimage\"},\"image\":{\"@id\":\"https:\\\/\\\/gardeon.hu\\\/shop\\\/produkt\\\/gardeon-eloteto-3100-x-5400-mm\\\/#primaryimage\"},\"thumbnailUrl\":\"https:\\\/\\\/gardeon.hu\\\/shop\\\/wp-content\\\/uploads\\\/2024\\\/04\\\/gardeon-showroom-stavby-pristresok-pre-jedno-auto-1.webp\",\"datePublished\":\"2026-04-15T11:35:46+00:00\",\"dateModified\":\"2026-04-15T11:35:47+00:00\",\"breadcrumb\":{\"@id\":\"https:\\\/\\\/gardeon.hu\\\/shop\\\/produkt\\\/gardeon-eloteto-3100-x-5400-mm\\\/#breadcrumb\"},\"inLanguage\":\"hu\",\"potentialAction\":[{\"@type\":\"ReadAction\",\"target\":[\"https:\\\/\\\/gardeon.hu\\\/shop\\\/produkt\\\/gardeon-eloteto-3100-x-5400-mm\\\/\"]}]},{\"@type\":\"ImageObject\",\"inLanguage\":\"hu\",\"@id\":\"https:\\\/\\\/gardeon.hu\\\/shop\\\/produkt\\\/gardeon-eloteto-3100-x-5400-mm\\\/#primaryimage\",\"url\":\"https:\\\/\\\/gardeon.hu\\\/shop\\\/wp-content\\\/uploads\\\/2024\\\/04\\\/gardeon-showroom-stavby-pristresok-pre-jedno-auto-1.webp\",\"contentUrl\":\"https:\\\/\\\/gardeon.hu\\\/shop\\\/wp-content\\\/uploads\\\/2024\\\/04\\\/gardeon-showroom-stavby-pristresok-pre-jedno-auto-1.webp\",\"width\":2000,\"height\":1331,\"caption\":\"Auto pod pr\u00edstre\u0161kom pre jedno auto\"},{\"@type\":\"BreadcrumbList\",\"@id\":\"https:\\\/\\\/gardeon.hu\\\/shop\\\/produkt\\\/gardeon-eloteto-3100-x-5400-mm\\\/#breadcrumb\",\"itemListElement\":[{\"@type\":\"ListItem\",\"position\":1,\"name\":\"Online Shop GARDEON\",\"item\":\"https:\\\/\\\/gardeon.at\\\/shop\\\/\"},{\"@type\":\"ListItem\",\"position\":2,\"name\":\"\u00c9p\u00edtkez\u00e9sek megrendel\u00e9sre\",\"item\":\"https:\\\/\\\/gardeon.hu\\\/shop\\\/product-category\\\/epitkezesek-megrendelesre\\\/\"},{\"@type\":\"ListItem\",\"position\":3,\"name\":\"Tet\u0151szerkezetek\",\"item\":\"https:\\\/\\\/gardeon.hu\\\/shop\\\/product-category\\\/epitkezesek-megrendelesre\\\/tetoszerkezetek\\\/\"},{\"@type\":\"ListItem\",\"position\":4,\"name\":\"Egyaut\u00f3s gar\u00e1zsok\",\"item\":\"https:\\\/\\\/gardeon.hu\\\/shop\\\/product-category\\\/epitkezesek-megrendelesre\\\/tetoszerkezetek\\\/egyautos-garazsok\\\/\"},{\"@type\":\"ListItem\",\"position\":5,\"name\":\"GARDEON el\u0151tet\u0151 | 3100 x 5400 mm\"}]},{\"@type\":\"WebSite\",\"@id\":\"https:\\\/\\\/gardeon.hu\\\/shop\\\/#website\",\"url\":\"https:\\\/\\\/gardeon.hu\\\/shop\\\/\",\"name\":\"Gardeon e-shop\",\"description\":\"\",\"potentialAction\":[{\"@type\":\"SearchAction\",\"target\":{\"@type\":\"EntryPoint\",\"urlTemplate\":\"https:\\\/\\\/gardeon.hu\\\/shop\\\/?s={search_term_string}\"},\"query-input\":{\"@type\":\"PropertyValueSpecification\",\"valueRequired\":true,\"valueName\":\"search_term_string\"}}],\"inLanguage\":\"hu\"}]}<\/script>\n<!-- \/ Yoast SEO plugin. -->","yoast_head_json":{"title":"GARDEON el\u0151tet\u0151 | 3100 x 5400 mm","robots":{"index":"index","follow":"follow","max-snippet":"max-snippet:-1","max-image-preview":"max-image-preview:large","max-video-preview":"max-video-preview:-1"},"canonical":"https:\/\/gardeon.hu\/shop\/produkt\/gardeon-eloteto-3100-x-5400-mm\/","og_locale":"hu_HU","og_type":"article","og_title":"GARDEON el\u0151tet\u0151 | 3100 x 5400 mm","og_description":"K\u00fcls\u0151 m\u00e9retek: 3100 x 5400 mm (sz\u00e9less\u00e9g x m\u00e9lys\u00e9g) Alapmagass\u00e1g: 2420 mm Tet\u0151hajl\u00e1s: 2630\/2500 mm A tet\u0151hajl\u00e1s ir\u00e1nya: a H\u00c1TS\u00d3","og_url":"https:\/\/gardeon.hu\/shop\/produkt\/gardeon-eloteto-3100-x-5400-mm\/","og_site_name":"Gardeon e-shop","article_modified_time":"2026-04-15T11:35:47+00:00","og_image":[{"width":2000,"height":1331,"url":"https:\/\/gardeon.hu\/shop\/wp-content\/uploads\/2024\/04\/gardeon-showroom-stavby-pristresok-pre-jedno-auto-1.webp","type":"image\/webp"}],"twitter_card":"summary_large_image","twitter_misc":{"Becs\u00fclt olvas\u00e1si id\u0151":"1 perc"},"schema":{"@context":"https:\/\/schema.org","@graph":[{"@type":"WebPage","@id":"https:\/\/gardeon.hu\/shop\/produkt\/gardeon-eloteto-3100-x-5400-mm\/","url":"https:\/\/gardeon.hu\/shop\/produkt\/gardeon-eloteto-3100-x-5400-mm\/","name":"GARDEON el\u0151tet\u0151 | 3100 x 5400 mm","isPartOf":{"@id":"https:\/\/gardeon.hu\/shop\/#website"},"primaryImageOfPage":{"@id":"https:\/\/gardeon.hu\/shop\/produkt\/gardeon-eloteto-3100-x-5400-mm\/#primaryimage"},"image":{"@id":"https:\/\/gardeon.hu\/shop\/produkt\/gardeon-eloteto-3100-x-5400-mm\/#primaryimage"},"thumbnailUrl":"https:\/\/gardeon.hu\/shop\/wp-content\/uploads\/2024\/04\/gardeon-showroom-stavby-pristresok-pre-jedno-auto-1.webp","datePublished":"2026-04-15T11:35:46+00:00","dateModified":"2026-04-15T11:35:47+00:00","breadcrumb":{"@id":"https:\/\/gardeon.hu\/shop\/produkt\/gardeon-eloteto-3100-x-5400-mm\/#breadcrumb"},"inLanguage":"hu","potentialAction":[{"@type":"ReadAction","target":["https:\/\/gardeon.hu\/shop\/produkt\/gardeon-eloteto-3100-x-5400-mm\/"]}]},{"@type":"ImageObject","inLanguage":"hu","@id":"https:\/\/gardeon.hu\/shop\/produkt\/gardeon-eloteto-3100-x-5400-mm\/#primaryimage","url":"https:\/\/gardeon.hu\/shop\/wp-content\/uploads\/2024\/04\/gardeon-showroom-stavby-pristresok-pre-jedno-auto-1.webp","contentUrl":"https:\/\/gardeon.hu\/shop\/wp-content\/uploads\/2024\/04\/gardeon-showroom-stavby-pristresok-pre-jedno-auto-1.webp","width":2000,"height":1331,"caption":"Auto pod pr\u00edstre\u0161kom pre jedno auto"},{"@type":"BreadcrumbList","@id":"https:\/\/gardeon.hu\/shop\/produkt\/gardeon-eloteto-3100-x-5400-mm\/#breadcrumb","itemListElement":[{"@type":"ListItem","position":1,"name":"Online Shop GARDEON","item":"https:\/\/gardeon.at\/shop\/"},{"@type":"ListItem","position":2,"name":"\u00c9p\u00edtkez\u00e9sek megrendel\u00e9sre","item":"https:\/\/gardeon.hu\/shop\/product-category\/epitkezesek-megrendelesre\/"},{"@type":"ListItem","position":3,"name":"Tet\u0151szerkezetek","item":"https:\/\/gardeon.hu\/shop\/product-category\/epitkezesek-megrendelesre\/tetoszerkezetek\/"},{"@type":"ListItem","position":4,"name":"Egyaut\u00f3s gar\u00e1zsok","item":"https:\/\/gardeon.hu\/shop\/product-category\/epitkezesek-megrendelesre\/tetoszerkezetek\/egyautos-garazsok\/"},{"@type":"ListItem","position":5,"name":"GARDEON el\u0151tet\u0151 | 3100 x 5400 mm"}]},{"@type":"WebSite","@id":"https:\/\/gardeon.hu\/shop\/#website","url":"https:\/\/gardeon.hu\/shop\/","name":"Gardeon e-shop","description":"","potentialAction":[{"@type":"SearchAction","target":{"@type":"EntryPoint","urlTemplate":"https:\/\/gardeon.hu\/shop\/?s={search_term_string}"},"query-input":{"@type":"PropertyValueSpecification","valueRequired":true,"valueName":"search_term_string"}}],"inLanguage":"hu"}]}},"pll_sync_post":[],"lang":"hu","translations":{"hu":7057,"sk":6713,"cs":6714,"de-de":6715,"de-at":6716},"_links":{"self":[{"href":"https:\/\/gardeon.hu\/shop\/wp-json\/wp\/v2\/product\/7057","targetHints":{"allow":["GET"]}}],"collection":[{"href":"https:\/\/gardeon.hu\/shop\/wp-json\/wp\/v2\/product"}],"about":[{"href":"https:\/\/gardeon.hu\/shop\/wp-json\/wp\/v2\/types\/product"}],"wp:featuredmedia":[{"embeddable":true,"href":"https:\/\/gardeon.hu\/shop\/wp-json\/wp\/v2\/media\/6717"}],"wp:attachment":[{"href":"https:\/\/gardeon.hu\/shop\/wp-json\/wp\/v2\/media?parent=7057"}],"wp:term":[{"taxonomy":"product_brand","embeddable":true,"href":"https:\/\/gardeon.hu\/shop\/wp-json\/wp\/v2\/product_brand?post=7057"},{"taxonomy":"product_cat","embeddable":true,"href":"https:\/\/gardeon.hu\/shop\/wp-json\/wp\/v2\/product_cat?post=7057"},{"taxonomy":"product_tag","embeddable":true,"href":"https:\/\/gardeon.hu\/shop\/wp-json\/wp\/v2\/product_tag?post=7057"}],"curies":[{"name":"wp","href":"https:\/\/api.w.org\/{rel}","templated":true}]}}