{"id":7027,"date":"2026-04-13T13:31:50","date_gmt":"2026-04-13T11:31:50","guid":{"rendered":"https:\/\/gardeon.hu\/shop\/?post_type=product&#038;p=7027"},"modified":"2026-04-13T13:31:51","modified_gmt":"2026-04-13T11:31:51","slug":"gardeon-eloteto-2700-x-5020-mm","status":"publish","type":"product","link":"https:\/\/gardeon.hu\/shop\/produkt\/gardeon-eloteto-2700-x-5020-mm\/","title":{"rendered":"GARDEON el\u0151tet\u0151 | 2700 x 5020 mm"},"content":{"rendered":"<p><strong>K\u00fcls\u0151 m\u00e9retek: <\/strong>2700 x 5020 mm (sz\u00e9less\u00e9g x m\u00e9lys\u00e9g)<\/p>\n<p><strong>Tet\u0151 lejt\u00e9se: <\/strong>2440\/2310 mm<\/p>\n<p><strong>A tet\u0151 lejt\u00e9s\u00e9nek ir\u00e1nya:<\/strong> a H\u00c1TS\u00d3 oldal fel\u00e9 (alapkivitel)<\/p>\n<hr \/>\n<p>A GARDEON m\u00e1rk\u00e1j\u00fa el\u0151tet\u0151k a mai modern \u00e9s eleg\u00e1ns \u00e9p\u00edt\u00e9szet alapj\u00e1n lettek tervezve. Egyszer\u0171, modern szerkezet\u00fck \u00e9s diz\u00e1jnos falburkolataik megjelen\u00e9s\u00fckkel \u00e9s szerkezet\u00fckkel t\u00f6k\u00e9letesen kieg\u00e9sz\u00edtik a mai csal\u00e1di h\u00e1zak letisztult formanyelv\u00e9t, s\u0151t, minimalista megjelen\u00e9s\u00fcket diszkr\u00e9ten fel\u00e9l\u00e9nk\u00edtik \u00e9s magasabb szintre emelik.<\/p>\n<p>A GARDEON el\u0151tet\u0151 alapj\u00e1t egy finom, ugyanakkor ellen\u00e1ll\u00f3 ac\u00e9l oszlopos szerkezet k\u00e9pezi, amely egy enyh\u00e9n lejt\u0151, lapos tet\u0151t tart. A tet\u0151t szeg\u00e9lyez\u0151 p\u00e1rk\u00e1ny egyben az \u00e9p\u00fclet egy\u00e9rtelm\u0171 t\u00e9rbeli lez\u00e1r\u00e1s\u00e1t is jelenti. A koncepci\u00f3t falpanelek eg\u00e9sz\u00edtik ki, amelyek karaktert \u00e9s modern megjelen\u00e9st k\u00f6lcs\u00f6n\u00f6znek az el\u0151tet\u0151nek.<\/p>\n<p>A tart\u00f3ss\u00e1g mellett el\u0151ny\u00f6s tulajdons\u00e1ga a karbantart\u00e1smentess\u00e9g is \u2013 a tet\u0151szerkezet minden id\u0151j\u00e1r\u00e1si k\u00f6r\u00fclm\u00e9nynek ellen\u00e1ll, \u00e9s \u00e9vek m\u00falva sem ig\u00e9nyel fest\u00e9st.<\/p>\n<p><em>A fot\u00f3k illusztr\u00e1ci\u00f3s jelleg\u0171ek.<\/em><\/p>\n","protected":false},"excerpt":{"rendered":"<p>K\u00fcls\u0151 m\u00e9retek: 2700 x 5020 mm (sz\u00e9less\u00e9g x m\u00e9lys\u00e9g) Tet\u0151 lejt\u00e9se: 2440\/2310 mm A tet\u0151 lejt\u00e9s\u00e9nek ir\u00e1nya: a H\u00c1TS\u00d3 oldal<\/p>\n","protected":false},"featured_media":5440,"template":"","meta":{"_acf_changed":false,"inline_featured_image":false},"product_brand":[],"product_cat":[2501,2476,2503],"product_tag":[],"class_list":{"0":"post-7027","1":"product","2":"type-product","3":"status-publish","4":"has-post-thumbnail","6":"product_cat-egyautos-garazsok","7":"product_cat-epitkezesek-megrendelesre","8":"product_cat-tetoszerkezetek","9":"product_shipping_class-doprava-stavby","11":"first","12":"onbackorder","13":"taxable","14":"shipping-taxable","15":"purchasable","16":"product-type-simple"},"acf":[],"yoast_head":"<!-- This site is optimized with the Yoast SEO plugin v27.4 - https:\/\/yoast.com\/product\/yoast-seo-wordpress\/ -->\n<title>GARDEON el\u0151tet\u0151 | 2700 x 5020 mm<\/title>\n<meta name=\"robots\" content=\"index, follow, max-snippet:-1, max-image-preview:large, max-video-preview:-1\" \/>\n<link rel=\"canonical\" href=\"https:\/\/gardeon.hu\/shop\/produkt\/gardeon-eloteto-2700-x-5020-mm\/\" \/>\n<meta property=\"og:locale\" content=\"hu_HU\" \/>\n<meta property=\"og:type\" content=\"article\" \/>\n<meta property=\"og:title\" content=\"GARDEON el\u0151tet\u0151 | 2700 x 5020 mm\" \/>\n<meta property=\"og:description\" content=\"K\u00fcls\u0151 m\u00e9retek: 2700 x 5020 mm (sz\u00e9less\u00e9g x m\u00e9lys\u00e9g) Tet\u0151 lejt\u00e9se: 2440\/2310 mm A tet\u0151 lejt\u00e9s\u00e9nek ir\u00e1nya: a H\u00c1TS\u00d3 oldal\" \/>\n<meta property=\"og:url\" content=\"https:\/\/gardeon.hu\/shop\/produkt\/gardeon-eloteto-2700-x-5020-mm\/\" \/>\n<meta property=\"og:site_name\" content=\"Gardeon e-shop\" \/>\n<meta property=\"article:modified_time\" content=\"2026-04-13T11:31:51+00:00\" \/>\n<meta property=\"og:image\" content=\"https:\/\/gardeon.hu\/shop\/wp-content\/uploads\/2023\/09\/gardeon-pristresok-pre-jedno-auto-4775-NR-3.webp\" \/>\n\t<meta property=\"og:image:width\" content=\"2000\" \/>\n\t<meta property=\"og:image:height\" content=\"1333\" \/>\n\t<meta property=\"og:image:type\" content=\"image\/webp\" \/>\n<meta name=\"twitter:card\" content=\"summary_large_image\" \/>\n<meta name=\"twitter:label1\" content=\"Becs\u00fclt olvas\u00e1si id\u0151\" \/>\n\t<meta name=\"twitter:data1\" content=\"1 perc\" \/>\n<script type=\"application\/ld+json\" class=\"yoast-schema-graph\">{\"@context\":\"https:\\\/\\\/schema.org\",\"@graph\":[{\"@type\":\"WebPage\",\"@id\":\"https:\\\/\\\/gardeon.hu\\\/shop\\\/produkt\\\/gardeon-eloteto-2700-x-5020-mm\\\/\",\"url\":\"https:\\\/\\\/gardeon.hu\\\/shop\\\/produkt\\\/gardeon-eloteto-2700-x-5020-mm\\\/\",\"name\":\"GARDEON el\u0151tet\u0151 | 2700 x 5020 mm\",\"isPartOf\":{\"@id\":\"https:\\\/\\\/gardeon.hu\\\/shop\\\/#website\"},\"primaryImageOfPage\":{\"@id\":\"https:\\\/\\\/gardeon.hu\\\/shop\\\/produkt\\\/gardeon-eloteto-2700-x-5020-mm\\\/#primaryimage\"},\"image\":{\"@id\":\"https:\\\/\\\/gardeon.hu\\\/shop\\\/produkt\\\/gardeon-eloteto-2700-x-5020-mm\\\/#primaryimage\"},\"thumbnailUrl\":\"https:\\\/\\\/gardeon.hu\\\/shop\\\/wp-content\\\/uploads\\\/2023\\\/09\\\/gardeon-pristresok-pre-jedno-auto-4775-NR-3.webp\",\"datePublished\":\"2026-04-13T11:31:50+00:00\",\"dateModified\":\"2026-04-13T11:31:51+00:00\",\"breadcrumb\":{\"@id\":\"https:\\\/\\\/gardeon.hu\\\/shop\\\/produkt\\\/gardeon-eloteto-2700-x-5020-mm\\\/#breadcrumb\"},\"inLanguage\":\"hu\",\"potentialAction\":[{\"@type\":\"ReadAction\",\"target\":[\"https:\\\/\\\/gardeon.hu\\\/shop\\\/produkt\\\/gardeon-eloteto-2700-x-5020-mm\\\/\"]}]},{\"@type\":\"ImageObject\",\"inLanguage\":\"hu\",\"@id\":\"https:\\\/\\\/gardeon.hu\\\/shop\\\/produkt\\\/gardeon-eloteto-2700-x-5020-mm\\\/#primaryimage\",\"url\":\"https:\\\/\\\/gardeon.hu\\\/shop\\\/wp-content\\\/uploads\\\/2023\\\/09\\\/gardeon-pristresok-pre-jedno-auto-4775-NR-3.webp\",\"contentUrl\":\"https:\\\/\\\/gardeon.hu\\\/shop\\\/wp-content\\\/uploads\\\/2023\\\/09\\\/gardeon-pristresok-pre-jedno-auto-4775-NR-3.webp\",\"width\":2000,\"height\":1333,\"caption\":\"Pr\u00edstre\u0161ok GARDEON s bielym BMW\"},{\"@type\":\"BreadcrumbList\",\"@id\":\"https:\\\/\\\/gardeon.hu\\\/shop\\\/produkt\\\/gardeon-eloteto-2700-x-5020-mm\\\/#breadcrumb\",\"itemListElement\":[{\"@type\":\"ListItem\",\"position\":1,\"name\":\"Online Shop GARDEON\",\"item\":\"https:\\\/\\\/gardeon.at\\\/shop\\\/\"},{\"@type\":\"ListItem\",\"position\":2,\"name\":\"\u00c9p\u00edtkez\u00e9sek megrendel\u00e9sre\",\"item\":\"https:\\\/\\\/gardeon.hu\\\/shop\\\/product-category\\\/epitkezesek-megrendelesre\\\/\"},{\"@type\":\"ListItem\",\"position\":3,\"name\":\"GARDEON el\u0151tet\u0151 | 2700 x 5020 mm\"}]},{\"@type\":\"WebSite\",\"@id\":\"https:\\\/\\\/gardeon.hu\\\/shop\\\/#website\",\"url\":\"https:\\\/\\\/gardeon.hu\\\/shop\\\/\",\"name\":\"Gardeon e-shop\",\"description\":\"\",\"potentialAction\":[{\"@type\":\"SearchAction\",\"target\":{\"@type\":\"EntryPoint\",\"urlTemplate\":\"https:\\\/\\\/gardeon.hu\\\/shop\\\/?s={search_term_string}\"},\"query-input\":{\"@type\":\"PropertyValueSpecification\",\"valueRequired\":true,\"valueName\":\"search_term_string\"}}],\"inLanguage\":\"hu\"}]}<\/script>\n<!-- \/ Yoast SEO plugin. -->","yoast_head_json":{"title":"GARDEON el\u0151tet\u0151 | 2700 x 5020 mm","robots":{"index":"index","follow":"follow","max-snippet":"max-snippet:-1","max-image-preview":"max-image-preview:large","max-video-preview":"max-video-preview:-1"},"canonical":"https:\/\/gardeon.hu\/shop\/produkt\/gardeon-eloteto-2700-x-5020-mm\/","og_locale":"hu_HU","og_type":"article","og_title":"GARDEON el\u0151tet\u0151 | 2700 x 5020 mm","og_description":"K\u00fcls\u0151 m\u00e9retek: 2700 x 5020 mm (sz\u00e9less\u00e9g x m\u00e9lys\u00e9g) Tet\u0151 lejt\u00e9se: 2440\/2310 mm A tet\u0151 lejt\u00e9s\u00e9nek ir\u00e1nya: a H\u00c1TS\u00d3 oldal","og_url":"https:\/\/gardeon.hu\/shop\/produkt\/gardeon-eloteto-2700-x-5020-mm\/","og_site_name":"Gardeon e-shop","article_modified_time":"2026-04-13T11:31:51+00:00","og_image":[{"width":2000,"height":1333,"url":"https:\/\/gardeon.hu\/shop\/wp-content\/uploads\/2023\/09\/gardeon-pristresok-pre-jedno-auto-4775-NR-3.webp","type":"image\/webp"}],"twitter_card":"summary_large_image","twitter_misc":{"Becs\u00fclt olvas\u00e1si id\u0151":"1 perc"},"schema":{"@context":"https:\/\/schema.org","@graph":[{"@type":"WebPage","@id":"https:\/\/gardeon.hu\/shop\/produkt\/gardeon-eloteto-2700-x-5020-mm\/","url":"https:\/\/gardeon.hu\/shop\/produkt\/gardeon-eloteto-2700-x-5020-mm\/","name":"GARDEON el\u0151tet\u0151 | 2700 x 5020 mm","isPartOf":{"@id":"https:\/\/gardeon.hu\/shop\/#website"},"primaryImageOfPage":{"@id":"https:\/\/gardeon.hu\/shop\/produkt\/gardeon-eloteto-2700-x-5020-mm\/#primaryimage"},"image":{"@id":"https:\/\/gardeon.hu\/shop\/produkt\/gardeon-eloteto-2700-x-5020-mm\/#primaryimage"},"thumbnailUrl":"https:\/\/gardeon.hu\/shop\/wp-content\/uploads\/2023\/09\/gardeon-pristresok-pre-jedno-auto-4775-NR-3.webp","datePublished":"2026-04-13T11:31:50+00:00","dateModified":"2026-04-13T11:31:51+00:00","breadcrumb":{"@id":"https:\/\/gardeon.hu\/shop\/produkt\/gardeon-eloteto-2700-x-5020-mm\/#breadcrumb"},"inLanguage":"hu","potentialAction":[{"@type":"ReadAction","target":["https:\/\/gardeon.hu\/shop\/produkt\/gardeon-eloteto-2700-x-5020-mm\/"]}]},{"@type":"ImageObject","inLanguage":"hu","@id":"https:\/\/gardeon.hu\/shop\/produkt\/gardeon-eloteto-2700-x-5020-mm\/#primaryimage","url":"https:\/\/gardeon.hu\/shop\/wp-content\/uploads\/2023\/09\/gardeon-pristresok-pre-jedno-auto-4775-NR-3.webp","contentUrl":"https:\/\/gardeon.hu\/shop\/wp-content\/uploads\/2023\/09\/gardeon-pristresok-pre-jedno-auto-4775-NR-3.webp","width":2000,"height":1333,"caption":"Pr\u00edstre\u0161ok GARDEON s bielym BMW"},{"@type":"BreadcrumbList","@id":"https:\/\/gardeon.hu\/shop\/produkt\/gardeon-eloteto-2700-x-5020-mm\/#breadcrumb","itemListElement":[{"@type":"ListItem","position":1,"name":"Online Shop GARDEON","item":"https:\/\/gardeon.at\/shop\/"},{"@type":"ListItem","position":2,"name":"\u00c9p\u00edtkez\u00e9sek megrendel\u00e9sre","item":"https:\/\/gardeon.hu\/shop\/product-category\/epitkezesek-megrendelesre\/"},{"@type":"ListItem","position":3,"name":"GARDEON el\u0151tet\u0151 | 2700 x 5020 mm"}]},{"@type":"WebSite","@id":"https:\/\/gardeon.hu\/shop\/#website","url":"https:\/\/gardeon.hu\/shop\/","name":"Gardeon e-shop","description":"","potentialAction":[{"@type":"SearchAction","target":{"@type":"EntryPoint","urlTemplate":"https:\/\/gardeon.hu\/shop\/?s={search_term_string}"},"query-input":{"@type":"PropertyValueSpecification","valueRequired":true,"valueName":"search_term_string"}}],"inLanguage":"hu"}]}},"pll_sync_post":[],"lang":"hu","translations":{"hu":7027,"cs":5437,"de-de":5438,"de-at":5439},"_links":{"self":[{"href":"https:\/\/gardeon.hu\/shop\/wp-json\/wp\/v2\/product\/7027","targetHints":{"allow":["GET"]}}],"collection":[{"href":"https:\/\/gardeon.hu\/shop\/wp-json\/wp\/v2\/product"}],"about":[{"href":"https:\/\/gardeon.hu\/shop\/wp-json\/wp\/v2\/types\/product"}],"wp:featuredmedia":[{"embeddable":true,"href":"https:\/\/gardeon.hu\/shop\/wp-json\/wp\/v2\/media\/5440"}],"wp:attachment":[{"href":"https:\/\/gardeon.hu\/shop\/wp-json\/wp\/v2\/media?parent=7027"}],"wp:term":[{"taxonomy":"product_brand","embeddable":true,"href":"https:\/\/gardeon.hu\/shop\/wp-json\/wp\/v2\/product_brand?post=7027"},{"taxonomy":"product_cat","embeddable":true,"href":"https:\/\/gardeon.hu\/shop\/wp-json\/wp\/v2\/product_cat?post=7027"},{"taxonomy":"product_tag","embeddable":true,"href":"https:\/\/gardeon.hu\/shop\/wp-json\/wp\/v2\/product_tag?post=7027"}],"curies":[{"name":"wp","href":"https:\/\/api.w.org\/{rel}","templated":true}]}}