{"id":7016,"date":"2026-03-20T14:28:38","date_gmt":"2026-03-20T13:28:38","guid":{"rendered":"https:\/\/gardeon.hu\/shop\/?post_type=product&#038;p=7016"},"modified":"2026-03-20T14:28:39","modified_gmt":"2026-03-20T13:28:39","slug":"gardeon-pergola-2000-x-2000-mm","status":"publish","type":"product","link":"https:\/\/gardeon.hu\/shop\/produkt\/gardeon-pergola-2000-x-2000-mm\/","title":{"rendered":"GARDEON pergola | 2000 x 2000 mm"},"content":{"rendered":"<p><strong>K\u00fcls\u0151 m\u00e9retek: <\/strong>2000 x 2000 mm (sz\u00e9less\u00e9g x m\u00e9lys\u00e9g)<\/p>\n<p><strong>Tet\u0151 lejt\u00e9se: <\/strong>2570\/2440 <strong>mm<\/strong><\/p>\n<p>A tet\u0151 lejt\u00e9s\u00e9nek ir\u00e1nya: a H\u00c1TS\u00d3 oldal fel\u00e9 (alapkivitel)<\/p>\n<hr \/>\n<p>A pergol\u00e1k felhaszn\u00e1l\u00e1si lehet\u0151s\u00e9gei val\u00f3ban sz\u00e9lesk\u00f6r\u0171ek. Mindegyiket azonban egy dolog k\u00f6ti \u00f6ssze \u2013 ez egy m\u00f3dja annak, hogy kellemesebb\u00e9 tegy\u00fck a k\u00fclt\u00e9ri tart\u00f3zkod\u00e1st, legyen sz\u00f3 a h\u00e1z terasz\u00e1r\u00f3l vagy a kertb\u0151l.<\/p>\n<p>A pergol\u00e1t leggyakrabban csal\u00e1di h\u00e1zak terasz\u00e1nak fed\u00e9s\u00e9re haszn\u00e1lj\u00e1k. Ezzel egy\u00fattal hat\u00e9kony \u00e1rny\u00e9kol\u00e1st biztos\u00edt az \u00fcvegezett ajt\u00f3k \u00e9s ablakok sz\u00e1m\u00e1ra, \u00e9s \u00edgy megakad\u00e1lyozza a bels\u0151 terek kellemetlen ny\u00e1ri t\u00falmeleged\u00e9s\u00e9t.<\/p>\n<p><em>A fot\u00f3k illusztr\u00e1ci\u00f3s jelleg\u0171ek.<\/em><\/p>\n","protected":false},"excerpt":{"rendered":"<p>K\u00fcls\u0151 m\u00e9retek: 2000 x 2000 mm (sz\u00e9less\u00e9g x m\u00e9lys\u00e9g) Tet\u0151 lejt\u00e9se: 2570\/2440 mm A tet\u0151 lejt\u00e9s\u00e9nek ir\u00e1nya: a H\u00c1TS\u00d3 oldal<\/p>\n","protected":false},"featured_media":5445,"template":"","meta":{"_acf_changed":false,"inline_featured_image":false},"product_brand":[],"product_cat":[2476,2482],"product_tag":[2494],"class_list":{"0":"post-7016","1":"product","2":"type-product","3":"status-publish","4":"has-post-thumbnail","6":"product_cat-epitkezesek-megrendelesre","7":"product_cat-pergola","8":"product_tag-olcso","9":"product_shipping_class-doprava-stavby","11":"first","12":"onbackorder","13":"taxable","14":"shipping-taxable","15":"purchasable","16":"product-type-simple"},"acf":[],"yoast_head":"<!-- This site is optimized with the Yoast SEO plugin v27.4 - https:\/\/yoast.com\/product\/yoast-seo-wordpress\/ -->\n<title>GARDEON pergola | 2000 x 2000 mm<\/title>\n<meta name=\"robots\" content=\"index, follow, max-snippet:-1, max-image-preview:large, max-video-preview:-1\" \/>\n<link rel=\"canonical\" href=\"https:\/\/gardeon.hu\/shop\/produkt\/gardeon-pergola-2000-x-2000-mm\/\" \/>\n<meta property=\"og:locale\" content=\"hu_HU\" \/>\n<meta property=\"og:type\" content=\"article\" \/>\n<meta property=\"og:title\" content=\"GARDEON pergola | 2000 x 2000 mm\" \/>\n<meta property=\"og:description\" content=\"K\u00fcls\u0151 m\u00e9retek: 2000 x 2000 mm (sz\u00e9less\u00e9g x m\u00e9lys\u00e9g) Tet\u0151 lejt\u00e9se: 2570\/2440 mm A tet\u0151 lejt\u00e9s\u00e9nek ir\u00e1nya: a H\u00c1TS\u00d3 oldal\" \/>\n<meta property=\"og:url\" content=\"https:\/\/gardeon.hu\/shop\/produkt\/gardeon-pergola-2000-x-2000-mm\/\" \/>\n<meta property=\"og:site_name\" content=\"Gardeon e-shop\" \/>\n<meta property=\"article:modified_time\" content=\"2026-03-20T13:28:39+00:00\" \/>\n<meta property=\"og:image\" content=\"https:\/\/gardeon.hu\/shop\/wp-content\/uploads\/2023\/09\/gardeon-pergola-5648-PD-3.webp\" \/>\n\t<meta property=\"og:image:width\" content=\"2000\" \/>\n\t<meta property=\"og:image:height\" content=\"1333\" \/>\n\t<meta property=\"og:image:type\" content=\"image\/webp\" \/>\n<meta name=\"twitter:card\" content=\"summary_large_image\" \/>\n<meta name=\"twitter:label1\" content=\"Becs\u00fclt olvas\u00e1si id\u0151\" \/>\n\t<meta name=\"twitter:data1\" content=\"1 perc\" \/>\n<script type=\"application\/ld+json\" class=\"yoast-schema-graph\">{\"@context\":\"https:\\\/\\\/schema.org\",\"@graph\":[{\"@type\":\"WebPage\",\"@id\":\"https:\\\/\\\/gardeon.hu\\\/shop\\\/produkt\\\/gardeon-pergola-2000-x-2000-mm\\\/\",\"url\":\"https:\\\/\\\/gardeon.hu\\\/shop\\\/produkt\\\/gardeon-pergola-2000-x-2000-mm\\\/\",\"name\":\"GARDEON pergola | 2000 x 2000 mm\",\"isPartOf\":{\"@id\":\"https:\\\/\\\/gardeon.hu\\\/shop\\\/#website\"},\"primaryImageOfPage\":{\"@id\":\"https:\\\/\\\/gardeon.hu\\\/shop\\\/produkt\\\/gardeon-pergola-2000-x-2000-mm\\\/#primaryimage\"},\"image\":{\"@id\":\"https:\\\/\\\/gardeon.hu\\\/shop\\\/produkt\\\/gardeon-pergola-2000-x-2000-mm\\\/#primaryimage\"},\"thumbnailUrl\":\"https:\\\/\\\/gardeon.hu\\\/shop\\\/wp-content\\\/uploads\\\/2023\\\/09\\\/gardeon-pergola-5648-PD-3.webp\",\"datePublished\":\"2026-03-20T13:28:38+00:00\",\"dateModified\":\"2026-03-20T13:28:39+00:00\",\"breadcrumb\":{\"@id\":\"https:\\\/\\\/gardeon.hu\\\/shop\\\/produkt\\\/gardeon-pergola-2000-x-2000-mm\\\/#breadcrumb\"},\"inLanguage\":\"hu\",\"potentialAction\":[{\"@type\":\"ReadAction\",\"target\":[\"https:\\\/\\\/gardeon.hu\\\/shop\\\/produkt\\\/gardeon-pergola-2000-x-2000-mm\\\/\"]}]},{\"@type\":\"ImageObject\",\"inLanguage\":\"hu\",\"@id\":\"https:\\\/\\\/gardeon.hu\\\/shop\\\/produkt\\\/gardeon-pergola-2000-x-2000-mm\\\/#primaryimage\",\"url\":\"https:\\\/\\\/gardeon.hu\\\/shop\\\/wp-content\\\/uploads\\\/2023\\\/09\\\/gardeon-pergola-5648-PD-3.webp\",\"contentUrl\":\"https:\\\/\\\/gardeon.hu\\\/shop\\\/wp-content\\\/uploads\\\/2023\\\/09\\\/gardeon-pergola-5648-PD-3.webp\",\"width\":2000,\"height\":1333,\"caption\":\"Pergola GARDEON na vyv\u00fd\u0161enej ploche\"},{\"@type\":\"BreadcrumbList\",\"@id\":\"https:\\\/\\\/gardeon.hu\\\/shop\\\/produkt\\\/gardeon-pergola-2000-x-2000-mm\\\/#breadcrumb\",\"itemListElement\":[{\"@type\":\"ListItem\",\"position\":1,\"name\":\"Online Shop GARDEON\",\"item\":\"https:\\\/\\\/gardeon.at\\\/shop\\\/\"},{\"@type\":\"ListItem\",\"position\":2,\"name\":\"\u00c9p\u00edtkez\u00e9sek megrendel\u00e9sre\",\"item\":\"https:\\\/\\\/gardeon.hu\\\/shop\\\/product-category\\\/epitkezesek-megrendelesre\\\/\"},{\"@type\":\"ListItem\",\"position\":3,\"name\":\"GARDEON pergola | 2000 x 2000 mm\"}]},{\"@type\":\"WebSite\",\"@id\":\"https:\\\/\\\/gardeon.hu\\\/shop\\\/#website\",\"url\":\"https:\\\/\\\/gardeon.hu\\\/shop\\\/\",\"name\":\"Gardeon e-shop\",\"description\":\"\",\"potentialAction\":[{\"@type\":\"SearchAction\",\"target\":{\"@type\":\"EntryPoint\",\"urlTemplate\":\"https:\\\/\\\/gardeon.hu\\\/shop\\\/?s={search_term_string}\"},\"query-input\":{\"@type\":\"PropertyValueSpecification\",\"valueRequired\":true,\"valueName\":\"search_term_string\"}}],\"inLanguage\":\"hu\"}]}<\/script>\n<!-- \/ Yoast SEO plugin. -->","yoast_head_json":{"title":"GARDEON pergola | 2000 x 2000 mm","robots":{"index":"index","follow":"follow","max-snippet":"max-snippet:-1","max-image-preview":"max-image-preview:large","max-video-preview":"max-video-preview:-1"},"canonical":"https:\/\/gardeon.hu\/shop\/produkt\/gardeon-pergola-2000-x-2000-mm\/","og_locale":"hu_HU","og_type":"article","og_title":"GARDEON pergola | 2000 x 2000 mm","og_description":"K\u00fcls\u0151 m\u00e9retek: 2000 x 2000 mm (sz\u00e9less\u00e9g x m\u00e9lys\u00e9g) Tet\u0151 lejt\u00e9se: 2570\/2440 mm A tet\u0151 lejt\u00e9s\u00e9nek ir\u00e1nya: a H\u00c1TS\u00d3 oldal","og_url":"https:\/\/gardeon.hu\/shop\/produkt\/gardeon-pergola-2000-x-2000-mm\/","og_site_name":"Gardeon e-shop","article_modified_time":"2026-03-20T13:28:39+00:00","og_image":[{"width":2000,"height":1333,"url":"https:\/\/gardeon.hu\/shop\/wp-content\/uploads\/2023\/09\/gardeon-pergola-5648-PD-3.webp","type":"image\/webp"}],"twitter_card":"summary_large_image","twitter_misc":{"Becs\u00fclt olvas\u00e1si id\u0151":"1 perc"},"schema":{"@context":"https:\/\/schema.org","@graph":[{"@type":"WebPage","@id":"https:\/\/gardeon.hu\/shop\/produkt\/gardeon-pergola-2000-x-2000-mm\/","url":"https:\/\/gardeon.hu\/shop\/produkt\/gardeon-pergola-2000-x-2000-mm\/","name":"GARDEON pergola | 2000 x 2000 mm","isPartOf":{"@id":"https:\/\/gardeon.hu\/shop\/#website"},"primaryImageOfPage":{"@id":"https:\/\/gardeon.hu\/shop\/produkt\/gardeon-pergola-2000-x-2000-mm\/#primaryimage"},"image":{"@id":"https:\/\/gardeon.hu\/shop\/produkt\/gardeon-pergola-2000-x-2000-mm\/#primaryimage"},"thumbnailUrl":"https:\/\/gardeon.hu\/shop\/wp-content\/uploads\/2023\/09\/gardeon-pergola-5648-PD-3.webp","datePublished":"2026-03-20T13:28:38+00:00","dateModified":"2026-03-20T13:28:39+00:00","breadcrumb":{"@id":"https:\/\/gardeon.hu\/shop\/produkt\/gardeon-pergola-2000-x-2000-mm\/#breadcrumb"},"inLanguage":"hu","potentialAction":[{"@type":"ReadAction","target":["https:\/\/gardeon.hu\/shop\/produkt\/gardeon-pergola-2000-x-2000-mm\/"]}]},{"@type":"ImageObject","inLanguage":"hu","@id":"https:\/\/gardeon.hu\/shop\/produkt\/gardeon-pergola-2000-x-2000-mm\/#primaryimage","url":"https:\/\/gardeon.hu\/shop\/wp-content\/uploads\/2023\/09\/gardeon-pergola-5648-PD-3.webp","contentUrl":"https:\/\/gardeon.hu\/shop\/wp-content\/uploads\/2023\/09\/gardeon-pergola-5648-PD-3.webp","width":2000,"height":1333,"caption":"Pergola GARDEON na vyv\u00fd\u0161enej ploche"},{"@type":"BreadcrumbList","@id":"https:\/\/gardeon.hu\/shop\/produkt\/gardeon-pergola-2000-x-2000-mm\/#breadcrumb","itemListElement":[{"@type":"ListItem","position":1,"name":"Online Shop GARDEON","item":"https:\/\/gardeon.at\/shop\/"},{"@type":"ListItem","position":2,"name":"\u00c9p\u00edtkez\u00e9sek megrendel\u00e9sre","item":"https:\/\/gardeon.hu\/shop\/product-category\/epitkezesek-megrendelesre\/"},{"@type":"ListItem","position":3,"name":"GARDEON pergola | 2000 x 2000 mm"}]},{"@type":"WebSite","@id":"https:\/\/gardeon.hu\/shop\/#website","url":"https:\/\/gardeon.hu\/shop\/","name":"Gardeon e-shop","description":"","potentialAction":[{"@type":"SearchAction","target":{"@type":"EntryPoint","urlTemplate":"https:\/\/gardeon.hu\/shop\/?s={search_term_string}"},"query-input":{"@type":"PropertyValueSpecification","valueRequired":true,"valueName":"search_term_string"}}],"inLanguage":"hu"}]}},"pll_sync_post":[],"lang":"hu","translations":{"hu":7016,"sk":5441,"cs":5442,"de-de":5443,"de-at":5444},"_links":{"self":[{"href":"https:\/\/gardeon.hu\/shop\/wp-json\/wp\/v2\/product\/7016","targetHints":{"allow":["GET"]}}],"collection":[{"href":"https:\/\/gardeon.hu\/shop\/wp-json\/wp\/v2\/product"}],"about":[{"href":"https:\/\/gardeon.hu\/shop\/wp-json\/wp\/v2\/types\/product"}],"wp:featuredmedia":[{"embeddable":true,"href":"https:\/\/gardeon.hu\/shop\/wp-json\/wp\/v2\/media\/5445"}],"wp:attachment":[{"href":"https:\/\/gardeon.hu\/shop\/wp-json\/wp\/v2\/media?parent=7016"}],"wp:term":[{"taxonomy":"product_brand","embeddable":true,"href":"https:\/\/gardeon.hu\/shop\/wp-json\/wp\/v2\/product_brand?post=7016"},{"taxonomy":"product_cat","embeddable":true,"href":"https:\/\/gardeon.hu\/shop\/wp-json\/wp\/v2\/product_cat?post=7016"},{"taxonomy":"product_tag","embeddable":true,"href":"https:\/\/gardeon.hu\/shop\/wp-json\/wp\/v2\/product_tag?post=7016"}],"curies":[{"name":"wp","href":"https:\/\/api.w.org\/{rel}","templated":true}]}}